{"id":14112,"date":"2024-12-06T12:46:34","date_gmt":"2024-12-06T11:46:34","guid":{"rendered":"https:\/\/dolcelahulpegifts.be\/?post_type=product&#038;p=14112"},"modified":"2026-01-02T10:50:43","modified_gmt":"2026-01-02T09:50:43","slug":"iconic-spa-membership","status":"publish","type":"product","link":"https:\/\/dolcelahulpegifts.be\/en\/product\/abonnement-iconique-spa\/","title":{"rendered":"Iconic subscription to the Cinq Mondes Spa"},"content":{"rendered":"<h5>An Iconique subscription to the Cinq Mondes Spa entitles you to a host of benefits, including :<\/h5>\n<ul>\n<li>Choosing a care therapist<\/li>\n<li>Subscription renewal offer *<\/li>\n<li>Free double VIP room<\/li>\n<li>2 Traditionnal Hammams offered<\/li>\n<li>15% discount on <a href=\"https:\/\/www.dolcelahulpe.com\/fr\/spa\/menu-des-soins\" target=\"_blank\" rel=\"noopener\">care<\/a> and <a href=\"https:\/\/dolcelahulpegifts.be\/en\/product-category\/shop\/\">products<\/a><\/li>\n<\/ul>\n<p>* When you renew your subscription, Cinq Mondes offers you a product of your choice (excluding the G\u00e9to, Pr\u00e9cieuse, Lumi\u00e8re and Infinit\u00e9 ranges).<\/p>\n<p>Subscription value: \u20ac1150<br \/>\nValid for 1 year,<\/p>\n<p>This subscription is only valid for treatments from Monday to Thursday.<\/p>","protected":false},"excerpt":{"rendered":"<p>The Iconique subscription offers the equivalent of 10 50-minute treatment sessions at the Spa Cinq Mondes at Dolce La Hulpe Brussels, for treatments from Monday to Thursday only.<\/p>","protected":false},"featured_media":14244,"template":"","meta":[],"product_brand":[],"product_cat":[54,113,53,144],"product_tag":[],"class_list":{"0":"post-14112","1":"product","2":"type-product","3":"status-publish","4":"has-post-thumbnail","6":"product_cat-abonnements","7":"product_cat-en-solo","8":"product_cat-experiences-spa","9":"product_cat-spa","11":"first","12":"instock","13":"taxable","14":"shipping-taxable","15":"purchasable","16":"product-type-simple"},"_links":{"self":[{"href":"https:\/\/dolcelahulpegifts.be\/en\/wp-json\/wp\/v2\/product\/14112","targetHints":{"allow":["GET"]}}],"collection":[{"href":"https:\/\/dolcelahulpegifts.be\/en\/wp-json\/wp\/v2\/product"}],"about":[{"href":"https:\/\/dolcelahulpegifts.be\/en\/wp-json\/wp\/v2\/types\/product"}],"version-history":[{"count":8,"href":"https:\/\/dolcelahulpegifts.be\/en\/wp-json\/wp\/v2\/product\/14112\/revisions"}],"predecessor-version":[{"id":18552,"href":"https:\/\/dolcelahulpegifts.be\/en\/wp-json\/wp\/v2\/product\/14112\/revisions\/18552"}],"wp:featuredmedia":[{"embeddable":true,"href":"https:\/\/dolcelahulpegifts.be\/en\/wp-json\/wp\/v2\/media\/14244"}],"wp:attachment":[{"href":"https:\/\/dolcelahulpegifts.be\/en\/wp-json\/wp\/v2\/media?parent=14112"}],"wp:term":[{"taxonomy":"product_brand","embeddable":true,"href":"https:\/\/dolcelahulpegifts.be\/en\/wp-json\/wp\/v2\/product_brand?post=14112"},{"taxonomy":"product_cat","embeddable":true,"href":"https:\/\/dolcelahulpegifts.be\/en\/wp-json\/wp\/v2\/product_cat?post=14112"},{"taxonomy":"product_tag","embeddable":true,"href":"https:\/\/dolcelahulpegifts.be\/en\/wp-json\/wp\/v2\/product_tag?post=14112"}],"curies":[{"name":"wp","href":"https:\/\/api.w.org\/{rel}","templated":true}]}}