{"id":15853,"date":"2025-04-29T17:57:07","date_gmt":"2025-04-29T15:57:07","guid":{"rendered":"https:\/\/dolcelahulpegifts.be\/?post_type=product&#038;p=15853"},"modified":"2025-07-20T15:42:01","modified_gmt":"2025-07-20T13:42:01","slug":"essentials-kit","status":"publish","type":"product","link":"https:\/\/dolcelahulpegifts.be\/en\/product\/trousse-des-essentiels\/","title":{"rendered":"Essentials kit"},"content":{"rendered":"<p>(Re) d\u00e9couvrez l\u2019iconique Trousse des Essentiels Cinq Mondes avec cinq produits best seller de la marque en format voyage. Votre trousse se compose :<\/p>\n<ul>\n<li><a href=\"https:\/\/dolcelahulpegifts.be\/fr\/product\/eau-micellaire-aux-cinq-fleurs\/\">Eau Micellaire Aux 5 Fleurs<\/a>\u00ae (Visage) 25mL : Une eau micellaire aux fleurs tropicales de Bali certifi\u00e9e bio qui nettoie visage, yeux et d\u00e9collet\u00e9. D\u00e9maquille et tonifie en un seul geste.<\/li>\n<li><a href=\"https:\/\/dolcelahulpegifts.be\/fr\/product\/essence-preprobiotique\/\">Essence [Pr\u00e9+Pro]biotique\u00ae<\/a> (Visage) 25mL : Le S\u00e9rum-en-Eau qui gorge la peau d\u2019hydratation et pr\u00e9vient le vieillissement pr\u00e9matur\u00e9.<\/li>\n<li><a href=\"https:\/\/dolcelahulpegifts.be\/fr\/product\/creme-confort-intense\/\">Cr\u00e8me Confort Intense\u00ae<\/a> (Visage) 20mL : Une cr\u00e8me SOS nourrissante et r\u00e9paratrice pour les peaux s\u00e8ches et ab\u00eem\u00e9es.<\/li>\n<li><a href=\"https:\/\/dolcelahulpegifts.be\/fr\/product\/puree-de-papaye\/\">Pur\u00e9e de Papaye\u00ae<\/a> (Corps) 30mL : Une douche 2-en-1 quotidienne pour nettoyer et exfolier la peau en douceur et tout en stimulant les sens.<\/li>\n<li>Baume aux Trois Huiles Ayurv\u00e9diques\u00ae (Corps) 30mL : Ce baume hydratant non gras allie un cocktail d&rsquo;huiles v\u00e9g\u00e9tales de Neem, S\u00e9same et Boswellia aux propri\u00e9t\u00e9s r\u00e9g\u00e9n\u00e9rantes.<\/li>\n<\/ul>\n<p>INGREDIENTS :<br \/>\nPur\u00e9e De Papaye\u00ae 30mL : Aqua (Water) \/ Eau, Glycerin, Decyl Glucoside, Cetearyl Alcohol, Zea Mays (Corn) Starch, Disodium Lauryl Sulfosuccinate, Sodium Cocoyl Isethionate, Cocamidopropyl Betaine, Prunus Armeniaca (Apricot) Seed Powder, Parfum (Fragrance), Hydrogenated Castor Oil, Sodium Cocoyl Apple Amino Acids, Diatomaceous Earth, Carica Papaya (Papaya) Fruit Extract*, Cocos Nucifera (Coconut) Fruit Extract, Coconut Acid, Kaolin, Hexylene Glycol, Xanthan Gum, Tetrasodium Glutamate Diacetate, Disodium Edta, Benzyl Alcohol, Sodium Benzoate, Dehydroacetic Acid, Sodium Chloride, Ci 77491 (Iron Oxides), Ci 77891 (Titanium Dioxide), Geraniol, Citral, Limonene, Citronellol. *Ingr\u00e9dients issus de l\u2019agriculture biologique \/ Ingredients from organic farming.<\/p>\n<p>Cr\u00e8me Confort Intense\u00ae 20mL : Aqua (Water) \/ Eau, Caprylic\/Capric Triglyceride, Sesamum Indicum (Sesame) Seed Oil, Octyldodecanol, Glycerin, Persea Gratissima (Avocado) Oil, Squalane, Cetyl Alcohol, Glyceryl Stearate, Peg-75 Stearate, Mel Extract (Honey Extract) \/ Extrait De Miel, Commiphora Abyssinica Resin Extract, Sodium Hyaluronate, Rosmarinus Officinalis (Rosemary) Leaf Extract, Helianthus Annuus (Sunflower) Seed Oil, Trehalose, Xanthan Gum, Carbomer, Acacia Senegal Gum, Ceteth-20, Steareth-20, Pullulan, 1,2-Hexanediol, Caprylyl Glycol, Sorbitol, Ethylhexylglycerin, Parfum (Fragrance), Disodium Edta, Tocopherol, Tocopheryl Acetate, Potassium Sorbate, Sodium Benzoate, Chlorphenesin, Citric Acid, Sodium Hydroxide, Santalum Album (Sandalwood) Oil, Santalol, Eugenia Caryophyllus Oil, Eugenol, Pinene.<\/p>\n<p>Eau Micellaire aux 5 Fleurs\u00ae 25ml : Aqua (Water) \/ Eau, Citrus Limon (Lemon) Fruit Extract*, Glycerin, Sodium Citrate, Polyglyceryl-4 Caprate, Polyglyceryl-6 Caprylate, Cananga Odorata Oil\/Extract, Plumeria Rubra Flower Extract, Nelumbo Nucifera Flower Extract*, Gardenia Jasminoides Fruit Extract, Hibiscus Sabdariffa Flower Extract, Calcium Gluconate, Gluconolactone, Parfum (Fragrance), Sodium Benzoate, Citric Acid, Sodium Hydroxide, Potassium Sorbate, Benzyl Alcohol, Limonene, Citrus Aurantium Peel Oil. *Ingr\u00e9dients issus de l\u2019agriculture biologique \/ Ingredients from organic farming.<\/p>\n<p>Baume aux Trois Huiles Ayurv\u00e9diques\u00ae 30mL : Aqua (Water) \/ Eau, Sesamum Indicum (Sesame) Seed Oil, Propylene Glycol Dicaprylate\/Dicaprate, Helianthus Annuus (Sunflower) Seed Oil, Hydroxyethyl Acrylate\/Sodium Acryloyldimethyl Taurate Copolymer, Parfum (Fragrance), Calophyllum Inophyllum Seed Oil, Plantago Ovata Leaf Extract, Boswellia Serrata Extract, Sodium Hyaluronate, Melia Azadirachta Seed Oil, Sodium Hydroxide, Caprylic\/Capric Triglyceride, Polysorbate 60, Sorbitan Isostearate, O-Cymen-5-Ol, Tocopheryl Acetate, Chlorphenesin, Disodium Edta, Limonene, Citrus Limon (Lemon) Peel Oil, Linalool, Linalyl Acetate, Juniperus Virginiana Oil, Pinene, Hydroxycitronellal, Santalum Album (Sandalwood) Oil, Santalol, Citral, Geranyl Acetate, Carvone, Mentha Viridis (Spearmint) Leaf Oil, Citrus Aurantium Peel Oil, Beta-Caryophyllene, Terpinolene, Myroxylon Pereirae Oil\/Extract, Benzyl Benzoate, Vanillin, Cinnamomum Zeylanicum Bark Oil, Terpineol.<\/p>\n<p>Essence [Pr\u00e9+Pro]biotique \u00ae 25mL : Aqua (Water) \/ Eau, Propanediol, Pentylene Glycol, Maltooligosyl Glucoside, Glycerin, Imperata Cylindrica Root Extract, Hydrogenated Starch Hydrolysate, Terminalia Ferdinandiana Fruit Extract, Angelica Archangelica Root Extract, Nelumbo Nucifera Flower Extract, Panax Ginseng Root Extract, Sophora Japonica Flower Extract, Sodium Hyaluronate, Lactobacillus Ferment Lysate, Caprylyl Glycol, Biotin, Xanthan Gum, Carbomer, Acrylates\/C10-30 Alkyl Acrylate Crosspolymer, Propylene Glycol, Parfum (Fragrance), Sodium Citrate, Benzoic Acid, Potassium Sorbate, Sodium Benzoate, Citric Acid, Sodium Hydroxide, Linalool, Limonene, Citronellol.<\/p>\n","protected":false},"excerpt":{"rendered":"<p>Une exp\u00e9rience immersive unique \u00e0 travers diff\u00e9rents produits, o\u00f9 sensorialit\u00e9 et efficacit\u00e9 promettent une beaut\u00e9 holistique. Cinq Mondes a imagin\u00e9 pour vous une trousse visage et corps avec les essentiels \u00e0 emporter facilement !<br \/>\nCette trousse contient : Une Eau Micellaire aux 5 Fleurs\u00ae 25mL, une Essence [Pr\u00e9+Pro]biotique\u00ae 25mL, une Cr\u00e8me Confort Intense\u00ae 20mL, une Pur\u00e9e de Papaye\u00ae 30mL et un Baume aux Trois Huiles\u00ae 30mL<\/p>\n","protected":false},"featured_media":15858,"template":"","meta":[],"product_brand":[],"product_cat":[106,56,103,113,15,115,101],"product_tag":[],"class_list":{"0":"post-15853","1":"product","2":"type-product","3":"status-publish","4":"has-post-thumbnail","6":"product_cat-boutique","7":"product_cat-coffrets","8":"product_cat-produits-corps-cinq-mondes","9":"product_cat-en-solo","10":"product_cat-non-classee","11":"product_cat-cadeaux-dentreprise","12":"product_cat-visage","14":"first","15":"instock","16":"taxable","17":"shipping-taxable","18":"purchasable","19":"product-type-simple"},"_links":{"self":[{"href":"https:\/\/dolcelahulpegifts.be\/en\/wp-json\/wp\/v2\/product\/15853","targetHints":{"allow":["GET"]}}],"collection":[{"href":"https:\/\/dolcelahulpegifts.be\/en\/wp-json\/wp\/v2\/product"}],"about":[{"href":"https:\/\/dolcelahulpegifts.be\/en\/wp-json\/wp\/v2\/types\/product"}],"version-history":[{"count":4,"href":"https:\/\/dolcelahulpegifts.be\/en\/wp-json\/wp\/v2\/product\/15853\/revisions"}],"predecessor-version":[{"id":16560,"href":"https:\/\/dolcelahulpegifts.be\/en\/wp-json\/wp\/v2\/product\/15853\/revisions\/16560"}],"wp:featuredmedia":[{"embeddable":true,"href":"https:\/\/dolcelahulpegifts.be\/en\/wp-json\/wp\/v2\/media\/15858"}],"wp:attachment":[{"href":"https:\/\/dolcelahulpegifts.be\/en\/wp-json\/wp\/v2\/media?parent=15853"}],"wp:term":[{"taxonomy":"product_brand","embeddable":true,"href":"https:\/\/dolcelahulpegifts.be\/en\/wp-json\/wp\/v2\/product_brand?post=15853"},{"taxonomy":"product_cat","embeddable":true,"href":"https:\/\/dolcelahulpegifts.be\/en\/wp-json\/wp\/v2\/product_cat?post=15853"},{"taxonomy":"product_tag","embeddable":true,"href":"https:\/\/dolcelahulpegifts.be\/en\/wp-json\/wp\/v2\/product_tag?post=15853"}],"curies":[{"name":"wp","href":"https:\/\/api.w.org\/{rel}","templated":true}]}}