{"id":2259,"date":"2022-05-25T10:33:46","date_gmt":"2022-05-25T08:33:46","guid":{"rendered":"https:\/\/dolcelahulpegifts.duckdns.org\/?post_type=product&#038;p=2259"},"modified":"2026-01-06T14:37:42","modified_gmt":"2026-01-06T13:37:42","slug":"sublime-light-serum","status":"publish","type":"product","link":"https:\/\/dolcelahulpegifts.be\/en\/product\/serum-lumiere-sublime\/","title":{"rendered":"Sublime Light Serum (30ml)"},"content":{"rendered":"<div class=\"col-sm-6\">\n<div class=\"cms-content cms-view-more-content ivoire-gd cms-collapsed\">\n<p style=\"text-align: left;\">THE ART OF PORCELAIN SKIN OF JAPANESE WOMEN<\/p>\n<p>Cinq Mondes Laboratories have formulated S\u00e9rum Lumi\u00e8re Sublime\u00ae, a triple-action treatment for:<\/p>\n<p>\u2013 Combat pigmentation spots and prevent their appearance thanks to the effectiveness of a unique Magnolia &amp; Licorice complex.<\/p>\n<p>\u2013 Reveal your complexion's radiance by treating it to a natural cocktail of vitamins (B, C, E and P) and fatty acids (Omega 9).<\/p>\n<p>\u2013 Protect skin cells from UV rays with an innovative, patented anti-ageing shield that activates the skin's natural defences.<\/p>\n<p style=\"text-align: left;\"><strong>Directions for use<\/strong> Morning and evening, apply 3 drops all over the face or locally to the areas to be treated (hands, d\u00e9collet\u00e9). Then gently massage in a dab of Cr\u00e8me Lumi\u00e8re Sublime\u00ae to increase the serum's radiance and anti-dark spot benefits tenfold.<\/p>\n<p style=\"text-align: left;\"><strong>Ingredients<\/strong> : Aqua (Water) \/ Eau, Glycerin, Alcohol Denat.., Propanediol, 3-O-Ethyl Ascorbic Acid, Polyglyceryl-10 Laurate, Imperata Cylindrica Root Extract, Sodium Polyacrylate, Camellia Japonica Flower Extract, Parfum (Fragrance), Chlorphenesin, Tocopherol, Lecithin, Butylene Glycol, Sodium Hyaluronate, Glycyrrhizic Acid, O-Cymen-5-Ol, Glycyrrhiza Glabra (Licorice) Root Oil, Helianthus Annuus (Sunflower) Seed Oil, Propylene Glycol, Magnolia Officinalis Bark Extract, Lycium Chinense Fruit Extract, Caprylyl Glycol, Carbomer, Polydatin Glucoside, Tetrapeptide-30, Acrylates\/C10-30 Alkyl Acrylate Crosspolymer, Sophora Japonica Flower Extract, Tetramethyl Acetyloctahydronaphthalenes, Alpha-Isomethyl Ionone, Limonene.<\/p>\n<\/div>\n<\/div>","protected":false},"excerpt":{"rendered":"<div class=\"product-desc\">\n<div class=\"cms-content cms-view-more-content\">\n<div class=\"product attribute overview\">\n<div class=\"value\">A Serum containing an innovative complex of Magnolia Kobus extract and Liquorice root to effectively combat spots and dullness.<\/div>\n<\/div>\n<\/div>\n<\/div>\n<div class=\"attribut-list skin-type\">\n<div class=\"label\">SKIN TYPE: All skin types<\/div>\n<\/div>","protected":false},"featured_media":3121,"template":"","meta":[],"product_brand":[],"product_cat":[101],"product_tag":[],"class_list":{"0":"post-2259","1":"product","2":"type-product","3":"status-publish","4":"has-post-thumbnail","6":"product_cat-visage","8":"first","9":"instock","10":"taxable","11":"shipping-taxable","12":"purchasable","13":"product-type-simple"},"_links":{"self":[{"href":"https:\/\/dolcelahulpegifts.be\/en\/wp-json\/wp\/v2\/product\/2259","targetHints":{"allow":["GET"]}}],"collection":[{"href":"https:\/\/dolcelahulpegifts.be\/en\/wp-json\/wp\/v2\/product"}],"about":[{"href":"https:\/\/dolcelahulpegifts.be\/en\/wp-json\/wp\/v2\/types\/product"}],"version-history":[{"count":4,"href":"https:\/\/dolcelahulpegifts.be\/en\/wp-json\/wp\/v2\/product\/2259\/revisions"}],"predecessor-version":[{"id":18591,"href":"https:\/\/dolcelahulpegifts.be\/en\/wp-json\/wp\/v2\/product\/2259\/revisions\/18591"}],"wp:featuredmedia":[{"embeddable":true,"href":"https:\/\/dolcelahulpegifts.be\/en\/wp-json\/wp\/v2\/media\/3121"}],"wp:attachment":[{"href":"https:\/\/dolcelahulpegifts.be\/en\/wp-json\/wp\/v2\/media?parent=2259"}],"wp:term":[{"taxonomy":"product_brand","embeddable":true,"href":"https:\/\/dolcelahulpegifts.be\/en\/wp-json\/wp\/v2\/product_brand?post=2259"},{"taxonomy":"product_cat","embeddable":true,"href":"https:\/\/dolcelahulpegifts.be\/en\/wp-json\/wp\/v2\/product_cat?post=2259"},{"taxonomy":"product_tag","embeddable":true,"href":"https:\/\/dolcelahulpegifts.be\/en\/wp-json\/wp\/v2\/product_tag?post=2259"}],"curies":[{"name":"wp","href":"https:\/\/api.w.org\/{rel}","templated":true}]}}