{"id":3092,"date":"2022-06-03T15:54:56","date_gmt":"2022-06-03T13:54:56","guid":{"rendered":"https:\/\/dolcelahulpegifts.duckdns.org\/?post_type=product&#038;p=3092"},"modified":"2026-01-02T10:52:30","modified_gmt":"2026-01-02T09:52:30","slug":"celestial-subscription-to-the-cinq-mondes-spa","status":"publish","type":"product","link":"https:\/\/dolcelahulpegifts.be\/en\/product\/abonnement-celeste-au-spa-cinq-mondes\/","title":{"rendered":"Celestial Subscription to the Cinq Mondes Spa"},"content":{"rendered":"<h6>The C\u00e9leste subscription to the Cinq Mondes Spa entitles you to a number of advantages such as<\/h6>\n<ul>\n<li>Choosing a care therapist<\/li>\n<li>Free double VIP room<\/li>\n<li>5 Traditionnal Hammams offered<\/li>\n<li>15% discount on <a href=\"https:\/\/www.dolcelahulpe.com\/fr\/spa\/menu-des-soins\" target=\"_blank\" rel=\"noopener\">care<\/a> and <a href=\"https:\/\/dolcelahulpegifts.be\/en\/product-category\/shop\/\">products<\/a><\/li>\n<li>Subscription renewal and sponsorship offer*.<\/li>\n<\/ul>\n<p>* Cinq Mondes offers you a product of your choice (excluding the G\u00e9to, Pr\u00e9cieuse, Lumi\u00e8re and Infinit\u00e9 ranges) when you renew your subscription or sponsor a new member for a Spa C\u00e9leste subscription.<\/p>\n<p>Subscription value: \u20ac2,300<br \/>\nValidity: 1 year<\/p>\n<p>&nbsp;<\/p>\n<p>The choice of package is final and cannot be changed during the subscription period. This subscription is valid for 1 year from the date of purchase and only at the Spa Cinq Mondes du Dolce La Hulpe Brussels. This subscription will be cancelled automatically at the end of the contractual period. Non-use of the services offered does not entitle the subscriber to any cancellation, extension or reimbursement, whether partial or total, or to any other compensation.<br \/>\ncompensation of any kind whatsoever, except under the following conditions: in the event of serious illness or accident, or pregnancy, the subscriber may obtain an extension of their subscription (up to a limit of half the duration of the medical leave).<\/p>\n<p>&nbsp;<\/p>","protected":false},"excerpt":{"rendered":"<p>The Celestial subscription to the Cinq Mondes Spa offers the equivalent of 20 sessions of 50 minutes of treatment at the Cinq Mondes Spa at Dolce La Hulpe Brussels, open 7 days a week.<\/p>","protected":false},"featured_media":14209,"template":"","meta":[],"product_brand":[],"product_cat":[54,113,53,144],"product_tag":[],"class_list":{"0":"post-3092","1":"product","2":"type-product","3":"status-publish","4":"has-post-thumbnail","6":"product_cat-abonnements","7":"product_cat-en-solo","8":"product_cat-experiences-spa","9":"product_cat-spa","11":"first","12":"instock","13":"sold-individually","14":"taxable","15":"shipping-taxable","16":"purchasable","17":"product-type-variable","18":"has-default-attributes"},"_links":{"self":[{"href":"https:\/\/dolcelahulpegifts.be\/en\/wp-json\/wp\/v2\/product\/3092","targetHints":{"allow":["GET"]}}],"collection":[{"href":"https:\/\/dolcelahulpegifts.be\/en\/wp-json\/wp\/v2\/product"}],"about":[{"href":"https:\/\/dolcelahulpegifts.be\/en\/wp-json\/wp\/v2\/types\/product"}],"version-history":[{"count":3,"href":"https:\/\/dolcelahulpegifts.be\/en\/wp-json\/wp\/v2\/product\/3092\/revisions"}],"predecessor-version":[{"id":18553,"href":"https:\/\/dolcelahulpegifts.be\/en\/wp-json\/wp\/v2\/product\/3092\/revisions\/18553"}],"wp:featuredmedia":[{"embeddable":true,"href":"https:\/\/dolcelahulpegifts.be\/en\/wp-json\/wp\/v2\/media\/14209"}],"wp:attachment":[{"href":"https:\/\/dolcelahulpegifts.be\/en\/wp-json\/wp\/v2\/media?parent=3092"}],"wp:term":[{"taxonomy":"product_brand","embeddable":true,"href":"https:\/\/dolcelahulpegifts.be\/en\/wp-json\/wp\/v2\/product_brand?post=3092"},{"taxonomy":"product_cat","embeddable":true,"href":"https:\/\/dolcelahulpegifts.be\/en\/wp-json\/wp\/v2\/product_cat?post=3092"},{"taxonomy":"product_tag","embeddable":true,"href":"https:\/\/dolcelahulpegifts.be\/en\/wp-json\/wp\/v2\/product_tag?post=3092"}],"curies":[{"name":"wp","href":"https:\/\/api.w.org\/{rel}","templated":true}]}}