{"id":3138,"date":"2022-06-08T17:48:32","date_gmt":"2022-06-08T15:48:32","guid":{"rendered":"https:\/\/dolcelahulpegifts.duckdns.org\/?post_type=product&#038;p=3138"},"modified":"2026-01-06T14:38:15","modified_gmt":"2026-01-06T13:38:15","slug":"geto-supreme-the-cream","status":"publish","type":"product","link":"https:\/\/dolcelahulpegifts.be\/en\/product\/geto-supreme-la-creme\/","title":{"rendered":"G\u00e9to Supr\u00eame La Cr\u00e8me (50ml)"},"content":{"rendered":"<p style=\"text-align: left;\">An exceptional all-round anti-ageing treatment, G\u00e9to Supr\u00eame La Cr\u00e8me has the rare ability to act on all the signs of ageing, acting as effectively in prevention, as soon as the first wrinkles appear, as it does in correction for more mature skin.<\/p>\n<p>This feat is based on a synergy of active ingredients:<br \/>\nOrganic Beto extract combined with a duo of biomimetic peptides, which deeply regenerate and firm the skin.<br \/>\nFibroin, a protein extracted from natural silk by an enzymatic process which, in addition to its soothing and antioxidant properties, brightens the complexion.<\/p>\n<p>The skin is moisturised and plumped, and regains its firmness. The complexion is luminous and even.<\/p>\n<p>The generous, creamy texture of G\u00e9to Supr\u00eame La Cr\u00e8me melts immediately into the skin, releasing the active ingredients of this exceptional regenerating treatment. It leaves the skin feeling deeply comfortable, with a velvety soft finish and no oily film.<\/p>\n<p style=\"text-align: left;\"><strong>Directions for use<\/strong> Apply morning and night to the face and neck, using the Ridoki, a massage accessory renowned for its effectiveness, available with G\u00e9to Supr\u00eame La Cr\u00e8me.<br \/>\n1. Using the spatula side of the Ridoki, smooth: the neck from bottom to top, the sides of the face from the corner of the lips to the ears.<br \/>\n2. Using the round side of the Ridoki, make circular movements along the wrinkles and fine lines of the forehead and nasolabial fold to soften them.<\/p>\n<p style=\"text-align: left;\"><strong>Ingredients<\/strong> : Aqua (Water) \/ Eau, Glycerin, Myristyl Lactate, Myristyl Myristate, Stearyl Heptanoate,<br \/>\nHydrolyzed Yeast Extract, Arachidyl Alcohol, Propanediol, Stearyl Caprylate, Behenyl Alcohol, 1,2-Hexanediol, Alpinia Speciosa Leaf Extract, Palmitoyl Tripeptide-1, Palmitoyl Tetrapeptide-7, Fibroin, Sodium Hyaluronate, Polyglucuronic Acid, Undaria Pinnatifida Extract, Lecithin, Caprylic\/Capric Triglyceride, Arachidyl Glucoside, Sodium Lactate, Carbomer, Cetyl Hydroxyethylcellulose, Butylene Glycol, Parfum (Fragrance), Chlorphenesin, Sodium Benzoate, Potassium Sorbate, 3-O-Ethyl Ascorbic Acid, Lactic Acid, Sodium Hydroxide, Polysorbate 20, O-Cymen-5-Ol, Tetramethyl Acetyloctahydronaphthalenes, Benzyl Salicylate, Hydroxycitronellal, Linalool.<\/p>","protected":false},"excerpt":{"rendered":"<div class=\"product-desc\">\n<div class=\"cms-content cms-view-more-content\">\n<div class=\"product attribute overview\">\n<div class=\"value\">An exceptional patented global anti-ageing treatment with Okinawa Beto extract, the ultimate source of cell regeneration. From the very first use, skin is plumped, more toned and more supple*.<\/div>\n<\/div>\n<\/div>\n<\/div>\n<div class=\"attribut-list skin-type\">\n<div class=\"label\">SKIN TYPE: All skin types<\/div>\n<\/div>\n<div class=\"attribut-list concerns\">\n<div class=\"label\">CONCERNS: Loss of firmness<\/div>\n<\/div>","protected":false},"featured_media":3139,"template":"","meta":[],"product_brand":[],"product_cat":[101],"product_tag":[],"class_list":{"0":"post-3138","1":"product","2":"type-product","3":"status-publish","4":"has-post-thumbnail","6":"product_cat-visage","8":"first","9":"instock","10":"taxable","11":"shipping-taxable","12":"purchasable","13":"product-type-simple"},"_links":{"self":[{"href":"https:\/\/dolcelahulpegifts.be\/en\/wp-json\/wp\/v2\/product\/3138","targetHints":{"allow":["GET"]}}],"collection":[{"href":"https:\/\/dolcelahulpegifts.be\/en\/wp-json\/wp\/v2\/product"}],"about":[{"href":"https:\/\/dolcelahulpegifts.be\/en\/wp-json\/wp\/v2\/types\/product"}],"version-history":[{"count":5,"href":"https:\/\/dolcelahulpegifts.be\/en\/wp-json\/wp\/v2\/product\/3138\/revisions"}],"predecessor-version":[{"id":18592,"href":"https:\/\/dolcelahulpegifts.be\/en\/wp-json\/wp\/v2\/product\/3138\/revisions\/18592"}],"wp:featuredmedia":[{"embeddable":true,"href":"https:\/\/dolcelahulpegifts.be\/en\/wp-json\/wp\/v2\/media\/3139"}],"wp:attachment":[{"href":"https:\/\/dolcelahulpegifts.be\/en\/wp-json\/wp\/v2\/media?parent=3138"}],"wp:term":[{"taxonomy":"product_brand","embeddable":true,"href":"https:\/\/dolcelahulpegifts.be\/en\/wp-json\/wp\/v2\/product_brand?post=3138"},{"taxonomy":"product_cat","embeddable":true,"href":"https:\/\/dolcelahulpegifts.be\/en\/wp-json\/wp\/v2\/product_cat?post=3138"},{"taxonomy":"product_tag","embeddable":true,"href":"https:\/\/dolcelahulpegifts.be\/en\/wp-json\/wp\/v2\/product_tag?post=3138"}],"curies":[{"name":"wp","href":"https:\/\/api.w.org\/{rel}","templated":true}]}}