{"id":3142,"date":"2022-06-08T17:47:32","date_gmt":"2022-06-08T15:47:32","guid":{"rendered":"https:\/\/dolcelahulpegifts.duckdns.org\/?post_type=product&#038;p=3142"},"modified":"2026-02-06T13:51:00","modified_gmt":"2026-02-06T12:51:00","slug":"geto-supreme-the-eye-and-lip-contour","status":"publish","type":"product","link":"https:\/\/dolcelahulpegifts.be\/en\/product\/geto-supreme-le-contour-yeux-et-levres\/","title":{"rendered":"G\u00e9to Supr\u00eame Eye and Lip Contour"},"content":{"rendered":"<h4 style=\"text-align: left;\">G\u00e9to Supr\u00eame Eye and Lip Contour (30ml)<\/h4>\n<p style=\"text-align: left;\">Incorporating the quintessence of discoveries related to Okinawa's Geto, Geto Supreme Eye and Lip Contour is an exceptional comprehensive treatment for the delicate and fragile areas of the face.<\/p>\n<p>Thanks to an optimal combination of active ingredients, it acts both preventively and correctively for:<br \/>\nFirm and regenerate with organic G\u00e9to extract, combined with the duo of biomimetic peptides that characterise the G\u00e9to Supr\u00eame range.<\/p>\n<p>Reduce puffiness with silk tree bark extract, which strengthens the microvascular network and stimulates detoxification systems. This decongestant action is combined with an anti-fatigue effect.<\/p>\n<p>Eliminate dark circles under the eyes with chrysin. This flavonoid stimulates the elimination of bilirubin, the pigment responsible for dark circles.<\/p>\n<p>Signs of ageing on fragile areas of the face are reduced. Dark circles and puffiness are visibly diminished. The eyes appear refreshed. The soft, fine texture of G\u00e9to Supr\u00eame Eye and Lip Contour is optimised for the most fragile and delicate areas of the face.<\/p>\n<p style=\"text-align: left;\"><strong>Directions for use<\/strong> :<\/p>\n<div class=\"col-sm-6\">\n<div class=\"cms-content cms-view-more-content ivoire-gd\">\n<p style=\"text-align: left;\">Apply morning and evening to the eye and lip contours, taking advantage of the benefits of a professional massage accessory.<br \/>\n1. Apply from the inner corner of the eye towards the outer corner. Smooth in until absorbed.<br \/>\n2. Roll the applicator over the lip contour. Massage in using smoothing or draining pressure until the product is absorbed.<\/p>\n<p style=\"text-align: left;\"><strong>Ingredients<\/strong> : Aqua (Water) \/ Eau, Glycerin, Butyrospermum Parkii (Shea) Butter, Coco-Caprylate\/Caprate, Cellulose, Macadamia Integrifolia Seed Oil, 1,2-Hexanediol, Sodium Acrylates Copolymer, Alpinia Speciosa Leaf Extract, Palmitoyl Tripeptide-1, Palmitoyl Tetrapeptide-7, Albizia Julibrissin Bark Extract, Chrysin, Sigesbeckia Orientalis Extract, Biotin, N-Hydroxysuccinimide, Lecithin, Propanediol, Sodium Stearoyl Glutamate, Steareth-20, Sodium Lactate, Carbomer, Butylene Glycol, Sodium Dehydroacetate, Tocopherol, Sodium Benzoate, Potassium Sorbate, Chlorhexidine Digluconate, Citric Acid, Sodium Hydroxide, Sodium Citrate, Polysorbate 20.<\/p>\n<p>Discover the other products in the range<\/p>\n<ul>\n<li><a href=\"https:\/\/dolcelahulpegifts.be\/en\/product\/kyoto-case\/\">Geto box set<\/a><\/li>\n<li><a href=\"https:\/\/dolcelahulpegifts.be\/en\/product\/geto-supreme-the-serum\/\">Geto Supreme Serum<\/a><\/li>\n<li><a href=\"https:\/\/dolcelahulpegifts.be\/en\/product\/geto-supreme-the-cream\/\">The ultimate Geto cream<\/a><\/li>\n<\/ul>\n<\/div>\n<\/div>","protected":false},"excerpt":{"rendered":"<div class=\"product-desc\">\n<div class=\"cms-content cms-view-more-content cms-collapsed\">\n<div class=\"product attribute overview\">\n<div class=\"value\">\n<p>An exceptional all-round treatment for the delicate, fragile areas of the face. Its three aluminium beads provide an immediate cooling effect, boosting the effectiveness of the treatment to reduce dark circles, puffiness and wrinkles around the eyes and redefine the lip contour.<\/p>\n<p><b>Do not use if you are pregnant or breast-feeding.<\/b><\/p>\n<\/div>\n<\/div>\n<\/div>\n<\/div>\n<div class=\"attribut-list skin-type\">\n<div class=\"label\">SKIN TYPE: All skin types<\/div>\n<\/div>\n<div class=\"attribut-list concerns\">\n<div class=\"label\">CONCERNS: Fatigue marks, Loss of firmness<\/div>\n<\/div>","protected":false},"featured_media":11785,"template":"","meta":[],"product_brand":[],"product_cat":[101],"product_tag":[],"class_list":{"0":"post-3142","1":"product","2":"type-product","3":"status-publish","4":"has-post-thumbnail","6":"product_cat-visage","8":"first","9":"instock","10":"featured","11":"taxable","12":"shipping-taxable","13":"purchasable","14":"product-type-simple"},"_links":{"self":[{"href":"https:\/\/dolcelahulpegifts.be\/en\/wp-json\/wp\/v2\/product\/3142","targetHints":{"allow":["GET"]}}],"collection":[{"href":"https:\/\/dolcelahulpegifts.be\/en\/wp-json\/wp\/v2\/product"}],"about":[{"href":"https:\/\/dolcelahulpegifts.be\/en\/wp-json\/wp\/v2\/types\/product"}],"version-history":[{"count":6,"href":"https:\/\/dolcelahulpegifts.be\/en\/wp-json\/wp\/v2\/product\/3142\/revisions"}],"predecessor-version":[{"id":18814,"href":"https:\/\/dolcelahulpegifts.be\/en\/wp-json\/wp\/v2\/product\/3142\/revisions\/18814"}],"wp:featuredmedia":[{"embeddable":true,"href":"https:\/\/dolcelahulpegifts.be\/en\/wp-json\/wp\/v2\/media\/11785"}],"wp:attachment":[{"href":"https:\/\/dolcelahulpegifts.be\/en\/wp-json\/wp\/v2\/media?parent=3142"}],"wp:term":[{"taxonomy":"product_brand","embeddable":true,"href":"https:\/\/dolcelahulpegifts.be\/en\/wp-json\/wp\/v2\/product_brand?post=3142"},{"taxonomy":"product_cat","embeddable":true,"href":"https:\/\/dolcelahulpegifts.be\/en\/wp-json\/wp\/v2\/product_cat?post=3142"},{"taxonomy":"product_tag","embeddable":true,"href":"https:\/\/dolcelahulpegifts.be\/en\/wp-json\/wp\/v2\/product_tag?post=3142"}],"curies":[{"name":"wp","href":"https:\/\/api.w.org\/{rel}","templated":true}]}}