{"id":3196,"date":"2022-06-08T17:39:23","date_gmt":"2022-06-08T15:39:23","guid":{"rendered":"https:\/\/dolcelahulpegifts.duckdns.org\/?post_type=product&#038;p=3196"},"modified":"2026-01-06T14:38:56","modified_gmt":"2026-01-06T13:38:56","slug":"geto-supreme-the-serum","status":"publish","type":"product","link":"https:\/\/dolcelahulpegifts.be\/en\/product\/geto-supreme-le-serum\/","title":{"rendered":"G\u00e9to Supr\u00eame Le S\u00e9rum (30ml)"},"content":{"rendered":"<p style=\"text-align: left;\">With a maximum concentration of organic G\u00e9to extract, G\u00e9to Supr\u00eame Le S\u00e9rum is much more than a serum: it is an anti-ageing treatment that prevents and combats all signs of ageing on the face and neck.<br \/>\nIts strength? An exceptional combination of active ingredients:<br \/>\nHighly concentrated organic Geto extract, combined with a duo of biomimetic peptides to regenerate and firm the skin.<br \/>\nAn exclusive hyalu complex active ingredient, combining high molecular weight hyaluronic acid and glucuronic acid, both of which are plant-based and naturally present in the skin, but whose production decreases over time. The former remains on the surface to maintain skin hydration and smooth out wrinkles and fine lines. The latter acts deep down to stimulate hyaluronic acid production.<br \/>\nThe skin, fully hydrated, regains its elasticity. It is firmer and regenerated. Wrinkles and fine lines are smoothed. The complexion is fresh and radiant.<br \/>\nThanks to its milky macro-emulsion texture, G\u00e9to Supr\u00eame Le S\u00e9rum transforms into a non-greasy oil upon contact with the skin. The droplets, containing the active ingredients, blend perfectly with the skin. Nourishing yet light, it leaves a soft and velvety finish.<\/p>\n<p style=\"text-align: left;\"><strong>Directions for use<\/strong> Thanks to its exceptional concentration of G\u00e9to Bio extract and its high penetrating power, a single dose is enough for immediate, deep action. Apply G\u00e9to Supr\u00eame Le S\u00e9rum morning and\/or evening to thoroughly cleansed skin to start your beauty routine.<\/p>\n<p>1. Apply the serum thoroughly to the face and neck. Use twisting motions, starting at the bottom of the neck and working up to the top of the forehead.<br \/>\n2. Perform Kyoku-te tapping on each side of the face (this consists of light taps, alternating hands and moving upwards from the chin to the cheeks).<br \/>\n3. At the level of the frown line, make alternating zigzag movements with your index fingers, moving upwards to the top of the forehead.<\/p>\n<p>Apply G\u00e9to Supr\u00eame Le S\u00e9rum in the morning and\/or evening to thoroughly cleansed skin to begin your beauty routine.<\/p>\n<p style=\"text-align: left;\"><strong>Ingredients<\/strong> : Aqua (Water) \/ Eau, Dicaprylyl Carbonate, Coco-Caprylate\/Caprate, Butyrospermum Parkii (Shea) Butter, Glycerin, Propanediol, Hydrolyzed Yeast Extract, Cetearyl Alcohol, Microcrystalline Cellulose, Alpinia Speciosa Leaf Extract, Palmitoyl Tripeptide-1, Palmitoyltetrapeptide-7, Sodium Hyaluronate, Polyglucuronic Acid, Fibroin, Undaria Pinnatifida Extract, Lecithin, Caprylic\/Capric Triglyceride, 1,2-Hexanediol, Sorbitan Caprylate, Sodium Stearoyl Glutamate, Sodium Lactate, Carbomer, Cellulose Gum, Cetyl Hydroxyethylcellulose, Xanthan Gum, Butylene Glycol, Parfum (Fragrance), Tocopherol, Sodium Benzoate, Potassium Sorbate, Benzoic Acid, Lactic Acid, Citric Acid, Polysorbate 20, Tetramethyl Acetyloctahydronaphthalenes, Benzyl Salicylate, Hydroxycitronellal, Linalool, Cananga Odorata Oil\/Extract, Pinene.<\/p>","protected":false},"excerpt":{"rendered":"<p>With a maximum concentration of Organic G\u00e9to extract, this treatment is much more than a serum: it's an anti-ageing treatment that prevents and fights against all the signs of ageing on the face and neck.<\/p>","protected":false},"featured_media":3197,"template":"","meta":[],"product_brand":[],"product_cat":[101],"product_tag":[],"class_list":{"0":"post-3196","1":"product","2":"type-product","3":"status-publish","4":"has-post-thumbnail","6":"product_cat-visage","8":"first","9":"instock","10":"taxable","11":"shipping-taxable","12":"purchasable","13":"product-type-simple"},"_links":{"self":[{"href":"https:\/\/dolcelahulpegifts.be\/en\/wp-json\/wp\/v2\/product\/3196","targetHints":{"allow":["GET"]}}],"collection":[{"href":"https:\/\/dolcelahulpegifts.be\/en\/wp-json\/wp\/v2\/product"}],"about":[{"href":"https:\/\/dolcelahulpegifts.be\/en\/wp-json\/wp\/v2\/types\/product"}],"version-history":[{"count":4,"href":"https:\/\/dolcelahulpegifts.be\/en\/wp-json\/wp\/v2\/product\/3196\/revisions"}],"predecessor-version":[{"id":18593,"href":"https:\/\/dolcelahulpegifts.be\/en\/wp-json\/wp\/v2\/product\/3196\/revisions\/18593"}],"wp:featuredmedia":[{"embeddable":true,"href":"https:\/\/dolcelahulpegifts.be\/en\/wp-json\/wp\/v2\/media\/3197"}],"wp:attachment":[{"href":"https:\/\/dolcelahulpegifts.be\/en\/wp-json\/wp\/v2\/media?parent=3196"}],"wp:term":[{"taxonomy":"product_brand","embeddable":true,"href":"https:\/\/dolcelahulpegifts.be\/en\/wp-json\/wp\/v2\/product_brand?post=3196"},{"taxonomy":"product_cat","embeddable":true,"href":"https:\/\/dolcelahulpegifts.be\/en\/wp-json\/wp\/v2\/product_cat?post=3196"},{"taxonomy":"product_tag","embeddable":true,"href":"https:\/\/dolcelahulpegifts.be\/en\/wp-json\/wp\/v2\/product_tag?post=3196"}],"curies":[{"name":"wp","href":"https:\/\/api.w.org\/{rel}","templated":true}]}}