{"id":3260,"date":"2022-06-09T11:57:43","date_gmt":"2022-06-09T09:57:43","guid":{"rendered":"https:\/\/dolcelahulpegifts.duckdns.org\/?post_type=product&#038;p=3260"},"modified":"2026-05-13T12:49:36","modified_gmt":"2026-05-13T10:49:36","slug":"beldi-black-soap","status":"publish","type":"product","link":"https:\/\/dolcelahulpegifts.be\/en\/product\/savon-noir-beldi\/","title":{"rendered":"Beldi black soap (200ml)"},"content":{"rendered":"<p style=\"text-align: left;\">The oriental written tradition gives great importance to the purification rituals of the Hammam. Respecting the traditional oriental recipe, Beldi\u00ae Black Soap is composed of 100% virgin olive oil known for its regenerating properties and a fragrance rich in essential oils of Cinnamon, Eucalyptus and Cedar.<\/p>\n<p style=\"text-align: left;\">The skin is purified and regains its softness.<\/p>\n<p style=\"text-align: left;\"><strong>Directions for use<\/strong> :\u00a0Appliquez le Savon Noir Beldi\u00ae sur peau humide, puis rincez \u00e0 l&rsquo;eau chaude. Effectuez ensuite avec le gant de Kassa une exfoliation douce et lente sur le corps. Votre peau est purifi\u00e9e et adoucie.<\/p>\n<p style=\"text-align: left;\">Tip: Black soap moisturises the skin in winter, and is ideal all year round for skin sensitive to limescale thanks to its 100% olive oil formulation.<\/p>\n<p style=\"text-align: left;\"><strong>Ingredients <\/strong>: Laureth-4, Aqua (Water) \/ Eau, Glycerin, Propylene Glycol, Sodium Stearate, Sodium Laurate, Sodium Laureth Sulfate, Sorbitol, Olea Europaea (Olive) Fruit Oil, Parfum (Fragrance), Cocamidopropyl Betaine, Caramel, Sodium Chloride, Sodium Thiosulfate, Sodium Citrate, Citric Acid, Tetrasodium Etidronate, Tetrasodium Edta, Sodium Lauryl Sulfate, Tetramethyl Acetyloctahydronaphthalenes, Eucalyptus Globulus Oil, Juniperus Virginiana Oil, Eugenol, Pogostemon Cablin Oil, Limonene, Eugenia Caryophyllus Oil, Pinene, Citronellol, Alpha-Isomethyl Ionone, Geraniol, Beta-Caryophyllene, Acetyl Cedrene, Eugenyl Acetate.<\/p>","protected":false},"excerpt":{"rendered":"<div class=\"product-desc\">\n<div class=\"cms-content cms-view-more-content\">\n<div class=\"product attribute overview\">\n<div class=\"value\">Gommage \u00e0 l&rsquo;huile d&rsquo;olive 100% vierge pour nettoyer en douceur au quotidien ou \u00e0 utiliser avec le Gant de Kassa pour \u00e9liminer les cellules mortes.<\/div>\n<\/div>\n<\/div>\n<\/div>\n<div class=\"attribut-list skin-type\">\n<div class=\"label\">SKIN TYPE: All skin types<\/div>\n<\/div>","protected":false},"featured_media":3261,"template":"","meta":[],"product_brand":[],"product_cat":[103],"product_tag":[],"class_list":{"0":"post-3260","1":"product","2":"type-product","3":"status-publish","4":"has-post-thumbnail","6":"product_cat-produits-corps-cinq-mondes","8":"first","9":"instock","10":"taxable","11":"shipping-taxable","12":"purchasable","13":"product-type-simple"},"_links":{"self":[{"href":"https:\/\/dolcelahulpegifts.be\/en\/wp-json\/wp\/v2\/product\/3260","targetHints":{"allow":["GET"]}}],"collection":[{"href":"https:\/\/dolcelahulpegifts.be\/en\/wp-json\/wp\/v2\/product"}],"about":[{"href":"https:\/\/dolcelahulpegifts.be\/en\/wp-json\/wp\/v2\/types\/product"}],"version-history":[{"count":3,"href":"https:\/\/dolcelahulpegifts.be\/en\/wp-json\/wp\/v2\/product\/3260\/revisions"}],"predecessor-version":[{"id":17227,"href":"https:\/\/dolcelahulpegifts.be\/en\/wp-json\/wp\/v2\/product\/3260\/revisions\/17227"}],"wp:featuredmedia":[{"embeddable":true,"href":"https:\/\/dolcelahulpegifts.be\/en\/wp-json\/wp\/v2\/media\/3261"}],"wp:attachment":[{"href":"https:\/\/dolcelahulpegifts.be\/en\/wp-json\/wp\/v2\/media?parent=3260"}],"wp:term":[{"taxonomy":"product_brand","embeddable":true,"href":"https:\/\/dolcelahulpegifts.be\/en\/wp-json\/wp\/v2\/product_brand?post=3260"},{"taxonomy":"product_cat","embeddable":true,"href":"https:\/\/dolcelahulpegifts.be\/en\/wp-json\/wp\/v2\/product_cat?post=3260"},{"taxonomy":"product_tag","embeddable":true,"href":"https:\/\/dolcelahulpegifts.be\/en\/wp-json\/wp\/v2\/product_tag?post=3260"}],"curies":[{"name":"wp","href":"https:\/\/api.w.org\/{rel}","templated":true}]}}