{"id":3485,"date":"2022-06-09T16:54:25","date_gmt":"2022-06-09T14:54:25","guid":{"rendered":"https:\/\/dolcelahulpegifts.duckdns.org\/?post_type=product&#038;p=3485"},"modified":"2025-12-22T11:20:25","modified_gmt":"2025-12-22T10:20:25","slug":"bliss-for-two-getaway","status":"publish","type":"product","link":"https:\/\/dolcelahulpegifts.be\/en\/product\/sejour-rituel-de-felicite-a-deux\/","title":{"rendered":"Bliss for Two Getaway"},"content":{"rendered":"<ul>\n<li>the Grand Rituel de F\u00e9licit\u00e9 \u00e0 Deux at the Cinq Mondes Spa (1h50) :\n<ul>\n<li><strong>Japanese Aromas and Flowers Bath<\/strong> This relaxing ancestral O'furo ritual awakens the senses with a combination of essentials oils, colours and rose petals, leaving your mind and body in perfect harmony.<\/li>\n<li><strong>Aromatic spice scrub (200ml)<\/strong> This exfoliating treatment inspired by the island of Java, using spices and sea salts, captivates you thanks to its delicate fragrances and leaves your skin soft and silky smooth.<\/li>\n<li><strong>Traditional Oriental Massage<\/strong> : this full-body massage with warmed argan oil will transport you to the heart of North African tradition. You will be wrapped with slow, deep movements that will make you feel true bliss.<\/li>\n<\/ul>\n<\/li>\n<li>Stroll in the forest towards the Ch\u00e2teau de La Hulpe<\/li>\n<li>One hour's access to the wellness area (swimming pool, sauna and steam room) and fitness room (booking required)<\/li>\n<li>Complimentary on-site activities: tennis, badminton, petanque, basketball, table tennis, kicker, etc.<\/li>\n<li>Peaceful night and wake up to birdsong<\/li>\n<li>American buffet breakfast with panoramic views on the forest<\/li>\n<li>Free parking<\/li>\n<li>Late check-out until 3pm<\/li>\n<\/ul>","protected":false},"excerpt":{"rendered":"<p>Offer an unforgettable blissful stay for two including a 1h50 experience per person at the Cinq Mondes Spa in a double VIP room in harmony with nature.<\/p>","protected":false},"featured_media":18282,"template":"","meta":[],"product_brand":[],"product_cat":[55,112],"product_tag":[],"class_list":{"0":"post-3485","1":"product","2":"type-product","3":"status-publish","4":"has-post-thumbnail","6":"product_cat-sejours-en-foret","7":"product_cat-a-partager","9":"first","10":"instock","11":"sold-individually","12":"taxable","13":"shipping-taxable","14":"purchasable","15":"product-type-variable","16":"has-default-attributes"},"_links":{"self":[{"href":"https:\/\/dolcelahulpegifts.be\/en\/wp-json\/wp\/v2\/product\/3485","targetHints":{"allow":["GET"]}}],"collection":[{"href":"https:\/\/dolcelahulpegifts.be\/en\/wp-json\/wp\/v2\/product"}],"about":[{"href":"https:\/\/dolcelahulpegifts.be\/en\/wp-json\/wp\/v2\/types\/product"}],"version-history":[{"count":2,"href":"https:\/\/dolcelahulpegifts.be\/en\/wp-json\/wp\/v2\/product\/3485\/revisions"}],"predecessor-version":[{"id":17469,"href":"https:\/\/dolcelahulpegifts.be\/en\/wp-json\/wp\/v2\/product\/3485\/revisions\/17469"}],"wp:featuredmedia":[{"embeddable":true,"href":"https:\/\/dolcelahulpegifts.be\/en\/wp-json\/wp\/v2\/media\/18282"}],"wp:attachment":[{"href":"https:\/\/dolcelahulpegifts.be\/en\/wp-json\/wp\/v2\/media?parent=3485"}],"wp:term":[{"taxonomy":"product_brand","embeddable":true,"href":"https:\/\/dolcelahulpegifts.be\/en\/wp-json\/wp\/v2\/product_brand?post=3485"},{"taxonomy":"product_cat","embeddable":true,"href":"https:\/\/dolcelahulpegifts.be\/en\/wp-json\/wp\/v2\/product_cat?post=3485"},{"taxonomy":"product_tag","embeddable":true,"href":"https:\/\/dolcelahulpegifts.be\/en\/wp-json\/wp\/v2\/product_tag?post=3485"}],"curies":[{"name":"wp","href":"https:\/\/api.w.org\/{rel}","templated":true}]}}