{"id":3742,"date":"2022-06-10T10:45:33","date_gmt":"2022-06-10T08:45:33","guid":{"rendered":"https:\/\/dolcelahulpegifts.duckdns.org\/?post_type=product&#038;p=3742"},"modified":"2026-01-07T22:10:40","modified_gmt":"2026-01-07T21:10:40","slug":"bliss-for-two-grand-ritual","status":"publish","type":"product","link":"https:\/\/dolcelahulpegifts.be\/en\/product\/grand-rituel-de-felicite-a-deux\/","title":{"rendered":"Bliss for Two Grand Ritual (1h50)"},"content":{"rendered":"<p style=\"text-align: left;\">In the Spa's double VIP suite, your guests will enjoy a Grand Rituel de F\u00e9licit\u00e9 \u00e0 Deux including :<\/p>\n<ul style=\"text-align: left;\">\n<li><strong>Japanese Aromas and Flowers Bath<\/strong> <strong>(20min) - <\/strong>Relaxation<\/li>\n<\/ul>\n<p style=\"text-align: left;\">This relaxing ancestral O'furo ritual awakens the senses thanks to a combination of phyto-aromatic oils and rose petals, for perfect harmony of body and mind.<\/p>\n<ul style=\"text-align: left;\">\n<li><strong>Aromatic spice scrub (200ml) <span class=\"bold\">(20 mins) - <\/span><\/strong>Energising<\/li>\n<\/ul>\n<p style=\"text-align: left;\">Inspired by Boreh, a traditional recipe from Java based on spices and sea salts. This treatment tones the body with its invigorating scents and leaves the skin delicately satin-smooth.<\/p>\n<ul style=\"text-align: left;\">\n<li><strong>Traditional Oriental Massage (50 min) - <\/strong>Sensory<\/li>\n<\/ul>\n<p style=\"text-align: left;\">Travel to the heart of Oriental traditions with this massage that works the whole body with heated argan oil. Enjoy these slow, deep strokes for a moment of pure well-being.<\/p>","protected":false},"excerpt":{"rendered":"<p>Designed to share an unforgettable moment of well-being and relaxation for two, this ritual allows you to experience a unique and original moment that fills your body and mind with harmony and energy.<\/p>","protected":false},"featured_media":18282,"template":"","meta":[],"product_brand":[],"product_cat":[53,112],"product_tag":[],"class_list":{"0":"post-3742","1":"product","2":"type-product","3":"status-publish","4":"has-post-thumbnail","6":"product_cat-experiences-spa","7":"product_cat-a-partager","9":"first","10":"instock","11":"featured","12":"sold-individually","13":"taxable","14":"shipping-taxable","15":"purchasable","16":"product-type-variable","17":"has-default-attributes"},"_links":{"self":[{"href":"https:\/\/dolcelahulpegifts.be\/en\/wp-json\/wp\/v2\/product\/3742","targetHints":{"allow":["GET"]}}],"collection":[{"href":"https:\/\/dolcelahulpegifts.be\/en\/wp-json\/wp\/v2\/product"}],"about":[{"href":"https:\/\/dolcelahulpegifts.be\/en\/wp-json\/wp\/v2\/types\/product"}],"version-history":[{"count":5,"href":"https:\/\/dolcelahulpegifts.be\/en\/wp-json\/wp\/v2\/product\/3742\/revisions"}],"predecessor-version":[{"id":17458,"href":"https:\/\/dolcelahulpegifts.be\/en\/wp-json\/wp\/v2\/product\/3742\/revisions\/17458"}],"wp:featuredmedia":[{"embeddable":true,"href":"https:\/\/dolcelahulpegifts.be\/en\/wp-json\/wp\/v2\/media\/18282"}],"wp:attachment":[{"href":"https:\/\/dolcelahulpegifts.be\/en\/wp-json\/wp\/v2\/media?parent=3742"}],"wp:term":[{"taxonomy":"product_brand","embeddable":true,"href":"https:\/\/dolcelahulpegifts.be\/en\/wp-json\/wp\/v2\/product_brand?post=3742"},{"taxonomy":"product_cat","embeddable":true,"href":"https:\/\/dolcelahulpegifts.be\/en\/wp-json\/wp\/v2\/product_cat?post=3742"},{"taxonomy":"product_tag","embeddable":true,"href":"https:\/\/dolcelahulpegifts.be\/en\/wp-json\/wp\/v2\/product_tag?post=3742"}],"curies":[{"name":"wp","href":"https:\/\/api.w.org\/{rel}","templated":true}]}}