{"id":3810,"date":"2022-06-10T12:02:45","date_gmt":"2022-06-10T10:02:45","guid":{"rendered":"https:\/\/dolcelahulpegifts.duckdns.org\/?post_type=product&#038;p=3810"},"modified":"2026-01-02T10:51:19","modified_gmt":"2026-01-02T09:51:19","slug":"zen-subscription-to-the-cinq-mondes-spa","status":"publish","type":"product","link":"https:\/\/dolcelahulpegifts.be\/en\/product\/abonnement-zen-au-spa-cinq-mondes\/","title":{"rendered":"Zen Subscription to the Cinq Mondes Spa"},"content":{"rendered":"<h6>This Zen subscription to the Cinq Mondes spa entitles you to a host of benefits, including :<\/h6>\n<ul>\n<li>Choice of treatment practitioner<\/li>\n<li>Free double VIP room<\/li>\n<li>2 Traditionnal Hammams offered<\/li>\n<li>10% discount on<a href=\"https:\/\/www.dolcelahulpe.com\/fr\/spa\/menu-des-soins\" target=\"_blank\" rel=\"noopener\"> care<\/a> and <a href=\"https:\/\/dolcelahulpegifts.be\/en\/product-category\/shop\/\">products<\/a><\/li>\n<li>Subscription renewal and sponsorship offer*.<\/li>\n<\/ul>\n<p>* Cinq Mondes offers you a product of your choice (excluding the G\u00e9to, Pr\u00e9cieuse, Lumi\u00e8re and Infinit\u00e9 ranges) when you renew your subscription or sponsor a new member for a Spa Zen subscription.<\/p>\n<p>Subscription value: \u20ac1250<br \/>\nValidity: 1 year<\/p>\n<p>The choice of package is final and cannot be changed during the subscription period. This subscription is valid for 1 year from the date of purchase and only at the Spa Cinq Mondes du Dolce La Hulpe Brussels. This subscription will be cancelled automatically at the end of the contractual period. Non-use of the services offered does not entitle the subscriber to any cancellation, extension or reimbursement, whether partial or total, or to any other compensation.<br \/>\ncompensation of any kind whatsoever, except under the following conditions: in the event of serious illness or accident, or pregnancy, the subscriber may obtain an extension of their subscription (up to a limit of half the duration of the medical leave).<\/p>","protected":false},"excerpt":{"rendered":"<p>The Zen Subscription to the Cinq Mondes Spa offers the equivalent of 10 sessions of 50 minutes of treatments at the Cinq Mondes Spa at Dolce La Hulpe Brussels, open 7 days a week.<\/p>","protected":false},"featured_media":6527,"template":"","meta":[],"product_brand":[],"product_cat":[54,113,53,144],"product_tag":[],"class_list":{"0":"post-3810","1":"product","2":"type-product","3":"status-publish","4":"has-post-thumbnail","6":"product_cat-abonnements","7":"product_cat-en-solo","8":"product_cat-experiences-spa","9":"product_cat-spa","11":"first","12":"instock","13":"sold-individually","14":"taxable","15":"shipping-taxable","16":"purchasable","17":"product-type-variable","18":"has-default-attributes"},"_links":{"self":[{"href":"https:\/\/dolcelahulpegifts.be\/en\/wp-json\/wp\/v2\/product\/3810","targetHints":{"allow":["GET"]}}],"collection":[{"href":"https:\/\/dolcelahulpegifts.be\/en\/wp-json\/wp\/v2\/product"}],"about":[{"href":"https:\/\/dolcelahulpegifts.be\/en\/wp-json\/wp\/v2\/types\/product"}],"version-history":[{"count":3,"href":"https:\/\/dolcelahulpegifts.be\/en\/wp-json\/wp\/v2\/product\/3810\/revisions"}],"predecessor-version":[{"id":18551,"href":"https:\/\/dolcelahulpegifts.be\/en\/wp-json\/wp\/v2\/product\/3810\/revisions\/18551"}],"wp:featuredmedia":[{"embeddable":true,"href":"https:\/\/dolcelahulpegifts.be\/en\/wp-json\/wp\/v2\/media\/6527"}],"wp:attachment":[{"href":"https:\/\/dolcelahulpegifts.be\/en\/wp-json\/wp\/v2\/media?parent=3810"}],"wp:term":[{"taxonomy":"product_brand","embeddable":true,"href":"https:\/\/dolcelahulpegifts.be\/en\/wp-json\/wp\/v2\/product_brand?post=3810"},{"taxonomy":"product_cat","embeddable":true,"href":"https:\/\/dolcelahulpegifts.be\/en\/wp-json\/wp\/v2\/product_cat?post=3810"},{"taxonomy":"product_tag","embeddable":true,"href":"https:\/\/dolcelahulpegifts.be\/en\/wp-json\/wp\/v2\/product_tag?post=3810"}],"curies":[{"name":"wp","href":"https:\/\/api.w.org\/{rel}","templated":true}]}}