{"id":4518,"date":"2022-06-24T12:23:24","date_gmt":"2022-06-24T10:23:24","guid":{"rendered":"https:\/\/dolcelahulpegifts.duckdns.org\/?post_type=product&#038;p=4518"},"modified":"2026-01-06T14:45:07","modified_gmt":"2026-01-06T13:45:07","slug":"sublime-body-balm","status":"publish","type":"product","link":"https:\/\/dolcelahulpegifts.be\/en\/product\/baume-sublime\/","title":{"rendered":"Baume sublime\u00ae (200ml)"},"content":{"rendered":"<p style=\"text-align: left;\">This repair balm is particularly suitable for dry skin, thanks to the nourishing and protective properties of sacred Noni oils and Tahitian Mono\u00ef.<br \/>\nThe skin is sublimated, nourished and delicately perfumed.<\/p>\n<p style=\"text-align: left;\"><strong>Directions for use<\/strong> After cleansing, moisturising care is essential to restore soft, satin-smooth skin. Apply Baume Sublime\u00ae in circular movements all over your body, paying particular attention to dry areas. The natural pearlizers in Baume Sublime\u00ae reveal the skin's radiance: ideal for glowing on summer evenings! Skin is sublimated, nourished and delicately scented.<\/p>\n<p style=\"text-align: left;\"><strong>Ingredients<\/strong> : Helianthus Annuus (Sunflower) Seed Oil, Caprylic\/Capric Triglyceride, C10-18 Triglycerides, Cera Alba (Beeswax)*, Stearic Acid, Palmitic Acid, Arachidyl Alcohol, Ricinus Communis (Castor) Seed Oil*, Behenyl Alcohol, Oryza Sativa (Rice) Powder*, Parfum (Fragrance), Arachidyl Glucoside, Limonene, Butyrospermum Parkii (Shea) Butter*, Cocos Nucifera (Coconut) Oil, Tocopherol, Mica, Ci 77891 (Titanium Dioxide), Glucose, Ci 77491 (Iron Oxides), Aqua (Water), Geraniol, Citral, Gardenia Tahitensis (Tiare) Flower, Morinda Citrifolia Leaf Extract, Linalool, Benzyl Benzoate, Farnesol, Benzyl Salicylate.*Ingredients from organic farming \/ Ingr\u00e9dients issus de l'agriculture biologique ** Made using organic ingredients \/ Transform\u00e9 \u00e0 partir d'ingr\u00e9dients biologiques<\/p>","protected":false},"excerpt":{"rendered":"<div class=\"product-desc\">\n<div class=\"cms-content cms-view-more-content\">\n<div class=\"product attribute overview\">\n<div class=\"value\">Certified organic nourishing and protective balm, particularly suitable for dry skin, with Noni and Mono\u00ef oils.<\/div>\n<\/div>\n<\/div>\n<\/div>\n<div class=\"attribut-list skin-type\">\n<div><\/div>\n<div class=\"label\">SKIN TYPE: Dry skin<\/div>\n<\/div>\n<div class=\"attribut-list concerns\">\n<div><\/div>\n<div class=\"label\">PREOCCUPATIONS: Dehydration<\/div>\n<\/div>","protected":false},"featured_media":4519,"template":"","meta":[],"product_brand":[],"product_cat":[103],"product_tag":[],"class_list":{"0":"post-4518","1":"product","2":"type-product","3":"status-publish","4":"has-post-thumbnail","6":"product_cat-produits-corps-cinq-mondes","8":"first","9":"instock","10":"taxable","11":"shipping-taxable","12":"purchasable","13":"product-type-simple"},"_links":{"self":[{"href":"https:\/\/dolcelahulpegifts.be\/en\/wp-json\/wp\/v2\/product\/4518","targetHints":{"allow":["GET"]}}],"collection":[{"href":"https:\/\/dolcelahulpegifts.be\/en\/wp-json\/wp\/v2\/product"}],"about":[{"href":"https:\/\/dolcelahulpegifts.be\/en\/wp-json\/wp\/v2\/types\/product"}],"version-history":[{"count":4,"href":"https:\/\/dolcelahulpegifts.be\/en\/wp-json\/wp\/v2\/product\/4518\/revisions"}],"predecessor-version":[{"id":17180,"href":"https:\/\/dolcelahulpegifts.be\/en\/wp-json\/wp\/v2\/product\/4518\/revisions\/17180"}],"wp:featuredmedia":[{"embeddable":true,"href":"https:\/\/dolcelahulpegifts.be\/en\/wp-json\/wp\/v2\/media\/4519"}],"wp:attachment":[{"href":"https:\/\/dolcelahulpegifts.be\/en\/wp-json\/wp\/v2\/media?parent=4518"}],"wp:term":[{"taxonomy":"product_brand","embeddable":true,"href":"https:\/\/dolcelahulpegifts.be\/en\/wp-json\/wp\/v2\/product_brand?post=4518"},{"taxonomy":"product_cat","embeddable":true,"href":"https:\/\/dolcelahulpegifts.be\/en\/wp-json\/wp\/v2\/product_cat?post=4518"},{"taxonomy":"product_tag","embeddable":true,"href":"https:\/\/dolcelahulpegifts.be\/en\/wp-json\/wp\/v2\/product_tag?post=4518"}],"curies":[{"name":"wp","href":"https:\/\/api.w.org\/{rel}","templated":true}]}}