{"id":5616,"date":"2022-11-02T12:11:48","date_gmt":"2022-11-02T11:11:48","guid":{"rendered":"https:\/\/dolcelahulpegifts.be\/?post_type=product&#038;p=5616"},"modified":"2025-11-27T16:50:52","modified_gmt":"2025-11-27T15:50:52","slug":"kyoto-case","status":"publish","type":"product","link":"https:\/\/dolcelahulpegifts.be\/en\/product\/coffret-geto-supreme\/","title":{"rendered":"G\u00e9to Supr\u00eame Gift Set"},"content":{"rendered":"<p style=\"text-align: center;\">Discover the special, limited edition G\u00c9TO SUPR\u00caME gift set for the ultimate, cell regeneration experience. The G\u00c9TO SUPR\u00caME Ritual, rare and cherished, has the powerful properties of the G\u00e9to plant to thank for its efficacy. This \"long-life plant\" is at the heart of the beauty rituals of the locals living in Okinawa, the island that boasts the largest number of centenarians in the world. Thanks to the expertise of Laboratoires Cinq Mondes, the purity of the G\u00e9to extract is preserved in order to ensure all of its extraordinary properties are captured and put to work in the skin.<\/p>\n<p>Included in your gift set:<\/p>\n<ul>\n<li><a href=\"https:\/\/dolcelahulpegifts.be\/en\/product\/geto-supreme-the-cream\/\"><strong>G\u00c9TO SUPREME The Serum<\/strong><\/a><strong> (30 mL) :<\/strong> The ultimate renewing power of G\u00e9to, the plant of longevity, in its most concentrated form is at the heart of a new-generation, highly precious milky oil-serum. With a high concentration of this precious active ingredient, this formula and its exquisite new-generation texture gives skin a second life, preserving its youthfulness and rejuvenating tissues from the very first week of use.<\/li>\n<\/ul>\n<p>The higher concentration of G\u00e9to and the instant absorption of the active ingredients help quickly strengthen the skin's support fibers, which will then accelerate the benefits of G\u00c9TO SUPR\u00caME The Cream.<\/p>\n<ul>\n<li><a href=\"https:\/\/dolcelahulpegifts.be\/en\/product\/geto-supreme-the-serum\/\"><strong>G\u00c9TO SUPREME The Cream<\/strong><\/a><strong> (50 mL) :<\/strong> A veritable treasure trove of longevity, it stimulates the skin's vital functions to reactivate the mechanisms responsible for a youthful appearance. It works to prevent and correct all the signs of ageing and encourages skin regeneration.<\/li>\n<\/ul>\n<p>Wrinkles are smoothed out and the contours of the face are sculpted. The skin is more resistant and its original strength is restored. Rejuvenated, the skin rediscovers its bounce, volume and firm texture. Skin will glow with infinite radiance.<\/p>","protected":false},"excerpt":{"rendered":"<p>(Okinawa ritual, Japan) | 2 products<\/p>\n<p>Discover the G\u00c9TO SUPR\u00caME Limited Edition Set, composed of G\u00c9TO SUPR\u00caME The Serum and G\u00c9TO SUPR\u00caME The Cream. Exceptional care products, truly concentrated in Organic Beto, a plant of youth used by the centenarians of Okinawa, which offers spectacular results on the youth of the skin.<\/p>","protected":false},"featured_media":5627,"template":"","meta":[],"product_brand":[],"product_cat":[56,113],"product_tag":[],"class_list":{"0":"post-5616","1":"product","2":"type-product","3":"status-publish","4":"has-post-thumbnail","6":"product_cat-coffrets","7":"product_cat-en-solo","9":"first","10":"instock","11":"taxable","12":"shipping-taxable","13":"purchasable","14":"product-type-simple"},"_links":{"self":[{"href":"https:\/\/dolcelahulpegifts.be\/en\/wp-json\/wp\/v2\/product\/5616","targetHints":{"allow":["GET"]}}],"collection":[{"href":"https:\/\/dolcelahulpegifts.be\/en\/wp-json\/wp\/v2\/product"}],"about":[{"href":"https:\/\/dolcelahulpegifts.be\/en\/wp-json\/wp\/v2\/types\/product"}],"version-history":[{"count":1,"href":"https:\/\/dolcelahulpegifts.be\/en\/wp-json\/wp\/v2\/product\/5616\/revisions"}],"predecessor-version":[{"id":14386,"href":"https:\/\/dolcelahulpegifts.be\/en\/wp-json\/wp\/v2\/product\/5616\/revisions\/14386"}],"wp:featuredmedia":[{"embeddable":true,"href":"https:\/\/dolcelahulpegifts.be\/en\/wp-json\/wp\/v2\/media\/5627"}],"wp:attachment":[{"href":"https:\/\/dolcelahulpegifts.be\/en\/wp-json\/wp\/v2\/media?parent=5616"}],"wp:term":[{"taxonomy":"product_brand","embeddable":true,"href":"https:\/\/dolcelahulpegifts.be\/en\/wp-json\/wp\/v2\/product_brand?post=5616"},{"taxonomy":"product_cat","embeddable":true,"href":"https:\/\/dolcelahulpegifts.be\/en\/wp-json\/wp\/v2\/product_cat?post=5616"},{"taxonomy":"product_tag","embeddable":true,"href":"https:\/\/dolcelahulpegifts.be\/en\/wp-json\/wp\/v2\/product_tag?post=5616"}],"curies":[{"name":"wp","href":"https:\/\/api.w.org\/{rel}","templated":true}]}}