{"id":2040,"date":"2022-04-26T14:16:25","date_gmt":"2022-04-26T12:16:25","guid":{"rendered":"https:\/\/dolcelahulpegifts.duckdns.org\/?page_id=2040"},"modified":"2022-07-07T15:25:49","modified_gmt":"2022-07-07T13:25:49","slug":"livraison","status":"publish","type":"page","link":"https:\/\/dolcelahulpegifts.be\/fr\/livraison\/","title":{"rendered":"Livraison"},"content":{"rendered":"\t\t<div data-elementor-type=\"wp-page\" data-elementor-id=\"2040\" class=\"elementor elementor-2040\" data-elementor-post-type=\"page\">\n\t\t\t\t\t\t<section class=\"elementor-section elementor-top-section elementor-element elementor-element-bc1854e elementor-section-boxed elementor-section-height-default elementor-section-height-default\" data-id=\"bc1854e\" data-element_type=\"section\" data-e-type=\"section\">\n\t\t\t\t\t\t<div class=\"elementor-container elementor-column-gap-no\">\n\t\t\t\t\t<div class=\"elementor-column elementor-col-100 elementor-top-column elementor-element elementor-element-839ea29\" data-id=\"839ea29\" data-element_type=\"column\" data-e-type=\"column\">\n\t\t\t<div class=\"elementor-widget-wrap elementor-element-populated\">\n\t\t\t\t\t\t<div class=\"elementor-element elementor-element-00f0617 elementor-widget elementor-widget-text-editor\" data-id=\"00f0617\" data-element_type=\"widget\" data-e-type=\"widget\" data-widget_type=\"text-editor.default\">\n\t\t\t\t\t\t\t\t\t<p>Livraison et d\u00e9lai de livraison<\/p><ul><li>Les d\u00e9lais de livraison propos\u00e9s par Dolce by Wyndham La Hulpe Brussels ne sont pas d\u00e9finitifs. La date limite est 30 jours apr\u00e8s la r\u00e9ception de la commande.<\/li><li>D\u00e8s que les produits command\u00e9s sont livr\u00e9s \u00e0 l\u2019adresse indiqu\u00e9e, les risques li\u00e9s au produit seront \u00e0 charge de l\u2019acheteur.<\/li><li>Nous pouvons appliquer d\u2019autres conditions en cas de livraisons \u00e0 l\u2019\u00e9tranger.<\/li><li>Dolce by Wyndham La Hulpe Brussels est actif dans le pays suivant : La Belgique.<\/li><li>La livraison ne se r\u00e9alise que par un service de transport \u00e0 moins qu\u2019on ne se soit mis d\u2019accord sur d\u2019autres conditions de transport pr\u00e9alablement.\u00a0<\/li><li>Les frais de livraison et de transport vous seront communiqu\u00e9s avant la confirmation de votre achat.<\/li><\/ul>\t\t\t\t\t\t\t\t<\/div>\n\t\t\t\t<div class=\"elementor-element elementor-element-ed2677c elementor-widget elementor-widget-heading\" data-id=\"ed2677c\" data-element_type=\"widget\" data-e-type=\"widget\" data-widget_type=\"heading.default\">\n\t\t\t\t\t<h2 class=\"elementor-heading-title elementor-size-default\">Les frais de livraison<\/h2>\t\t\t\t<\/div>\n\t\t\t\t<div class=\"elementor-element elementor-element-2b8e5d2 elementor-widget elementor-widget-text-editor\" data-id=\"2b8e5d2\" data-element_type=\"widget\" data-e-type=\"widget\" data-widget_type=\"text-editor.default\">\n\t\t\t\t\t\t\t\t\t<table><tbody><tr><td>FRAIS DE LIVRAISON<\/td><td>PAYANTS<\/td><td>OFFERTS<\/td><\/tr><tr><td>Belgique<\/td><td>Frais de 8\u20ac<br \/>pour toute commande &lt; 65\u20ac<\/td><td>Frais offerts<br \/>pour toute commande &gt; 65\u20ac\u00a0\u00a0<\/td><\/tr><tr><td>Autres Pays**<\/td><td>Frais de 10\u20ac<br \/>pour toute commande &lt; 65\u20ac<\/td><td>Frais offerts<br \/>pour toute commande &gt; 65\u20ac<\/td><\/tr><\/tbody><\/table><p>** France, Allemagne, Autriche, France, Bulgarie, Chypre, Danemark, Espagne, Estonie, Finlande, Gr\u00e8ce, Hongrie, Irlande, Lettonie, Lituanie, Luxembourg, Malte, Pays-Bas, Pologne, Portugal, R\u00e9publique Tch\u00e8que, Royaume Uni, Roumanie, Slovaquie, Slov\u00e9nie, Su\u00e8de, Suisse, Italie.<\/p>\t\t\t\t\t\t\t\t<\/div>\n\t\t\t\t\t<\/div>\n\t\t<\/div>\n\t\t\t\t\t<\/div>\n\t\t<\/section>\n\t\t\t\t<\/div>\n\t\t","protected":false},"excerpt":{"rendered":"<p>Livraison et d\u00e9lai de livraison Les d\u00e9lais de livraison propos\u00e9s par Dolce by Wyndham La Hulpe Brussels ne sont pas&#8230;<\/p>\n","protected":false},"author":1,"featured_media":0,"parent":0,"menu_order":0,"comment_status":"closed","ping_status":"closed","template":"elementor_header_footer","meta":{"footnotes":""},"class_list":["post-2040","page","type-page","status-publish","hentry"],"_links":{"self":[{"href":"https:\/\/dolcelahulpegifts.be\/fr\/wp-json\/wp\/v2\/pages\/2040","targetHints":{"allow":["GET"]}}],"collection":[{"href":"https:\/\/dolcelahulpegifts.be\/fr\/wp-json\/wp\/v2\/pages"}],"about":[{"href":"https:\/\/dolcelahulpegifts.be\/fr\/wp-json\/wp\/v2\/types\/page"}],"author":[{"embeddable":true,"href":"https:\/\/dolcelahulpegifts.be\/fr\/wp-json\/wp\/v2\/users\/1"}],"replies":[{"embeddable":true,"href":"https:\/\/dolcelahulpegifts.be\/fr\/wp-json\/wp\/v2\/comments?post=2040"}],"version-history":[{"count":0,"href":"https:\/\/dolcelahulpegifts.be\/fr\/wp-json\/wp\/v2\/pages\/2040\/revisions"}],"wp:attachment":[{"href":"https:\/\/dolcelahulpegifts.be\/fr\/wp-json\/wp\/v2\/media?parent=2040"}],"curies":[{"name":"wp","href":"https:\/\/api.w.org\/{rel}","templated":true}]}}