{"id":2071,"date":"2022-04-26T14:37:33","date_gmt":"2022-04-26T12:37:33","guid":{"rendered":"https:\/\/dolcelahulpegifts.duckdns.org\/?page_id=2071"},"modified":"2022-04-26T14:39:09","modified_gmt":"2022-04-26T12:39:09","slug":"paiement-securise","status":"publish","type":"page","link":"https:\/\/dolcelahulpegifts.be\/fr\/paiement-securise\/","title":{"rendered":"Paiement s\u00e9curis\u00e9"},"content":{"rendered":"\t\t<div data-elementor-type=\"wp-page\" data-elementor-id=\"2071\" class=\"elementor elementor-2071\" data-elementor-post-type=\"page\">\n\t\t\t\t\t\t<section class=\"elementor-section elementor-top-section elementor-element elementor-element-be4f77d elementor-section-boxed elementor-section-height-default elementor-section-height-default\" data-id=\"be4f77d\" data-element_type=\"section\" data-e-type=\"section\">\n\t\t\t\t\t\t<div class=\"elementor-container elementor-column-gap-no\">\n\t\t\t\t\t<div class=\"elementor-column elementor-col-100 elementor-top-column elementor-element elementor-element-3862b77\" data-id=\"3862b77\" data-element_type=\"column\" data-e-type=\"column\">\n\t\t\t<div class=\"elementor-widget-wrap elementor-element-populated\">\n\t\t\t\t\t\t<div class=\"elementor-element elementor-element-f408345 elementor-widget elementor-widget-heading\" data-id=\"f408345\" data-element_type=\"widget\" data-e-type=\"widget\" data-widget_type=\"heading.default\">\n\t\t\t\t\t<h2 class=\"elementor-heading-title elementor-size-default\">Notre paiement s\u00e9curis\u00e9<\/h2>\t\t\t\t<\/div>\n\t\t\t\t<div class=\"elementor-element elementor-element-318d1c4 elementor-widget elementor-widget-text-editor\" data-id=\"318d1c4\" data-element_type=\"widget\" data-e-type=\"widget\" data-widget_type=\"text-editor.default\">\n\t\t\t\t\t\t\t\t\t<p>Avec SSL<\/p><p>La Carte CB est la m\u00e9thode de paiement pr\u00e9f\u00e9r\u00e9e des Fran\u00e7ais depuis plus de 30 ans. Le r\u00e9seau CB regroupe pr\u00e8s de 130 \u00e9tablissements de services de paiement.<br \/>Les d\u00e9tenteurs de cartes CB peuvent r\u00e9aliser des paiements en ligne sur le principe d\u2019une carte de d\u00e9bit ou de cr\u00e9dit.<\/p><p>80 % des boutiques en ligne belges proposent la solution de paiement Bancontact, ce qui fait d\u2019elle la solution leader du paiement en ligne en Belgique. Elle permet aux consommateurs de r\u00e9gler leurs achats en toute simplicit\u00e9 gr\u00e2ce aux informations de leur carte de d\u00e9bit. La solution est s\u00e9curis\u00e9e par un syst\u00e8me de code g\u00e9n\u00e9r\u00e9 par la banque du porteur \u00e0 renseigner avant de confirmer le paiement. Une application est \u00e9galement disponible.<\/p><p>Belfius Direct Net est un bouton de paiement proposant de payer par virement bancaire. Cette solution permet aux consommateurs de r\u00e9gler leurs achats en ligne directement depuis l\u2019interface s\u00e9curis\u00e9e de leur banque.<\/p><p>Giropay est une m\u00e9thode de paiement tr\u00e8s utilis\u00e9e en Allemagne. Elle permet aux consommateurs en ligne de payer leurs achats par le biais d\u2019un virement bancaire en temps r\u00e9el depuis l\u2019environnement familier de leur banque en ligne. La seule obligation pour les e-shoppers est d\u2019avoir un compte dans une banque affili\u00e9e \u00e0 Giropay.<\/p><p>iDEAL est la solution de paiement num\u00e9ro 1 aux pays-Bas. En quelques clics les e-shoppers peuvent r\u00e9aliser un paiement s\u00e9curis\u00e9 par virement bancaire depuis l\u2019interface de leur banque en ligne.<br \/>Vous recevrez une confirmation du paiement de votre client en temps r\u00e9el afin de valider l\u2019exp\u00e9dition de la commande.<\/p><p>ING Home\u2019Pay est un bouton de paiement proposant de payer par virement bancaire. Con\u00e7u par ING Bank, il permet aux consommateurs belges de r\u00e9gler leurs achats en ligne depuis l\u2019interface s\u00e9curis\u00e9e de leur banque.<\/p><p>Fond\u00e9e en 2005, la solution Klarna s\u2019est rapidement impos\u00e9e comme le leader du paiement apr\u00e8s la livraison. Une fois leur commande re\u00e7ue, les e-shoppers disposent de 14 jours pour r\u00e9gler leurs achats par carte ou par virement bancaire.<\/p><p>Multibanco est le principal r\u00e9seau interbancaire du Portugal. Il offre \u00e0 ses clients et banques partenaires diff\u00e9rents services de paiement telles que des cartes bancaires Visa ou la possibilit\u00e9 de r\u00e9aliser des op\u00e9rations depuis ses distributeurs automatiques comme le paiement d\u2019un achat en ligne ou d\u2019une facture \u00e0 partir d\u2019une r\u00e9f\u00e9rence.<\/p><p>FacilyPay by Oney permet aux consommateurs en ligne de r\u00e9gler leurs achats en 3 ou 4 fois simplement en utilisant leur carte bancaire et ce, sans aucune autre formalit\u00e9.<\/p><p>PostFinance est une des filiales de la Swiss Post Ltd. Elle propose le paiement par carte ou le virement bancaire directement depuis son interface. Tous les d\u00e9tenteurs d\u2019une carte PostFinance ou d\u2019un compte PostFinance E-Finance peuvent l\u2019utiliser. Ils sont pr\u00e8s de 1,7 millions en Suisse.<\/p><p>Przelewy24 est la solution leader de virement bancaire en Pologne. Connect\u00e9e \u00e0 148 banques polonaises, elle permet aux e-shoppers de r\u00e9gler leurs achats en ligne en toute s\u00e9curit\u00e9 depuis leur interface de banque.<\/p><p>SOFORT est la solution de virement bancaire leader en Allemagne. Elle b\u00e9n\u00e9ficie d\u2019accords avec la totalit\u00e9 des banques allemandes et est certifi\u00e9e par la T\u00dcV (organisme de contr\u00f4le et de normalisation en Allemagne). Le transfert des fonds est imm\u00e9diat et les marchands re\u00e7oivent la confirmation de paiement en temps r\u00e9el, leur permettant ainsi de lancer l\u2019envoi de la marchandise.<\/p><p>SisalPay est une solution de paiement en esp\u00e8ces disponible en Italie. Son fonctionnement est relativement simple. Les internautes re\u00e7oivent une r\u00e9f\u00e9rence d\u2019achat lors de leur commande, puis r\u00e8glent le montant de la transaction en esp\u00e8ces dans l\u2019un des points de vente partenaires. Les marchands re\u00e7oivent les fonds avant de valider la livraison des biens, ce qui leur donne une garantie de paiement.<\/p><p>Visa QIWI Wallet est un porte-monnaie \u00e9lectronique disponible dans 19 pays mais particuli\u00e8rement appr\u00e9ci\u00e9 en Russie. Au-del\u00e0 des fonctionnalit\u00e9s classiques d\u2019un wallet, Visa Qiwi Wallet permet \u00e0 ses utilisateurs de payer leurs achats en lignes via un r\u00e9seau de terminaux de paiement en magasins.<\/p><p>Fond\u00e9 en 1998, WebMoney est un syst\u00e8me porte-monnaie \u00e9lectronique russe disponible dans une quinzaine de pays europ\u00e9ens. La solution permet aux utilisateurs de se cr\u00e9er plusieurs sous-comptes associ\u00e9s \u00e0 diff\u00e9rentes devise afin de payer ais\u00e9ment \u00e0 l\u2019\u00e9tranger dans la monnaie locale.<\/p><p>Skrill est une solution de porte-monnaie \u00e9lectronique permettant de r\u00e9gler ses achats effectu\u00e9s en ligne. Skrill est \u00e9galement utilis\u00e9 pour la r\u00e9ception et l\u2019envoi de fonds \u00e0 l\u2019\u00e9tranger dans plus de 40 devises. Aujourd\u2019hui, Skrill revendique plus de 40 millions d\u2019utilisateurs dans le monde.<\/p><p>Mybank est une solution de virement bancaire leader en Italie, utilis\u00e9e par plus de 30 millions d\u2019utilisateurs en Europe. MyBank permet \u00e0 l\u2019utilisateur final de payer directement via l\u2019interface de sa banque. Aujourd\u2019hui, MyBank est disponible aupr\u00e8s de 250 banques europ\u00e9ennes.<\/p><p>Yandex Money est le porte-monnaie \u00e9lectronique le plus utilis\u00e9 en Russie. D\u00e9tenu par le portail de recherche Yandex.ru, les e-shoppers peuvent facilement alimenter leur compte et payer leurs achats \u00e0 hauteur de 15 000 RUB maximum par commande.<\/p>\t\t\t\t\t\t\t\t<\/div>\n\t\t\t\t\t<\/div>\n\t\t<\/div>\n\t\t\t\t\t<\/div>\n\t\t<\/section>\n\t\t\t\t<\/div>\n\t\t","protected":false},"excerpt":{"rendered":"<p>Notre paiement s\u00e9curis\u00e9 Avec SSL La Carte CB est la m\u00e9thode de paiement pr\u00e9f\u00e9r\u00e9e des Fran\u00e7ais depuis plus de 30&#8230;<\/p>\n","protected":false},"author":1,"featured_media":0,"parent":0,"menu_order":0,"comment_status":"closed","ping_status":"closed","template":"elementor_header_footer","meta":{"footnotes":""},"class_list":["post-2071","page","type-page","status-publish","hentry"],"_links":{"self":[{"href":"https:\/\/dolcelahulpegifts.be\/fr\/wp-json\/wp\/v2\/pages\/2071","targetHints":{"allow":["GET"]}}],"collection":[{"href":"https:\/\/dolcelahulpegifts.be\/fr\/wp-json\/wp\/v2\/pages"}],"about":[{"href":"https:\/\/dolcelahulpegifts.be\/fr\/wp-json\/wp\/v2\/types\/page"}],"author":[{"embeddable":true,"href":"https:\/\/dolcelahulpegifts.be\/fr\/wp-json\/wp\/v2\/users\/1"}],"replies":[{"embeddable":true,"href":"https:\/\/dolcelahulpegifts.be\/fr\/wp-json\/wp\/v2\/comments?post=2071"}],"version-history":[{"count":0,"href":"https:\/\/dolcelahulpegifts.be\/fr\/wp-json\/wp\/v2\/pages\/2071\/revisions"}],"wp:attachment":[{"href":"https:\/\/dolcelahulpegifts.be\/fr\/wp-json\/wp\/v2\/media?parent=2071"}],"curies":[{"name":"wp","href":"https:\/\/api.w.org\/{rel}","templated":true}]}}