{"id":11778,"date":"2024-04-17T09:08:20","date_gmt":"2024-04-17T07:08:20","guid":{"rendered":"https:\/\/dolcelahulpegifts.be\/?post_type=product&#038;p=11778"},"modified":"2024-04-17T09:07:44","modified_gmt":"2024-04-17T07:07:44","slug":"ecrin-a-bijoux","status":"publish","type":"product","link":"https:\/\/dolcelahulpegifts.be\/fr\/product\/ecrin-a-bijoux\/","title":{"rendered":"Ecrin \u00e0 bijoux"},"content":{"rendered":"<p>Ecrin \u00e0 bijoux Cinq Mondes<\/p>\n","protected":false},"excerpt":{"rendered":"<p>En cadeau, un \u00e9crin \u00e0 bijoux d\u00e8s 100\u20ac d&rsquo;achat*<br \/>\nOffre valable \u00e0 partir de 110\u20ac d\u2019achat produits cosm\u00e9tiques minimum. Offre valable dans la limite des stocks disponibles et sous conditions en spa. La valeur du cadeau offert est de 25\u20ac<\/p>\n","protected":false},"featured_media":11780,"template":"","meta":[],"product_brand":[],"product_cat":[15],"product_tag":[],"class_list":{"0":"post-11778","1":"product","2":"type-product","3":"status-publish","4":"has-post-thumbnail","6":"product_cat-non-classee","8":"first","9":"instock","10":"taxable","11":"shipping-taxable","12":"purchasable","13":"product-type-simple"},"_links":{"self":[{"href":"https:\/\/dolcelahulpegifts.be\/fr\/wp-json\/wp\/v2\/product\/11778","targetHints":{"allow":["GET"]}}],"collection":[{"href":"https:\/\/dolcelahulpegifts.be\/fr\/wp-json\/wp\/v2\/product"}],"about":[{"href":"https:\/\/dolcelahulpegifts.be\/fr\/wp-json\/wp\/v2\/types\/product"}],"version-history":[{"count":0,"href":"https:\/\/dolcelahulpegifts.be\/fr\/wp-json\/wp\/v2\/product\/11778\/revisions"}],"wp:featuredmedia":[{"embeddable":true,"href":"https:\/\/dolcelahulpegifts.be\/fr\/wp-json\/wp\/v2\/media\/11780"}],"wp:attachment":[{"href":"https:\/\/dolcelahulpegifts.be\/fr\/wp-json\/wp\/v2\/media?parent=11778"}],"wp:term":[{"taxonomy":"product_brand","embeddable":true,"href":"https:\/\/dolcelahulpegifts.be\/fr\/wp-json\/wp\/v2\/product_brand?post=11778"},{"taxonomy":"product_cat","embeddable":true,"href":"https:\/\/dolcelahulpegifts.be\/fr\/wp-json\/wp\/v2\/product_cat?post=11778"},{"taxonomy":"product_tag","embeddable":true,"href":"https:\/\/dolcelahulpegifts.be\/fr\/wp-json\/wp\/v2\/product_tag?post=11778"}],"curies":[{"name":"wp","href":"https:\/\/api.w.org\/{rel}","templated":true}]}}