{"id":12829,"date":"2024-07-19T10:53:18","date_gmt":"2024-07-19T08:53:18","guid":{"rendered":"https:\/\/dolcelahulpegifts.be\/?post_type=product&#038;p=12829"},"modified":"2026-01-06T14:35:17","modified_gmt":"2026-01-06T13:35:17","slug":"serum-riche-de-jeunesse","status":"publish","type":"product","link":"https:\/\/dolcelahulpegifts.be\/fr\/product\/serum-riche-de-jeunesse\/","title":{"rendered":"S\u00e9rum Riche de Jeunesse"},"content":{"rendered":"<p>Depuis des mill\u00e9naires, poussent \u00e0 Guilin, au sud de la Chine, des centaines de plantes utilis\u00e9es par la pharmacop\u00e9e traditionnelle chinoise pour pr\u00e9server son capital jeunesse. Cinq Mondes s&rsquo;en est inspir\u00e9 pour formuler la gamme Riche de Jeunesse.<\/p>\n<p>Le S\u00e9rum Riche de Jeunesse est LA solution sp\u00e9cialement formul\u00e9e pour une correction multi-rides globale (visage, cou et d\u00e9collet\u00e9), gr\u00e2ce \u00e0 une formule naturelle antioxydante et hydratante. Sa texture riche et velout\u00e9e offre un v\u00e9ritable confort, tout en liftant et lissant la peau.<\/p>\n<p>Le d\u00e9collet\u00e9 est d\u00e9froiss\u00e9 et les rides sont lift\u00e9es d\u00e8s la premi\u00e8re application et le galbe du visage est raffermi, la peau est visiblement repulp\u00e9e au fil des utilisations.<br \/>\nPour une correction multi-rides compl\u00e8te, ajoutez \u00e0 votre routine la Cr\u00e8me Riche de Jeunesse pour hydrater et repulper la peau en profondeur.<br \/>\nNotre gamme Riche de jeunesse est fabriqu\u00e9e \u00e0 100% en Europe avec des flacons en verre et un bouchage en h\u00eatre. Les \u00e9tuis de la gamme sont certifi\u00e9s FSC.<\/p>\n<p>Appliquer le S\u00e9rum Riche de Jeunesse, matin et\/ou soir, pour d\u00e9marrer la routine visage cou et d\u00e9collet\u00e9.<br \/>\nBoostez l&rsquo;efficacit\u00e9 de ce s\u00e9rum en l\u2019associant \u00e0 la Cr\u00e8me Riche de Jeunesse.<\/p>\n<p>Ingredients: aqua (water) \/ eau, glycerin, oleyl erucate, Propanediol, caprylic\/capric triglyceride, polyglyceryl-6 Stearate, dicaprylylcarbonate, 1,2-hexanediol, pentylene Glycol, nelumbo nucifera flower extract, panax ginseng Root extract, punica granatum fruit extract, acmella Oleracea extract, avena sativa (oat) kernel extract, Padina pavonica thallus extract, sodium hyaluronate, Helianthus annuus (sunflower) seed oil, glyceryl Dibehenate, glyceryl behenate, polyglyceryl-6 behenate, Tribehenin, xanthan gum, carbomer, parfum (fragrance), Tetrasodium glutamate diacetate, tocopherol, potassium Sorbate, sodium benzoate, citric acid, linalool, limonene, Citronellol.<\/p>\n<div class=\"row tab-pane-three-row\">\n<div class=\"col-md-4\">\n<h3 class=\"title-lower-5\">Trois plantes chinoises<\/h3>\n<div class=\"tabpane-card\">\n<div class=\"cms-content cms-view-more-content ivoire-gd\">\n<p>Renforcent l\u2019 hydratation naturelle de la peau<\/p>\n<\/div>\n<\/div>\n<\/div>\n<div class=\"col-md-4\">\n<h3 class=\"title-lower-5\">Avena Sativa<\/h3>\n<div class=\"tabpane-card\">\n<div class=\"cms-content cms-view-more-content ivoire-gd\">\n<p>Lisse imm\u00e9diatement et durablement les rides<\/p>\n<\/div>\n<\/div>\n<\/div>\n<div class=\"col-md-4\">\n<h3 class=\"title-lower-5\">Gatuline<\/h3>\n<div class=\"tabpane-card\">\n<div class=\"cms-content cms-view-more-content ivoire-gd\">\n<p>Lifte les rides et d\u00e9froisse le d\u00e9collet\u00e9<\/p>\n<\/div>\n<\/div>\n<\/div>\n<\/div>\n<div class=\"row\">\n<div class=\"col-12\">\n<div class=\"complementary-text\">\n<div class=\"cms-content cms-view-more-content ivoire-gd\">\n<p>&nbsp;<\/p>\n<\/div>\n<\/div>\n<\/div>\n<\/div>\n","protected":false},"excerpt":{"rendered":"<div class=\"product-desc\">\n<div class=\"cms-content cms-view-more-content cms-collapsed\">\n<div class=\"product attribute overview\">\n<div class=\"value\">RITUEL DE GUILIN<\/div>\n<div><\/div>\n<div class=\"value\">Ce s\u00e9rum correcteur multi-rides (visage, cou et d\u00e9collet\u00e9) agit efficacement contre les signes de l\u2019\u00e2ge. Effet liftant en une semaine. Les rides du visage sont liss\u00e9es, celles du cou et du d\u00e9collet\u00e9 sont att\u00e9nu\u00e9es. La peau para\u00eet visiblement plus jeune. Contient 98% d\u2019ingr\u00e9dients d\u2019origine naturelle.<\/div>\n<div><\/div>\n<\/div>\n<\/div>\n<\/div>\n<div class=\"attribut-list skin-type\">\n<div class=\"label\">TYPE DE PEAU :<\/div>\n<p>Tous types de peaux<\/p>\n<\/div>\n<div class=\"attribut-list concerns\">\n<div class=\"label\">PR\u00c9OCCUPATIONS :<\/div>\n<p>Perte de fermet\u00e9<\/p>\n<\/div>\n","protected":false},"featured_media":12876,"template":"","meta":[],"product_brand":[],"product_cat":[101],"product_tag":[],"class_list":{"0":"post-12829","1":"product","2":"type-product","3":"status-publish","4":"has-post-thumbnail","6":"product_cat-visage","8":"first","9":"instock","10":"taxable","11":"shipping-taxable","12":"purchasable","13":"product-type-simple"},"_links":{"self":[{"href":"https:\/\/dolcelahulpegifts.be\/fr\/wp-json\/wp\/v2\/product\/12829","targetHints":{"allow":["GET"]}}],"collection":[{"href":"https:\/\/dolcelahulpegifts.be\/fr\/wp-json\/wp\/v2\/product"}],"about":[{"href":"https:\/\/dolcelahulpegifts.be\/fr\/wp-json\/wp\/v2\/types\/product"}],"version-history":[{"count":1,"href":"https:\/\/dolcelahulpegifts.be\/fr\/wp-json\/wp\/v2\/product\/12829\/revisions"}],"predecessor-version":[{"id":18590,"href":"https:\/\/dolcelahulpegifts.be\/fr\/wp-json\/wp\/v2\/product\/12829\/revisions\/18590"}],"wp:featuredmedia":[{"embeddable":true,"href":"https:\/\/dolcelahulpegifts.be\/fr\/wp-json\/wp\/v2\/media\/12876"}],"wp:attachment":[{"href":"https:\/\/dolcelahulpegifts.be\/fr\/wp-json\/wp\/v2\/media?parent=12829"}],"wp:term":[{"taxonomy":"product_brand","embeddable":true,"href":"https:\/\/dolcelahulpegifts.be\/fr\/wp-json\/wp\/v2\/product_brand?post=12829"},{"taxonomy":"product_cat","embeddable":true,"href":"https:\/\/dolcelahulpegifts.be\/fr\/wp-json\/wp\/v2\/product_cat?post=12829"},{"taxonomy":"product_tag","embeddable":true,"href":"https:\/\/dolcelahulpegifts.be\/fr\/wp-json\/wp\/v2\/product_tag?post=12829"}],"curies":[{"name":"wp","href":"https:\/\/api.w.org\/{rel}","templated":true}]}}