{"id":13208,"date":"2024-09-12T17:54:27","date_gmt":"2024-09-12T15:54:27","guid":{"rendered":"https:\/\/dolcelahulpegifts.be\/?post_type=product&#038;p=13208"},"modified":"2026-01-06T14:31:36","modified_gmt":"2026-01-06T13:31:36","slug":"baume-yeux-riche-de-jeunesse-15ml","status":"publish","type":"product","link":"https:\/\/dolcelahulpegifts.be\/fr\/product\/baume-yeux-riche-de-jeunesse-15ml\/","title":{"rendered":"Baume Yeux Riche de Jeunesse (15ml)"},"content":{"rendered":"<p style=\"text-align: left;\">Depuis des mill\u00e9naires, poussent \u00e0 Guilin, au sud de la Chine, des centaines de plantes utilis\u00e9es par la pharmacop\u00e9e traditionnelle chinoise pour pr\u00e9server son capital jeunesse. Cinq Mondes s&rsquo;en est inspir\u00e9 pour formuler la gamme Riche de Jeunesse.<\/p>\n<p style=\"text-align: left;\">Le Baume Yeux Riche de Jeunesse est LA solution sp\u00e9cialement formul\u00e9e pour une correction des rides du contour de l\u2019\u0153il, gr\u00e2ce \u00e0 une formule naturelle lissante, raffermissante et hydratante. Sa texture riche et g\u00e9n\u00e9reuse offre un v\u00e9ritable confort, elle s\u2019adapte parfaitement \u00e0 la zone fragile du contour de l\u2019\u0153il.<\/p>\n<p style=\"text-align: left;\">Le contour de l\u2019\u0153il est lift\u00e9 et visiblement raffermi, les rides et l\u2019apparence des cernes sont diminu\u00e9es au fil des utilisations.<br \/>\nPour une correction multi-rides compl\u00e8te, ajoutez \u00e0 votre routine le S\u00e9rum Riche de Jeunesse pour un effet liftant ainsi que la Cr\u00e8me Riche de Jeunesse pour repulper la peau en profondeur.<br \/>\nNotre gamme Riche de jeunesse est fabriqu\u00e9e \u00e0 100% en Europe avec des flacons en verre et un bouchage en h\u00eatre. Les \u00e9tuis de la gamme sont certifi\u00e9s FSC.<br \/>\n<!--more--><\/p>\n<p style=\"text-align: left;\"><!--more--><\/p>\n<p style=\"text-align: left;\">Appliquer le Baume Yeux Riche de Jeunesse, matin et\/ou soir, sur une peau parfaitement nettoy\u00e9e, en lissant d\u00e9licatement le contour de l\u2019\u0153il.<br \/>\nBoostez l&rsquo;efficacit\u00e9 de ce baume en l\u2019associant au <a href=\"https:\/\/dolcelahulpegifts.be\/fr\/product\/serum-riche-de-jeunesse\/\">S\u00e9rum Riche de Jeunesse<\/a> sur l\u2019ensemble du visage ainsi qu\u2019\u00e0 la Cr\u00e8me Riche de Jeunesse.<\/p>\n<p style=\"text-align: left;\"><!--more--><\/p>\n<p style=\"text-align: left;\"><b class=\"term\">Ingr\u00e9dients<\/b>: Aqua (Water)\/Eau, Glycerin, Caprylic\/Capric Triglyceride, Propanediol, Propylheptyl Caprylate, Undecane, Arachidyl Alcohol, Glyceryl Stearate, Behenyl Alcohol, Glyceryl Dibehenate, Tridecane, Tribehenin, 1,2-Hexanediol, Sodium Stearoyl Glutamate, Nelumbo Nucifera Flower Extract, Panax Ginseng Root Extract, Punica Granatum Fruit Extract, Avena Sativa (Oat) Kernel Extract, Jasminum Sambac (Jasmine) Flower Extract, Crataegus Monogyna Flower Extract, Padina Pavonica Thallus Extract, Sodium Hyaluronate, Helianthus Annuus (Sunflower) Seed Oil, Arachidyl Glucoside, Glyceryl Behenate, Sodium Polyacrylate, Sodium Polyacrylate Starch, Tocopherol, Potassium Sorbate, Sodium Benzoate, Citric Acid, O-Cymen-5-Ol.<\/p>\n<p style=\"text-align: left;\"><!--more--><\/p>\n<div class=\"row tab-pane-four-row\">\n<div class=\"col-md-6 col-lg-3\"><\/div>\n<\/div>\n","protected":false},"excerpt":{"rendered":"<p>Ce Baume Yeux Riche de Jeunesse corrige les rides et lutte efficacement contre le rel\u00e2chement des paupi\u00e8res sup\u00e9rieures.<br \/>\nLes rides de la patte d\u2019oie sont combl\u00e9es et les cernes att\u00e9nu\u00e9s. Intens\u00e9ment d\u00e9froiss\u00e9, le regard semble plus frais, il para\u00eet visiblement plus jeune. Contient 96,5% d\u2019ingr\u00e9dients d\u2019origine naturelle.<\/p>\n","protected":false},"featured_media":13209,"template":"","meta":[],"product_brand":[],"product_cat":[101],"product_tag":[],"class_list":{"0":"post-13208","1":"product","2":"type-product","3":"status-publish","4":"has-post-thumbnail","6":"product_cat-visage","8":"first","9":"instock","10":"taxable","11":"shipping-taxable","12":"purchasable","13":"product-type-simple"},"_links":{"self":[{"href":"https:\/\/dolcelahulpegifts.be\/fr\/wp-json\/wp\/v2\/product\/13208","targetHints":{"allow":["GET"]}}],"collection":[{"href":"https:\/\/dolcelahulpegifts.be\/fr\/wp-json\/wp\/v2\/product"}],"about":[{"href":"https:\/\/dolcelahulpegifts.be\/fr\/wp-json\/wp\/v2\/types\/product"}],"version-history":[{"count":6,"href":"https:\/\/dolcelahulpegifts.be\/fr\/wp-json\/wp\/v2\/product\/13208\/revisions"}],"predecessor-version":[{"id":18588,"href":"https:\/\/dolcelahulpegifts.be\/fr\/wp-json\/wp\/v2\/product\/13208\/revisions\/18588"}],"wp:featuredmedia":[{"embeddable":true,"href":"https:\/\/dolcelahulpegifts.be\/fr\/wp-json\/wp\/v2\/media\/13209"}],"wp:attachment":[{"href":"https:\/\/dolcelahulpegifts.be\/fr\/wp-json\/wp\/v2\/media?parent=13208"}],"wp:term":[{"taxonomy":"product_brand","embeddable":true,"href":"https:\/\/dolcelahulpegifts.be\/fr\/wp-json\/wp\/v2\/product_brand?post=13208"},{"taxonomy":"product_cat","embeddable":true,"href":"https:\/\/dolcelahulpegifts.be\/fr\/wp-json\/wp\/v2\/product_cat?post=13208"},{"taxonomy":"product_tag","embeddable":true,"href":"https:\/\/dolcelahulpegifts.be\/fr\/wp-json\/wp\/v2\/product_tag?post=13208"}],"curies":[{"name":"wp","href":"https:\/\/api.w.org\/{rel}","templated":true}]}}