{"id":14112,"date":"2024-12-06T12:46:34","date_gmt":"2024-12-06T11:46:34","guid":{"rendered":"https:\/\/dolcelahulpegifts.be\/?post_type=product&#038;p=14112"},"modified":"2026-01-02T10:50:43","modified_gmt":"2026-01-02T09:50:43","slug":"abonnement-iconique-spa","status":"publish","type":"product","link":"https:\/\/dolcelahulpegifts.be\/fr\/product\/abonnement-iconique-spa\/","title":{"rendered":"Abonnement Iconique au Spa Cinq Mondes"},"content":{"rendered":"<h5>L&rsquo;abonnement Iconique au Spa Cinq Mondes vous donne droit \u00e0 de multiples avantages tels que :<\/h5>\n<ul>\n<li>Choix de la th\u00e9rapeute de soins<\/li>\n<li>Offre de renouvellement d&rsquo;abonnement *<\/li>\n<li>Salle VIP Double offerte<\/li>\n<li>2 Hammams Traditionnels offerts<\/li>\n<li>Remise de 15% sur les <a href=\"https:\/\/www.dolcelahulpe.com\/fr\/spa\/menu-des-soins\" target=\"_blank\" rel=\"noopener\">soins<\/a> et les <a href=\"https:\/\/dolcelahulpegifts.be\/fr\/product-category\/boutique\/\">produits<\/a><\/li>\n<\/ul>\n<p>* Cinq Mondes vous offre lors du renouvellement de votre abonnement, un produit de votre choix (hors gamme G\u00e9to, Pr\u00e9cieuse, Lumi\u00e8re et Infinit\u00e9)<\/p>\n<p>Valeur de l&rsquo;abonnement : 1150\u20ac<br \/>\nValidit\u00e9: 1 an,<\/p>\n<p>Cet abonnement est uniquement valable pour les soins du lundi au jeudi.<\/p>\n","protected":false},"excerpt":{"rendered":"<p>L\u2019abonnement Iconique offre un \u00e9quivalent de 10 s\u00e9ances de 50min de soins au Spa Cinq Mondes du Dolce La Hulpe Brussels, uniquement pour les soins du lundi au jeudi.<\/p>\n","protected":false},"featured_media":14244,"template":"","meta":[],"product_brand":[],"product_cat":[54,113,53,144],"product_tag":[],"class_list":{"0":"post-14112","1":"product","2":"type-product","3":"status-publish","4":"has-post-thumbnail","6":"product_cat-abonnements","7":"product_cat-en-solo","8":"product_cat-experiences-spa","9":"product_cat-spa","11":"first","12":"instock","13":"taxable","14":"shipping-taxable","15":"purchasable","16":"product-type-simple"},"_links":{"self":[{"href":"https:\/\/dolcelahulpegifts.be\/fr\/wp-json\/wp\/v2\/product\/14112","targetHints":{"allow":["GET"]}}],"collection":[{"href":"https:\/\/dolcelahulpegifts.be\/fr\/wp-json\/wp\/v2\/product"}],"about":[{"href":"https:\/\/dolcelahulpegifts.be\/fr\/wp-json\/wp\/v2\/types\/product"}],"version-history":[{"count":8,"href":"https:\/\/dolcelahulpegifts.be\/fr\/wp-json\/wp\/v2\/product\/14112\/revisions"}],"predecessor-version":[{"id":18552,"href":"https:\/\/dolcelahulpegifts.be\/fr\/wp-json\/wp\/v2\/product\/14112\/revisions\/18552"}],"wp:featuredmedia":[{"embeddable":true,"href":"https:\/\/dolcelahulpegifts.be\/fr\/wp-json\/wp\/v2\/media\/14244"}],"wp:attachment":[{"href":"https:\/\/dolcelahulpegifts.be\/fr\/wp-json\/wp\/v2\/media?parent=14112"}],"wp:term":[{"taxonomy":"product_brand","embeddable":true,"href":"https:\/\/dolcelahulpegifts.be\/fr\/wp-json\/wp\/v2\/product_brand?post=14112"},{"taxonomy":"product_cat","embeddable":true,"href":"https:\/\/dolcelahulpegifts.be\/fr\/wp-json\/wp\/v2\/product_cat?post=14112"},{"taxonomy":"product_tag","embeddable":true,"href":"https:\/\/dolcelahulpegifts.be\/fr\/wp-json\/wp\/v2\/product_tag?post=14112"}],"curies":[{"name":"wp","href":"https:\/\/api.w.org\/{rel}","templated":true}]}}