{"id":1575,"date":"2022-04-13T17:02:29","date_gmt":"2022-04-13T15:02:29","guid":{"rendered":"https:\/\/dolcelahulpegifts.duckdns.org\/?post_type=product&#038;p=1575"},"modified":"2026-01-02T11:04:52","modified_gmt":"2026-01-02T10:04:52","slug":"grand-rituel-tour-du-monde","status":"publish","type":"product","link":"https:\/\/dolcelahulpegifts.be\/fr\/product\/grand-rituel-tour-du-monde\/","title":{"rendered":"Grand Rituel Tour du Monde (2h20)"},"content":{"rendered":"<p style=\"font-weight: 300;\">Le Grand Rituel Tour du Monde inclut:<\/p>\n<ul>\n<li style=\"font-weight: 300;\"><b><strong>Hammam Traditionnel &#8211; <\/strong><\/b>R\u00e9confort:<\/li>\n<\/ul>\n<p>D\u00e9couvrez une authentique exp\u00e9rience du hammam \u00e0 travers un bain de vapeurs chaudes avec des huiles essentielles personnalis\u00e9es. Un v\u00e9ritable voyage sensoriel unique pour le corps<br \/>\net l\u2019esprit.<br \/>\n<em>\u00c0 d\u00e9couvrir \u00e9galement \u00e0 deux ou de mani\u00e8re privative.<\/em><\/p>\n<ul>\n<li style=\"font-weight: 300;\"><b><strong>Gommage Pur\u00e9e de Papaye &#8211; <\/strong><\/b>R\u00e9v\u00e9lateur d\u2019\u00e9clat:<\/li>\n<\/ul>\n<p>Laissez-vous transporter dans le royaume du Siam et ses notes envo\u00fbtantes. Ce soin compos\u00e9 de papaye et de terre de diatom\u00e9e exfolie, parfume et illumine votre peau.<\/p>\n<ul>\n<li style=\"font-weight: 300;\"><b><strong>Soin Massage D\u00e9lassant du Dos &#8211; <\/strong><\/b>D\u00e9lassant:<\/li>\n<\/ul>\n<p>D\u00e9couvrez ce massage relaxant \u00e0 l\u2019huile chaude. Ce soin lib\u00e8re les tensions des muscles du dos et de la nuque.<\/p>\n<ul>\n<li style=\"font-weight: 300;\"><b><strong>Soin Massage Fleurs de Bali &#8211; <\/strong><\/b>Coup d\u2019\u00e9clat:<\/li>\n<\/ul>\n<p>Durant ce soin, profitez des d\u00e9licates senteurs des fleurs tropicales, pour une peau \u00e9clatante et un teint sublim\u00e9.<\/p>\n<ul>\n<li style=\"font-weight: 300;\"><b><strong>Soin Massage \u00c9nerg\u00e9tique des Pieds &#8211; <\/strong><\/b>L\u00e9g\u00e8ret\u00e9:<\/li>\n<\/ul>\n<p>Retrouvez des pieds l\u00e9gers gr\u00e2ce \u00e0 ce massage profond utilisant une technique d\u2019acupression.<\/p>\n","protected":false},"excerpt":{"rendered":"<p>Le Grand Rituel Tour du Monde vous invite \u00e0 une croisi\u00e8re sensorielle faisant escale dans cinq pays reconnus pour leurs pratiques ancestrales du bien-\u00eatre.<\/p>\n","protected":false},"featured_media":18284,"template":"","meta":[],"product_brand":[],"product_cat":[53],"product_tag":[],"class_list":{"0":"post-1575","1":"product","2":"type-product","3":"status-publish","4":"has-post-thumbnail","6":"product_cat-experiences-spa","8":"first","9":"instock","10":"featured","11":"sold-individually","12":"taxable","13":"shipping-taxable","14":"purchasable","15":"product-type-variable","16":"has-default-attributes"},"_links":{"self":[{"href":"https:\/\/dolcelahulpegifts.be\/fr\/wp-json\/wp\/v2\/product\/1575","targetHints":{"allow":["GET"]}}],"collection":[{"href":"https:\/\/dolcelahulpegifts.be\/fr\/wp-json\/wp\/v2\/product"}],"about":[{"href":"https:\/\/dolcelahulpegifts.be\/fr\/wp-json\/wp\/v2\/types\/product"}],"version-history":[{"count":1,"href":"https:\/\/dolcelahulpegifts.be\/fr\/wp-json\/wp\/v2\/product\/1575\/revisions"}],"predecessor-version":[{"id":16443,"href":"https:\/\/dolcelahulpegifts.be\/fr\/wp-json\/wp\/v2\/product\/1575\/revisions\/16443"}],"wp:featuredmedia":[{"embeddable":true,"href":"https:\/\/dolcelahulpegifts.be\/fr\/wp-json\/wp\/v2\/media\/18284"}],"wp:attachment":[{"href":"https:\/\/dolcelahulpegifts.be\/fr\/wp-json\/wp\/v2\/media?parent=1575"}],"wp:term":[{"taxonomy":"product_brand","embeddable":true,"href":"https:\/\/dolcelahulpegifts.be\/fr\/wp-json\/wp\/v2\/product_brand?post=1575"},{"taxonomy":"product_cat","embeddable":true,"href":"https:\/\/dolcelahulpegifts.be\/fr\/wp-json\/wp\/v2\/product_cat?post=1575"},{"taxonomy":"product_tag","embeddable":true,"href":"https:\/\/dolcelahulpegifts.be\/fr\/wp-json\/wp\/v2\/product_tag?post=1575"}],"curies":[{"name":"wp","href":"https:\/\/api.w.org\/{rel}","templated":true}]}}