{"id":17034,"date":"2025-10-07T14:20:59","date_gmt":"2025-10-07T12:20:59","guid":{"rendered":"https:\/\/dolcelahulpegifts.be\/?post_type=product&#038;p=17034"},"modified":"2026-01-07T21:41:04","modified_gmt":"2026-01-07T20:41:04","slug":"dolce-bed-brunch","status":"publish","type":"product","link":"https:\/\/dolcelahulpegifts.be\/fr\/product\/dolce-bed-brunch\/","title":{"rendered":"Dolce Bed &#038; Brunch"},"content":{"rendered":"<p>Avec ce forfait Dolce Bed &amp; Brunch vos b\u00e9n\u00e9ficiaires appr\u00e9cieront de se reconnecter \u00e0 la nature. Apr\u00e8s s&rsquo;\u00eatre r\u00e9veill\u00e9s avec le chant des oiseaux, ils d\u00e9gusteront un d\u00e9licieux brunch et partiront ensuite explorer les merveilles de la for\u00eat de Soignes environnante. Leur s\u00e9jour inclut \u00e9galement un acc\u00e8s au centre de bien-\u00eatre comprenant une piscine int\u00e9rieure, un sauna, un hammam et une salle de fitness.<\/p>\n<p>Ce forfait comprend :<\/p>\n<ul>\n<li>Balade en for\u00eat vers le Ch\u00e2teau de La Hulpe<\/li>\n<li>Acc\u00e8s \u00e0 l&rsquo;espace wellness (piscine, sauna et hammam) et \u00e0 la salle de fitness sur r\u00e9servation<\/li>\n<li>Activit\u00e9s gratuites sur site: tennis, badminton, p\u00e9tanque, basket-ball, ping-pong, baby-foot, etc.<\/li>\n<li>Nuit paisible et r\u00e9veil avec le chant des oiseaux<\/li>\n<li>Brunch avec vue panoramique sur la for\u00eat<\/li>\n<li>Parking gratuit<\/li>\n<\/ul>\n","protected":false},"excerpt":{"rendered":"<p>Offrez un s\u00e9jour Dolce Bed &amp; Brunch relaxant au c\u0153ur de la for\u00eat avec brunch et acc\u00e8s \u00e0 l&rsquo;espace wellness.<br \/>\nUniquement disponible la nuit du samedi au dimanche.<\/p>\n","protected":false},"featured_media":12166,"template":"","meta":[],"product_brand":[],"product_cat":[55,112,114,115],"product_tag":[],"class_list":{"0":"post-17034","1":"product","2":"type-product","3":"status-publish","4":"has-post-thumbnail","6":"product_cat-sejours-en-foret","7":"product_cat-a-partager","8":"product_cat-en-famille","9":"product_cat-cadeaux-dentreprise","11":"first","12":"instock","13":"featured","14":"sold-individually","15":"taxable","16":"shipping-taxable","17":"purchasable","18":"product-type-variable","19":"has-default-attributes"},"_links":{"self":[{"href":"https:\/\/dolcelahulpegifts.be\/fr\/wp-json\/wp\/v2\/product\/17034","targetHints":{"allow":["GET"]}}],"collection":[{"href":"https:\/\/dolcelahulpegifts.be\/fr\/wp-json\/wp\/v2\/product"}],"about":[{"href":"https:\/\/dolcelahulpegifts.be\/fr\/wp-json\/wp\/v2\/types\/product"}],"version-history":[{"count":2,"href":"https:\/\/dolcelahulpegifts.be\/fr\/wp-json\/wp\/v2\/product\/17034\/revisions"}],"predecessor-version":[{"id":17054,"href":"https:\/\/dolcelahulpegifts.be\/fr\/wp-json\/wp\/v2\/product\/17034\/revisions\/17054"}],"wp:featuredmedia":[{"embeddable":true,"href":"https:\/\/dolcelahulpegifts.be\/fr\/wp-json\/wp\/v2\/media\/12166"}],"wp:attachment":[{"href":"https:\/\/dolcelahulpegifts.be\/fr\/wp-json\/wp\/v2\/media?parent=17034"}],"wp:term":[{"taxonomy":"product_brand","embeddable":true,"href":"https:\/\/dolcelahulpegifts.be\/fr\/wp-json\/wp\/v2\/product_brand?post=17034"},{"taxonomy":"product_cat","embeddable":true,"href":"https:\/\/dolcelahulpegifts.be\/fr\/wp-json\/wp\/v2\/product_cat?post=17034"},{"taxonomy":"product_tag","embeddable":true,"href":"https:\/\/dolcelahulpegifts.be\/fr\/wp-json\/wp\/v2\/product_tag?post=17034"}],"curies":[{"name":"wp","href":"https:\/\/api.w.org\/{rel}","templated":true}]}}