{"id":1734,"date":"2022-04-19T15:43:28","date_gmt":"2022-04-19T13:43:28","guid":{"rendered":"https:\/\/dolcelahulpegifts.duckdns.org\/?post_type=product&#038;p=1734"},"modified":"2025-12-03T14:47:12","modified_gmt":"2025-12-03T13:47:12","slug":"bon-cadeau-dolce","status":"publish","type":"product","link":"https:\/\/dolcelahulpegifts.be\/fr\/product\/bon-cadeau-dolce\/","title":{"rendered":"Bon Cadeau"},"content":{"rendered":"<p>Vous ne savez pas si votre invit\u00e9 pr\u00e9f\u00e8re un d\u00eener au restaurant, un massage au Spa Cinq Mondes ou un week-end de d\u00e9tente? Le Bon Cadeau Dolce est la solution. Soyez certain de combler vos proches en leur laissant la libert\u00e9 de choisir l&rsquo;exp\u00e9rience qu&rsquo;ils d\u00e9sirent dans un cadre naturel hors du commun.<\/p>\n<p>Votre invit\u00e9 aura le bonheur de choisir parmi les exp\u00e9riences suivantes:<\/p>\n<ul>\n<li>S\u00e9jour cocooning et d\u00e9tente dans un h\u00f4tel**** certifi\u00e9 Cl\u00e9 verte<\/li>\n<li>Relaxation ultime dans notre Spa Cinq Mondes au coeur de la for\u00eat<\/li>\n<li>Plaisirs de la table dans notre restaurant Argan<\/li>\n<li>S\u00e9lection de ses produits Cinq Mondes pr\u00e9f\u00e9r\u00e9s<\/li>\n<\/ul>\n<p>Offre valable 1 an \u00e0 partir de la date d&rsquo;\u00e9mission du bon cadeau Dolce.<\/p>\n","protected":false},"excerpt":{"rendered":"<p>Bon Cadeau Dolce valable sur l&rsquo;ensemble des services du Dolce La Hulpe: s\u00e9jours, restaurants, soins &amp; produits Cinq Mondes.<\/p>\n","protected":false},"featured_media":16204,"template":"","meta":[],"product_brand":[],"product_cat":[111],"product_tag":[117],"class_list":{"0":"post-1734","1":"product","2":"type-product","3":"status-publish","4":"has-post-thumbnail","6":"product_cat-idees-cadeaux","7":"product_tag-cheque-cadeau","8":"product_shipping_class-sans-livraison","10":"first","11":"instock","12":"taxable","13":"shipping-taxable","14":"purchasable","15":"product-type-variable","16":"has-default-attributes"},"_links":{"self":[{"href":"https:\/\/dolcelahulpegifts.be\/fr\/wp-json\/wp\/v2\/product\/1734","targetHints":{"allow":["GET"]}}],"collection":[{"href":"https:\/\/dolcelahulpegifts.be\/fr\/wp-json\/wp\/v2\/product"}],"about":[{"href":"https:\/\/dolcelahulpegifts.be\/fr\/wp-json\/wp\/v2\/types\/product"}],"version-history":[{"count":6,"href":"https:\/\/dolcelahulpegifts.be\/fr\/wp-json\/wp\/v2\/product\/1734\/revisions"}],"predecessor-version":[{"id":17724,"href":"https:\/\/dolcelahulpegifts.be\/fr\/wp-json\/wp\/v2\/product\/1734\/revisions\/17724"}],"wp:featuredmedia":[{"embeddable":true,"href":"https:\/\/dolcelahulpegifts.be\/fr\/wp-json\/wp\/v2\/media\/16204"}],"wp:attachment":[{"href":"https:\/\/dolcelahulpegifts.be\/fr\/wp-json\/wp\/v2\/media?parent=1734"}],"wp:term":[{"taxonomy":"product_brand","embeddable":true,"href":"https:\/\/dolcelahulpegifts.be\/fr\/wp-json\/wp\/v2\/product_brand?post=1734"},{"taxonomy":"product_cat","embeddable":true,"href":"https:\/\/dolcelahulpegifts.be\/fr\/wp-json\/wp\/v2\/product_cat?post=1734"},{"taxonomy":"product_tag","embeddable":true,"href":"https:\/\/dolcelahulpegifts.be\/fr\/wp-json\/wp\/v2\/product_tag?post=1734"}],"curies":[{"name":"wp","href":"https:\/\/api.w.org\/{rel}","templated":true}]}}