{"id":17588,"date":"2025-11-26T12:01:43","date_gmt":"2025-11-26T11:01:43","guid":{"rendered":"https:\/\/dolcelahulpegifts.be\/?post_type=product&#038;p=17588"},"modified":"2025-12-02T14:50:45","modified_gmt":"2025-12-02T13:50:45","slug":"cure-taoiste-revitalisante","status":"publish","type":"product","link":"https:\/\/dolcelahulpegifts.be\/fr\/product\/cure-taoiste-revitalisante\/","title":{"rendered":"NOUVEAU : Cure Tao\u00efste Revitalisante"},"content":{"rendered":"<p>La cure Tao\u00efste Revitalisante vise \u00e0 r\u00e9\u00e9quilibrer le corps et l\u2019esprit par des soins en profondeur, o\u00f9 chaque geste est pens\u00e9 pour harmoniser et revitaliser.<\/p>\n<ul>\n<li>La s\u00e9ance d\u00e9bute par un\u00a0<strong>Gommage du Corps suivi d\u2019un Soin Massage Tao\u00efste Tui Na<\/strong>, qui travaille sur les m\u00e9ridiens et les points d\u2019acupression pour lib\u00e9rer les tensions et harmoniser les flux \u00e9nerg\u00e9tiques (1h50).<\/li>\n<\/ul>\n<ul>\n<li>Elle se poursuit avec le\u00a0<strong>Soin Massage D\u00e9lice du Dos et le Soin Massage Tao\u00efste Visage et Regard<\/strong>, offrant jeunesse, \u00e9clat et d\u00e9tente, pour une peau radieuse et un esprit apais\u00e9 (1h50).<\/li>\n<\/ul>\n<ul>\n<li>Ensuite, le\u00a0<strong>Massage \u00c9nerg\u00e9tique des Pieds<\/strong>\u00a0suivi du<strong>\u00a0Soin Massage Tao\u00efste Tui Na<\/strong>\u00a0\u00e0 l\u2019huile compl\u00e8te l\u2019exp\u00e9rience, permettant de rel\u00e2cher fatigue et stress accumul\u00e9s et de retrouver s\u00e9r\u00e9nit\u00e9 et \u00e9quilibre int\u00e9rieur (1h20).<\/li>\n<\/ul>\n","protected":false},"excerpt":{"rendered":"<p>La cure Tao\u00efste revitalisante s\u2019inspire de la M\u00e9decine Traditionnelle Chinoise et de sa compr\u00e9hension du Qi, l\u2019\u00e9nergie vitale. Elle vise \u00e0 r\u00e9\u00e9quilibrer le corps et l\u2019esprit par des soins en profondeur, o\u00f9 chaque geste est pens\u00e9 pour harmoniser et revitaliser.<\/p>\n<p>(S\u2019) Offrir une cure Tao\u00efste revitalisante au coeur de la nature revient \u00e0 (s\u2019) offrir 5h30 de soins et massages Cinq Mondes r\u00e9partis sur 3 visites.<\/p>\n","protected":false},"featured_media":17699,"template":"","meta":[],"product_brand":[],"product_cat":[53,113],"product_tag":[],"class_list":{"0":"post-17588","1":"product","2":"type-product","3":"status-publish","4":"has-post-thumbnail","6":"product_cat-experiences-spa","7":"product_cat-en-solo","9":"first","10":"instock","11":"taxable","12":"shipping-taxable","13":"purchasable","14":"product-type-variable"},"_links":{"self":[{"href":"https:\/\/dolcelahulpegifts.be\/fr\/wp-json\/wp\/v2\/product\/17588","targetHints":{"allow":["GET"]}}],"collection":[{"href":"https:\/\/dolcelahulpegifts.be\/fr\/wp-json\/wp\/v2\/product"}],"about":[{"href":"https:\/\/dolcelahulpegifts.be\/fr\/wp-json\/wp\/v2\/types\/product"}],"version-history":[{"count":4,"href":"https:\/\/dolcelahulpegifts.be\/fr\/wp-json\/wp\/v2\/product\/17588\/revisions"}],"predecessor-version":[{"id":17700,"href":"https:\/\/dolcelahulpegifts.be\/fr\/wp-json\/wp\/v2\/product\/17588\/revisions\/17700"}],"wp:featuredmedia":[{"embeddable":true,"href":"https:\/\/dolcelahulpegifts.be\/fr\/wp-json\/wp\/v2\/media\/17699"}],"wp:attachment":[{"href":"https:\/\/dolcelahulpegifts.be\/fr\/wp-json\/wp\/v2\/media?parent=17588"}],"wp:term":[{"taxonomy":"product_brand","embeddable":true,"href":"https:\/\/dolcelahulpegifts.be\/fr\/wp-json\/wp\/v2\/product_brand?post=17588"},{"taxonomy":"product_cat","embeddable":true,"href":"https:\/\/dolcelahulpegifts.be\/fr\/wp-json\/wp\/v2\/product_cat?post=17588"},{"taxonomy":"product_tag","embeddable":true,"href":"https:\/\/dolcelahulpegifts.be\/fr\/wp-json\/wp\/v2\/product_tag?post=17588"}],"curies":[{"name":"wp","href":"https:\/\/api.w.org\/{rel}","templated":true}]}}