{"id":17594,"date":"2025-11-26T13:31:09","date_gmt":"2025-11-26T12:31:09","guid":{"rendered":"https:\/\/dolcelahulpegifts.be\/?post_type=product&#038;p=17594"},"modified":"2025-12-02T14:35:47","modified_gmt":"2025-12-02T13:35:47","slug":"cure-ayurvedique-detoxifiante","status":"publish","type":"product","link":"https:\/\/dolcelahulpegifts.be\/fr\/product\/cure-ayurvedique-detoxifiante\/","title":{"rendered":"NOUVEAU : Cure Ayurv\u00e9dique D\u00e9toxifiante"},"content":{"rendered":"<p>La Cure Ayurv\u00e9dique D\u00e9toxifiante invite \u00e0 un v\u00e9ritable voyage en Inde, o\u00f9 tradition et expertise se rencontrent pour purifier et revitaliser le corps.<\/p>\n<p>La cure d\u00e9bute par un <strong>Gommage Aromatique aux Epices<\/strong>, suivi du <strong>Soin Massage Udarabhyanga<\/strong>, qui favorise la circulation \u00e9nerg\u00e9tique et l\u2019\u00e9limination des toxines, pr\u00e9parant le corps \u00e0 la relaxation profonde (1h20).<br \/>\nLe rituel se poursuit par le <strong>Soin Massage du Visage Rituel Fleurs et Fruits de Bali\u00ae<\/strong>, qui d\u00e9sincruste, nourrit et illumine la peau, apportant \u00e9clat et bien-\u00eatre (1h20).<br \/>\nEnfin, le <strong>Soin Massage Ayurv\u00e9dique Indien<\/strong> accompagn\u00e9 d\u2019un <strong>hammam traditionnel<\/strong> d\u00e9tend les tensions musculaires et tonifie l\u2019ensemble du corps, pour une sensation de l\u00e9g\u00e8ret\u00e9 et de vitalit\u00e9 retrouv\u00e9e (1h50).<\/p>\n","protected":false},"excerpt":{"rendered":"<p>Inspir\u00e9e de l\u2019Ayurveda, science indienne de la vie longue et saine vieille de plus de 3 000 ans, la Cure Ayurv\u00e9dique D\u00e9toxifiante invite \u00e0 un v\u00e9ritable voyage en Inde, o\u00f9 tradition et expertise se rencontrent pour purifier et revitaliser le corps.<\/p>\n<p>(S&rsquo;) Offrir une cure Ayurv\u00e9dique D\u00e9toxifiante au coeur de la nature revient \u00e0 (s&rsquo;) offrir 4h30 de soins et massages Cinq Mondes r\u00e9partis sur 3 visites.<\/p>\n","protected":false},"featured_media":17596,"template":"","meta":[],"product_brand":[],"product_cat":[113,53,15],"product_tag":[],"class_list":{"0":"post-17594","1":"product","2":"type-product","3":"status-publish","4":"has-post-thumbnail","6":"product_cat-en-solo","7":"product_cat-experiences-spa","8":"product_cat-non-classee","10":"first","11":"instock","12":"taxable","13":"shipping-taxable","14":"purchasable","15":"product-type-variable"},"_links":{"self":[{"href":"https:\/\/dolcelahulpegifts.be\/fr\/wp-json\/wp\/v2\/product\/17594","targetHints":{"allow":["GET"]}}],"collection":[{"href":"https:\/\/dolcelahulpegifts.be\/fr\/wp-json\/wp\/v2\/product"}],"about":[{"href":"https:\/\/dolcelahulpegifts.be\/fr\/wp-json\/wp\/v2\/types\/product"}],"version-history":[{"count":7,"href":"https:\/\/dolcelahulpegifts.be\/fr\/wp-json\/wp\/v2\/product\/17594\/revisions"}],"predecessor-version":[{"id":17695,"href":"https:\/\/dolcelahulpegifts.be\/fr\/wp-json\/wp\/v2\/product\/17594\/revisions\/17695"}],"wp:featuredmedia":[{"embeddable":true,"href":"https:\/\/dolcelahulpegifts.be\/fr\/wp-json\/wp\/v2\/media\/17596"}],"wp:attachment":[{"href":"https:\/\/dolcelahulpegifts.be\/fr\/wp-json\/wp\/v2\/media?parent=17594"}],"wp:term":[{"taxonomy":"product_brand","embeddable":true,"href":"https:\/\/dolcelahulpegifts.be\/fr\/wp-json\/wp\/v2\/product_brand?post=17594"},{"taxonomy":"product_cat","embeddable":true,"href":"https:\/\/dolcelahulpegifts.be\/fr\/wp-json\/wp\/v2\/product_cat?post=17594"},{"taxonomy":"product_tag","embeddable":true,"href":"https:\/\/dolcelahulpegifts.be\/fr\/wp-json\/wp\/v2\/product_tag?post=17594"}],"curies":[{"name":"wp","href":"https:\/\/api.w.org\/{rel}","templated":true}]}}