{"id":17708,"date":"2025-12-03T11:38:17","date_gmt":"2025-12-03T10:38:17","guid":{"rendered":"https:\/\/dolcelahulpegifts.be\/?post_type=product&#038;p=17708"},"modified":"2025-12-12T15:03:57","modified_gmt":"2025-12-12T14:03:57","slug":"coffret-collection-eaux-fraiches","status":"publish","type":"product","link":"https:\/\/dolcelahulpegifts.be\/fr\/product\/coffret-collection-eaux-fraiches\/","title":{"rendered":"Coffret Collection Eaux Fra\u00eeches"},"content":{"rendered":"<h3 class=\"title-lower-5\">Coffret Collection Eaux Fra\u00eeches en \u00e9dition limit\u00e9e<\/h3>\n<div class=\"cms-content cms-view-more-content ivoire-gd cms-collapsed\">\n<p>Un voyage sensoriel \u00e0 travers cinq univers olfactifs inspir\u00e9s de rituels de beaut\u00e9 du monde. Ce Coffret Collection Eaux Fra\u00eeches, l\u00e9g\u00e8res et envoutantes, \u00e9veillent les sens et invitent \u00e0 une escapade ressour\u00e7ante, entre harmonie du corps et s\u00e9r\u00e9nit\u00e9 de l&rsquo;esprit.<\/p>\n<p>Le coffret contient :<\/p>\n<p><a href=\"https:\/\/dolcelahulpegifts.be\/fr\/product\/eau-du-bresil\/\">Eau du Br\u00e9sil<\/a>\u00ae \u2013 25mL<br \/>\n<a href=\"https:\/\/dolcelahulpegifts.be\/fr\/product\/eau-de-l-atlas\/\">Eau de l\u2019Atlas<\/a> \u2013 25mL<br \/>\n<a href=\"https:\/\/dolcelahulpegifts.be\/fr\/product\/eau-du-siam\/\">Eau du Siam<\/a>\u00ae &#8211; 25mL<br \/>\n<a href=\"https:\/\/dolcelahulpegifts.be\/fr\/product\/eau-egyptienne\/\">Eau \u00c9gyptienne<\/a> \u2013 25mL<br \/>\n<a href=\"https:\/\/dolcelahulpegifts.be\/fr\/product\/eau-de-bengalore\/\">Eau de Bengalore<\/a> \u2013 25mL<\/p>\n<\/div>\n<p><strong>Ingr\u00e9dients<\/strong> :<\/p>\n<div class=\"row\">\n<div class=\"col-12\">\n<div class=\"complementary-text\">\n<div class=\"cms-content cms-view-more-content ivoire-gd\">\n<p>Eau du Br\u00e9sil\u00ae \u2013 25mL : Alcohol Denat., Aqua (Water) \/ Eau, Parfum (Fragrance), Ethylhexyl Methoxycinnamate (Octinoxate), Ethylhexyl Salicylate (Octisalate), Butyl Methoxydibenzoylmethane (Avobenzone), Citrus Limon (Lemon) Peel Oil, Limonene, Pinene, Citrus Aurantium Peel Oil, Tetramethyl Acetyloctahydronaphthalenes, Citral, Linalool, Geranyl Acetate, Coumarin, Beta-Caryophyllene, Terpineol, Terpinolene, Alpha-Terpinene, Geraniol, Citronellol.<br \/>\nEau de l\u2019Atlas \u2013 25mL : Ingredients : Alcohol Denat., Aqua (Water) \/ Eau, Parfum (Fragrance), Limonene, Citrus Aurantium Peel Oil, Linalool, Lynalyl Acetate, Tetramethyl Acetyloctahydronaphthalenes, Geraniol, Juniperus Virginiana Oil, Terpineol, Pinene, Geranyl Acetate, Citral, Beta-Caryophyllene, Eugenol, Citronellol, Terpinolene, 100 Ml Carvone.<\/p>\n<p>Eau du Siam\u00ae &#8211; 25mL : Alcohol Denat., Parfum V(Fragrance), Aqua (Water), Limonene, Ethylhexyl Methoxycinnamate, Ethylhexyl Salicylate, Hydroxycitronellal, Butyl Methoxydibenzoylmethane, Citral, Alpha Isomethyl Ionone, Geraniol, Linalool, Citronellol, Isoeugenol, Cinnamal, Farnesol, Eugenol, Benzyl Benzoate.<\/p>\n<p>Eau \u00c9gyptienne \u2013 25mL : Alcohol Denat., Aqua (Water) \/ Eau, Parfum (Fragrance), Ppg-26-Buteth-26, Peg-40 Hydrogenated Castor Oil, Glycerin, Citric Acid, Nelumbo Nucifera Flower Extract, Sodium Benzoate, Potassium Sorbate, Hexamethylindanopyran, Tetramethyl Acetyloctahydronaphthalenes, Juniperus Virginiana Oil, Lynalyl Acetate, Linalool, Lavandula Oil\/Extract, Eugenol, Limonene, Pinene, Citrus Aurantium Bergamia (Bergamot) Peel Oil, Citronellol, Hydroxycitronellal, Beta-Caryophyllene, Pelargonium Graveolens Flower Oil, Eugenia Caryophyllus Oil, Citrus Aurantium Peel Oil, Cinnamyl Alcohol, Pogostemon Cablin Oil, Mentha Viridis Leaf Oil, Carvone, Cinnamal, Camphor, Terpineol, Geraniol, Eugenyl Acetate, Benzyl Benzoate, Vanillin, Cinnamomum Zeylanicum Bark Oil, Citrus Limon (Lemon) Peel Oil, Terpinolene, Geranyl Acetate, Citral.<\/p>\n<p>Eau de Bengalore \u2013 25mL : Alcohol Denat., Parfum (Fragrance), Aqua (Water) \/ Eau, Limonene, Benzyl Salicylate, Tetramethyl Acetyloctahydronaphthalenes, Ethylhexyl Methoxycinnamate, Ethylhexyl Salicylate, Butyl Methoxydibenzoylmethane, Juniperus Virginiana Oil, Citrus Aurantium Bergamia (Bergamot) Peel Oil, Citrus Aurantium Peel Oil, Citrus Limon (Lemon) Peel Oil, Alpha-Isomethyl Ionone, Linalyl Acetate, Pinene, Linalool, Citral, Benzyl Alcohol, Myroxylon Pereirae Oil\/Extract, Benzyl Benzoate, Santalol, Beta-Caryophyllene, Carvone, Geranyl Acetate, Benzyl Cinnamate, Vanillin, Farnesol, Terpinolene, Terpineol, Benzaldehyde, Alpha-Terpinene.<\/p>\n<\/div>\n<\/div>\n<\/div>\n<\/div>\n","protected":false},"excerpt":{"rendered":"<div class=\"product-desc\">\n<div class=\"cms-content cms-view-more-content\">\n<div class=\"product attribute overview\">\n<div class=\"value\">D\u00e9couvrez nos Cinq Eaux Fra\u00eeches r\u00e9unies dans un coffret exclusif pour une escapade sensorielle unique.<\/div>\n<\/div>\n<\/div>\n<\/div>\n<div class=\"attribut-list skin-type\">\n<div class=\"label\">TYPE DE PEAU : Tous types de peaux<\/div>\n<\/div>\n","protected":false},"featured_media":17911,"template":"","meta":[],"product_brand":[],"product_cat":[56,110],"product_tag":[],"class_list":{"0":"post-17708","1":"product","2":"type-product","3":"status-publish","4":"has-post-thumbnail","6":"product_cat-coffrets","7":"product_cat-fragrances","9":"first","10":"instock","11":"taxable","12":"shipping-taxable","13":"purchasable","14":"product-type-simple"},"_links":{"self":[{"href":"https:\/\/dolcelahulpegifts.be\/fr\/wp-json\/wp\/v2\/product\/17708","targetHints":{"allow":["GET"]}}],"collection":[{"href":"https:\/\/dolcelahulpegifts.be\/fr\/wp-json\/wp\/v2\/product"}],"about":[{"href":"https:\/\/dolcelahulpegifts.be\/fr\/wp-json\/wp\/v2\/types\/product"}],"version-history":[{"count":4,"href":"https:\/\/dolcelahulpegifts.be\/fr\/wp-json\/wp\/v2\/product\/17708\/revisions"}],"predecessor-version":[{"id":17913,"href":"https:\/\/dolcelahulpegifts.be\/fr\/wp-json\/wp\/v2\/product\/17708\/revisions\/17913"}],"wp:featuredmedia":[{"embeddable":true,"href":"https:\/\/dolcelahulpegifts.be\/fr\/wp-json\/wp\/v2\/media\/17911"}],"wp:attachment":[{"href":"https:\/\/dolcelahulpegifts.be\/fr\/wp-json\/wp\/v2\/media?parent=17708"}],"wp:term":[{"taxonomy":"product_brand","embeddable":true,"href":"https:\/\/dolcelahulpegifts.be\/fr\/wp-json\/wp\/v2\/product_brand?post=17708"},{"taxonomy":"product_cat","embeddable":true,"href":"https:\/\/dolcelahulpegifts.be\/fr\/wp-json\/wp\/v2\/product_cat?post=17708"},{"taxonomy":"product_tag","embeddable":true,"href":"https:\/\/dolcelahulpegifts.be\/fr\/wp-json\/wp\/v2\/product_tag?post=17708"}],"curies":[{"name":"wp","href":"https:\/\/api.w.org\/{rel}","templated":true}]}}