{"id":17712,"date":"2025-12-03T11:37:14","date_gmt":"2025-12-03T10:37:14","guid":{"rendered":"https:\/\/dolcelahulpegifts.be\/?post_type=product&#038;p=17712"},"modified":"2025-12-12T15:13:14","modified_gmt":"2025-12-12T14:13:14","slug":"trousse-corps-ayurveda","status":"publish","type":"product","link":"https:\/\/dolcelahulpegifts.be\/fr\/product\/trousse-corps-ayurveda\/","title":{"rendered":"Trousse Corps Ayurv\u00e9da"},"content":{"rendered":"<h3 class=\"title-lower-5\">Trousse Corps Ayurv\u00e9da, pour une Harmonie du corps et de l&rsquo;esprit<\/h3>\n<div class=\"cms-content cms-view-more-content ivoire-gd cms-collapsed\">\n<p>Le Rituel du Bengalore vous permet une parenth\u00e8se de sensorialit\u00e9 au c\u0153ur de la botanique indienne et de ses plantes m\u00e9dicinales extraordinaires.<\/p>\n<p>Cette trousse corps Ayurveda se compose :<br \/>\nHuile Phyto-Aromatique de Douche et Bain 200mL<br \/>\nEau de Bengalore 25mL<br \/>\nBaume aux Trois Huiles Ayurv\u00e9diques 150mL<\/p>\n<div class=\"row tab-pane-three-row\">\n<div class=\"col-md-4\">\n<div class=\"tabpane-card\">\n<div class=\"cms-content cms-view-more-content ivoire-gd\"><strong>Ingr\u00e9dients<\/strong> :<\/div>\n<\/div>\n<\/div>\n<\/div>\n<div class=\"row\">\n<div class=\"col-12\">\n<div class=\"complementary-text\">\n<div class=\"cms-content cms-view-more-content ivoire-gd\">\n<p><a href=\"https:\/\/dolcelahulpegifts.be\/fr\/product\/huile-de-douche-et-bain-rituel-de-bengalore\/\">Huile Phyto-Aromatique de Douche et Bain<\/a> 200mL : Polysorbate 20, Laureth-4, Tipa-Laureth Sulfate, Ricinus Communis (Castor) Seed Oil, Sodium Laureth Sulfate, Sweet Almond Oil Peg-8 Esters, Parfum (Fragrance), Silica Dimethyl Silylate, Propylene Glycol, Rosa Rubiginosa Seed Oil Peg-8 Esters, Limonene, Tocopheryl Acetate, Ethylhexyl Methoxycinnamate (Octinoxate), Linalool, Ethylhexyl Salicylate (Octisalate), Butyl Methoxydibenzoylmethane (Avobenzone), Hydroxycitronellal, Bht, Citral, Peg-40 Hydrogenated Castor Oil, Guaiazulene.<\/p>\n<p><a href=\"https:\/\/dolcelahulpegifts.be\/fr\/product\/eau-de-bengalore\/\">Eau de Bengalore<\/a> 25mL : Alcohol Denat., Parfum (Fragrance), Aqua (Water), Limonene, Benzyl Salicylate, Ethylhexyl Methoxycinnamate, Ethylhexyl Salicylate, Butyl Methoxydibenzoylmethane, Alpha-Isomethyl Ionone, Linalool, Citral, Benzyl Alcohol, Benzyl Benzoate, Benzyl Cinnamate, Farnesol.<\/p>\n<p><a href=\"https:\/\/dolcelahulpegifts.be\/fr\/product\/baume-aux-trois-huiles-ayurvediques\/\">Baume aux Trois Huiles Ayurv\u00e9diques<\/a> 150mL : Aqua Water , Sesamum Indicum (Sesame) Seed Oil, Propylene Glycol Dicaprylate\/Dicaprate, Helianthus Annuus (Sunflower) Seed Oil, Hydroxyethyl Acrylate\/Sodium Acryloyldimethyl Taurate Copolymer, Parfum (Fragrance) , Calophyllum Inophyllum (Alexandrian Laurel) Seed Oil, Plantago Ovata Leaf Extract, Limonene, Chlorphenesin, Tocopheryl Acetate, Sorbitan Isostearate, Polysorbate 60, O Cymen 5 Ol, Linalool, Disodium Edta, Hydroxycitronellal, Sodium Hyaluronate, Citral, Sodium Hydroxide, Melia Azadirachta Neem Seed Oil, Caprylic\/Capric Triglyceride, Benzyl Benzoate, Boswellia Serrata Extract.<\/p>\n<\/div>\n<\/div>\n<\/div>\n<\/div>\n<\/div>\n","protected":false},"excerpt":{"rendered":"<div class=\"product-desc\">\n<div class=\"cms-content cms-view-more-content\">\n<div class=\"product attribute overview\">\n<div class=\"value\">Le cadeau id\u00e9al \u00e0 offrir ou \u00e0 (s&rsquo;)offrir ! Tous les essentiels soins corps pour hydrater, nourrir et s&rsquo;envelopper d&rsquo;un sublime parfum !<\/div>\n<\/div>\n<\/div>\n<\/div>\n<div class=\"attribut-list skin-type\">\n<div class=\"label\">TYPE DE PEAU : Tous types de peaux<\/div>\n<\/div>\n<div class=\"attribut-list concerns\">\n<div class=\"label\">PREOCCUPATIONS : Soins quotidiens<\/div>\n<\/div>\n","protected":false},"featured_media":17918,"template":"","meta":[],"product_brand":[],"product_cat":[56,15],"product_tag":[],"class_list":{"0":"post-17712","1":"product","2":"type-product","3":"status-publish","4":"has-post-thumbnail","6":"product_cat-coffrets","7":"product_cat-non-classee","9":"first","10":"instock","11":"taxable","12":"shipping-taxable","13":"purchasable","14":"product-type-simple"},"_links":{"self":[{"href":"https:\/\/dolcelahulpegifts.be\/fr\/wp-json\/wp\/v2\/product\/17712","targetHints":{"allow":["GET"]}}],"collection":[{"href":"https:\/\/dolcelahulpegifts.be\/fr\/wp-json\/wp\/v2\/product"}],"about":[{"href":"https:\/\/dolcelahulpegifts.be\/fr\/wp-json\/wp\/v2\/types\/product"}],"version-history":[{"count":4,"href":"https:\/\/dolcelahulpegifts.be\/fr\/wp-json\/wp\/v2\/product\/17712\/revisions"}],"predecessor-version":[{"id":17923,"href":"https:\/\/dolcelahulpegifts.be\/fr\/wp-json\/wp\/v2\/product\/17712\/revisions\/17923"}],"wp:featuredmedia":[{"embeddable":true,"href":"https:\/\/dolcelahulpegifts.be\/fr\/wp-json\/wp\/v2\/media\/17918"}],"wp:attachment":[{"href":"https:\/\/dolcelahulpegifts.be\/fr\/wp-json\/wp\/v2\/media?parent=17712"}],"wp:term":[{"taxonomy":"product_brand","embeddable":true,"href":"https:\/\/dolcelahulpegifts.be\/fr\/wp-json\/wp\/v2\/product_brand?post=17712"},{"taxonomy":"product_cat","embeddable":true,"href":"https:\/\/dolcelahulpegifts.be\/fr\/wp-json\/wp\/v2\/product_cat?post=17712"},{"taxonomy":"product_tag","embeddable":true,"href":"https:\/\/dolcelahulpegifts.be\/fr\/wp-json\/wp\/v2\/product_tag?post=17712"}],"curies":[{"name":"wp","href":"https:\/\/api.w.org\/{rel}","templated":true}]}}