{"id":2253,"date":"2022-05-25T10:32:07","date_gmt":"2022-05-25T08:32:07","guid":{"rendered":"https:\/\/dolcelahulpegifts.duckdns.org\/?post_type=product&#038;p=2253"},"modified":"2025-10-24T15:38:56","modified_gmt":"2025-10-24T13:38:56","slug":"concentre-precieux","status":"publish","type":"product","link":"https:\/\/dolcelahulpegifts.be\/fr\/product\/concentre-precieux\/","title":{"rendered":"Concentr\u00e9 Pr\u00e9cieux (30ml)"},"content":{"rendered":"<p>Formul\u00e9 sous le contr\u00f4le d\u2019un Docteur en Pharmacie, le Concentr\u00e9 Pr\u00e9cieux\u00ae associe des actifs de la pharmacop\u00e9e japonaise et des actifs brevet\u00e9s anti-\u00e2ge dont \u00ab Essenkin\u00ae (riche en calcium redensifiant) \u2013 Matrixyl\u00ae &#8211; Avena Sativa\u00ae \u00bb qui conjugu\u00e9s \u00e0 l\u2019action lissante de l\u2019Acide Hyaluronique agissent sur les rides du contour des yeux, des l\u00e8vres et du front. L\u2019Arbutine\u00ae permet de r\u00e9duire les taches pigmentaires. Le visage parait visiblement plus jeune : -27%* sur les rides &#8211; rides du contour des yeux estomp\u00e9es 79%* (*tests r\u00e9alis\u00e9s par un laboratoire ind\u00e9pendant sur 30 femmes)<\/p>\n","protected":false},"excerpt":{"rendered":"<p>Le Concentr\u00e9 Pr\u00e9cieux offre traitement global et cibl\u00e9 pour lutter contre les signes du vieillissement.<\/p>\n","protected":false},"featured_media":3116,"template":"","meta":[],"product_brand":[],"product_cat":[101],"product_tag":[],"class_list":{"0":"post-2253","1":"product","2":"type-product","3":"status-publish","4":"has-post-thumbnail","6":"product_cat-visage","8":"first","9":"instock","10":"taxable","11":"shipping-taxable","12":"purchasable","13":"product-type-simple"},"_links":{"self":[{"href":"https:\/\/dolcelahulpegifts.be\/fr\/wp-json\/wp\/v2\/product\/2253","targetHints":{"allow":["GET"]}}],"collection":[{"href":"https:\/\/dolcelahulpegifts.be\/fr\/wp-json\/wp\/v2\/product"}],"about":[{"href":"https:\/\/dolcelahulpegifts.be\/fr\/wp-json\/wp\/v2\/types\/product"}],"version-history":[{"count":3,"href":"https:\/\/dolcelahulpegifts.be\/fr\/wp-json\/wp\/v2\/product\/2253\/revisions"}],"predecessor-version":[{"id":17345,"href":"https:\/\/dolcelahulpegifts.be\/fr\/wp-json\/wp\/v2\/product\/2253\/revisions\/17345"}],"wp:featuredmedia":[{"embeddable":true,"href":"https:\/\/dolcelahulpegifts.be\/fr\/wp-json\/wp\/v2\/media\/3116"}],"wp:attachment":[{"href":"https:\/\/dolcelahulpegifts.be\/fr\/wp-json\/wp\/v2\/media?parent=2253"}],"wp:term":[{"taxonomy":"product_brand","embeddable":true,"href":"https:\/\/dolcelahulpegifts.be\/fr\/wp-json\/wp\/v2\/product_brand?post=2253"},{"taxonomy":"product_cat","embeddable":true,"href":"https:\/\/dolcelahulpegifts.be\/fr\/wp-json\/wp\/v2\/product_cat?post=2253"},{"taxonomy":"product_tag","embeddable":true,"href":"https:\/\/dolcelahulpegifts.be\/fr\/wp-json\/wp\/v2\/product_tag?post=2253"}],"curies":[{"name":"wp","href":"https:\/\/api.w.org\/{rel}","templated":true}]}}