{"id":2649,"date":"2022-05-30T10:28:55","date_gmt":"2022-05-30T08:28:55","guid":{"rendered":"https:\/\/dolcelahulpegifts.duckdns.org\/?post_type=product&#038;p=2649"},"modified":"2026-01-02T10:54:57","modified_gmt":"2026-01-02T09:54:57","slug":"invitation-cadeau-cinq-mondes","status":"publish","type":"product","link":"https:\/\/dolcelahulpegifts.be\/fr\/product\/invitation-cadeau-cinq-mondes\/","title":{"rendered":"Invitation Cadeau Cinq Mondes"},"content":{"rendered":"<p>Notre Invitation Cadeau Cinq Mondes permet d&rsquo;offrir un Voyage Sensoriel\u00ae unique \u00e0 votre invit\u00e9 au Spa Cinq Mondes du Dolce La Hulpe Brussels, alliant fragrances d\u00e9licates, musiques douces d\u2019ailleurs, accueil personnalis\u00e9 et vaste choix de soins empreints de qualit\u00e9, d\u2019authenticit\u00e9 et de c\u00e9r\u00e9monial.<br \/>\nVotre invit\u00e9 peut ainsi choisir le soin ou massage qui lui pla\u00eet sur base du temps de soin offert ou opter pour l&rsquo;achat de produits s&rsquo;il pr\u00e9f\u00e8re.<\/p>\n","protected":false},"excerpt":{"rendered":"<p>Offrez une Invitation Cadeau Cinq Mondes valable pour un soin de 50min ou 1h20 au choix au Spa Cinq Mondes.<\/p>\n<p><script type=\"application\/ld+json\">\n{\n  \"@context\": \"https:\/\/schema.org\/\", \n  \"@type\": \"Product\", \n  \"name\": \"Invitation Cadeau Cinq Mondes\",\n  \"image\": \"https:\/\/dolcelahulpegifts.be\/wp-content\/uploads\/2022\/05\/IC.png\",\n  \"description\": \"Offrez une Invitation Cadeau Cinq Mondes valable pour un soin de 50min ou 1h20 au choix au Spa Cinq Mondes.\",\n  \"brand\": {\n    \"@type\": \"Brand\",\n    \"name\": \"Dolce La Hulpe\"\n  },\n  \"sku\": \"3690\",\n  \"offers\": {\n    \"@type\": \"Offer\",\n    \"url\": \"https:\/\/dolcelahulpegifts.be\/produit\/invitation-cadeau-cinq-mondes\/\",\n    \"priceCurrency\": \"EUR\",\n    \"price\": \"180\",\n    \"availability\": \"https:\/\/schema.org\/InStock\"\n  }\n}\n<\/script><\/p>\n","protected":false},"featured_media":13177,"template":"","meta":[],"product_brand":[],"product_cat":[53,113,115],"product_tag":[],"class_list":{"0":"post-2649","1":"product","2":"type-product","3":"status-publish","4":"has-post-thumbnail","6":"product_cat-experiences-spa","7":"product_cat-en-solo","8":"product_cat-cadeaux-dentreprise","10":"first","11":"instock","12":"featured","13":"sold-individually","14":"taxable","15":"shipping-taxable","16":"purchasable","17":"product-type-variable","18":"has-default-attributes"},"_links":{"self":[{"href":"https:\/\/dolcelahulpegifts.be\/fr\/wp-json\/wp\/v2\/product\/2649","targetHints":{"allow":["GET"]}}],"collection":[{"href":"https:\/\/dolcelahulpegifts.be\/fr\/wp-json\/wp\/v2\/product"}],"about":[{"href":"https:\/\/dolcelahulpegifts.be\/fr\/wp-json\/wp\/v2\/types\/product"}],"version-history":[{"count":1,"href":"https:\/\/dolcelahulpegifts.be\/fr\/wp-json\/wp\/v2\/product\/2649\/revisions"}],"predecessor-version":[{"id":16426,"href":"https:\/\/dolcelahulpegifts.be\/fr\/wp-json\/wp\/v2\/product\/2649\/revisions\/16426"}],"wp:featuredmedia":[{"embeddable":true,"href":"https:\/\/dolcelahulpegifts.be\/fr\/wp-json\/wp\/v2\/media\/13177"}],"wp:attachment":[{"href":"https:\/\/dolcelahulpegifts.be\/fr\/wp-json\/wp\/v2\/media?parent=2649"}],"wp:term":[{"taxonomy":"product_brand","embeddable":true,"href":"https:\/\/dolcelahulpegifts.be\/fr\/wp-json\/wp\/v2\/product_brand?post=2649"},{"taxonomy":"product_cat","embeddable":true,"href":"https:\/\/dolcelahulpegifts.be\/fr\/wp-json\/wp\/v2\/product_cat?post=2649"},{"taxonomy":"product_tag","embeddable":true,"href":"https:\/\/dolcelahulpegifts.be\/fr\/wp-json\/wp\/v2\/product_tag?post=2649"}],"curies":[{"name":"wp","href":"https:\/\/api.w.org\/{rel}","templated":true}]}}