{"id":2665,"date":"2022-05-30T10:51:28","date_gmt":"2022-05-30T08:51:28","guid":{"rendered":"https:\/\/dolcelahulpegifts.duckdns.org\/?post_type=product&#038;p=2665"},"modified":"2026-01-02T11:04:47","modified_gmt":"2026-01-02T10:04:47","slug":"grand-rituel-du-hammam","status":"publish","type":"product","link":"https:\/\/dolcelahulpegifts.be\/fr\/product\/grand-rituel-du-hammam\/","title":{"rendered":"Grand Rituel du Hammam (2h20)"},"content":{"rendered":"<p>Le Grand Rituel du Hammam comprend :<\/p>\n<ul>\n<li><strong>Hammam Traditionnel &#8211; <\/strong>R\u00e9confort<\/li>\n<\/ul>\n<p>D\u00e9couvrez une authentique exp\u00e9rience du hammam \u00e0 travers un bain de vapeurs chaudes avec des huiles essentielles personnalis\u00e9es. Un v\u00e9ritable voyage sensoriel unique pour le corps et l\u2019esprit.<br \/>\n<em>\u00c0 d\u00e9couvrir \u00e9galement \u00e0 deux ou de mani\u00e8re privative.<\/em><\/p>\n<ul>\n<li><strong>Gommage au Savon Noir Beldi<\/strong> &#8211; Purification<\/li>\n<\/ul>\n<p>Voyagez au coeur de la tradition orientale. Le hammam et l\u2019action exfoliante du gant de Kassa associ\u00e9e au \u00ab Traditionnel \u00bb Savon Noir Beldi permettent de purifier la peau en profondeur, la<br \/>\nlaissant douce et satin\u00e9e.<br \/>\n<em>Ce soin se r\u00e9alise exclusivement apr\u00e8s une prestation au hammam.<\/em><\/p>\n<ul>\n<li><strong>Enveloppement \u00e0 la \u00ab Cr\u00e8me de Rhassoul \u00bb<\/strong><\/li>\n<\/ul>\n<p>Cet enveloppement s&rsquo;effectue dans le Hammam, il est compos\u00e9 d\u2019argile qui resserre les pores et illumine le teint. Pendant la pose de ce masque de beaut\u00e9 parfum\u00e9 aux huiles essentielles orientales, la praticienne effectue un massage de la t\u00eate.<\/p>\n<ul>\n<li><strong>Soin Massage Oriental Traditionnel<\/strong> &#8211; Sensoriel<\/li>\n<\/ul>\n<p>Voyagez au coeur des traditions orientales gr\u00e2ce \u00e0 ce massage qui travaille l\u2019ensemble du corps avec de l\u2019huile d\u2019argan chauff\u00e9e. Appr\u00e9ciez ces manoeuvres lentes et profondes pour un moment de pur bien-\u00eatre<\/p>\n","protected":false},"excerpt":{"rendered":"<p>Ce\u00a0<span class=\"bold\">Grand Rituel du Hammam<\/span>, s\u2019inspire de la tradition orientale qui accorde une grande importance aux rituels de purification du Hammam. Selon la tradition, le principe est de se rendre successivement dans les diff\u00e9rentes salles du Hammam. Cinq Mondes d\u00e9cide de remonter aux sources des soins traditionnels et les compl\u00e8te avec sa M\u00e9thode Ar\u00f4mes et Couleurs.<\/p>\n<p>&nbsp;<\/p>\n","protected":false},"featured_media":3714,"template":"","meta":[],"product_brand":[],"product_cat":[53,113],"product_tag":[],"class_list":{"0":"post-2665","1":"product","2":"type-product","3":"status-publish","4":"has-post-thumbnail","6":"product_cat-experiences-spa","7":"product_cat-en-solo","9":"first","10":"instock","11":"sold-individually","12":"taxable","13":"shipping-taxable","14":"purchasable","15":"product-type-variable","16":"has-default-attributes"},"_links":{"self":[{"href":"https:\/\/dolcelahulpegifts.be\/fr\/wp-json\/wp\/v2\/product\/2665","targetHints":{"allow":["GET"]}}],"collection":[{"href":"https:\/\/dolcelahulpegifts.be\/fr\/wp-json\/wp\/v2\/product"}],"about":[{"href":"https:\/\/dolcelahulpegifts.be\/fr\/wp-json\/wp\/v2\/types\/product"}],"version-history":[{"count":2,"href":"https:\/\/dolcelahulpegifts.be\/fr\/wp-json\/wp\/v2\/product\/2665\/revisions"}],"predecessor-version":[{"id":17459,"href":"https:\/\/dolcelahulpegifts.be\/fr\/wp-json\/wp\/v2\/product\/2665\/revisions\/17459"}],"wp:featuredmedia":[{"embeddable":true,"href":"https:\/\/dolcelahulpegifts.be\/fr\/wp-json\/wp\/v2\/media\/3714"}],"wp:attachment":[{"href":"https:\/\/dolcelahulpegifts.be\/fr\/wp-json\/wp\/v2\/media?parent=2665"}],"wp:term":[{"taxonomy":"product_brand","embeddable":true,"href":"https:\/\/dolcelahulpegifts.be\/fr\/wp-json\/wp\/v2\/product_brand?post=2665"},{"taxonomy":"product_cat","embeddable":true,"href":"https:\/\/dolcelahulpegifts.be\/fr\/wp-json\/wp\/v2\/product_cat?post=2665"},{"taxonomy":"product_tag","embeddable":true,"href":"https:\/\/dolcelahulpegifts.be\/fr\/wp-json\/wp\/v2\/product_tag?post=2665"}],"curies":[{"name":"wp","href":"https:\/\/api.w.org\/{rel}","templated":true}]}}