{"id":2767,"date":"2022-05-30T14:12:37","date_gmt":"2022-05-30T12:12:37","guid":{"rendered":"https:\/\/dolcelahulpegifts.duckdns.org\/?post_type=product&#038;p=2767"},"modified":"2026-01-07T21:59:50","modified_gmt":"2026-01-07T20:59:50","slug":"dolce-suite-experience","status":"publish","type":"product","link":"https:\/\/dolcelahulpegifts.be\/fr\/product\/dolce-suite-experience\/","title":{"rendered":"Dolce Suite Experience"},"content":{"rendered":"<ul>\n<li>Nuit paisible en Junior Suite et r\u00e9veil avec le chant des oiseaux<\/li>\n<li>Petit d\u00e9jeuner buffet am\u00e9ricain avec vue panoramique sur la for\u00eat<\/li>\n<li>Bouteille de Champagne en chambre<\/li>\n<li>Balade en for\u00eat vers le Ch\u00e2teau de La Hulpe<\/li>\n<li>Acc\u00e8s d&rsquo;une heure \u00e0 l&rsquo;espace wellness (picine, sauna et hammam) et \u00e0 la salle de fitness sur r\u00e9servation<\/li>\n<li>Activit\u00e9s gratuites sur site: tennis, badminton, p\u00e9tanque, basket-ball, ping-pong, baby-foot, etc.<\/li>\n<li>Parking gratuit<\/li>\n<li>D\u00e9part tardif jusqu&rsquo;\u00e0 15h<\/li>\n<\/ul>\n","protected":false},"excerpt":{"rendered":"<p>Offrez un luxueux s\u00e9jour dans l&rsquo;une de nos suites spacieuses incluant une bouteille de champagne avec le forfait Dolce suite experience.<\/p>\n","protected":false},"featured_media":3462,"template":"","meta":[],"product_brand":[],"product_cat":[55,112],"product_tag":[],"class_list":{"0":"post-2767","1":"product","2":"type-product","3":"status-publish","4":"has-post-thumbnail","6":"product_cat-sejours-en-foret","7":"product_cat-a-partager","9":"first","10":"instock","11":"sold-individually","12":"taxable","13":"shipping-taxable","14":"purchasable","15":"product-type-variable","16":"has-default-attributes"},"_links":{"self":[{"href":"https:\/\/dolcelahulpegifts.be\/fr\/wp-json\/wp\/v2\/product\/2767","targetHints":{"allow":["GET"]}}],"collection":[{"href":"https:\/\/dolcelahulpegifts.be\/fr\/wp-json\/wp\/v2\/product"}],"about":[{"href":"https:\/\/dolcelahulpegifts.be\/fr\/wp-json\/wp\/v2\/types\/product"}],"version-history":[{"count":1,"href":"https:\/\/dolcelahulpegifts.be\/fr\/wp-json\/wp\/v2\/product\/2767\/revisions"}],"predecessor-version":[{"id":16441,"href":"https:\/\/dolcelahulpegifts.be\/fr\/wp-json\/wp\/v2\/product\/2767\/revisions\/16441"}],"wp:featuredmedia":[{"embeddable":true,"href":"https:\/\/dolcelahulpegifts.be\/fr\/wp-json\/wp\/v2\/media\/3462"}],"wp:attachment":[{"href":"https:\/\/dolcelahulpegifts.be\/fr\/wp-json\/wp\/v2\/media?parent=2767"}],"wp:term":[{"taxonomy":"product_brand","embeddable":true,"href":"https:\/\/dolcelahulpegifts.be\/fr\/wp-json\/wp\/v2\/product_brand?post=2767"},{"taxonomy":"product_cat","embeddable":true,"href":"https:\/\/dolcelahulpegifts.be\/fr\/wp-json\/wp\/v2\/product_cat?post=2767"},{"taxonomy":"product_tag","embeddable":true,"href":"https:\/\/dolcelahulpegifts.be\/fr\/wp-json\/wp\/v2\/product_tag?post=2767"}],"curies":[{"name":"wp","href":"https:\/\/api.w.org\/{rel}","templated":true}]}}