{"id":2793,"date":"2022-05-30T14:46:25","date_gmt":"2022-05-30T12:46:25","guid":{"rendered":"https:\/\/dolcelahulpegifts.duckdns.org\/?post_type=product&#038;p=2793"},"modified":"2026-01-05T11:24:33","modified_gmt":"2026-01-05T10:24:33","slug":"abonnement-fougere-1-mois-dolce-zen-club","status":"publish","type":"product","link":"https:\/\/dolcelahulpegifts.be\/fr\/product\/abonnement-fougere-1-mois-dolce-zen-club\/","title":{"rendered":"Abonnement d&rsquo;1 mois au Dolce Zen Club"},"content":{"rendered":"<p>Le Dolce by Wyndham La Hulpe Brussels offre en un seul et m\u00eame lieu, de nombreuses possibilit\u00e9s pour se ressourcer en profondeur au contact d\u2019une nature enveloppante.<\/p>\n<p>Avec l\u2019 abonnementFoug\u00e8re au Dolce Zen Club, vous aurez acc\u00e8s pendant 1 mois, en semaine uniquement \u00e0 :<\/p>\n<ul>\n<li>Espace fitness,<\/li>\n<li>Cours collectifs d\u2019aquagym,<\/li>\n<li>Cours collectifs de Yoga et Pilates dispens\u00e9s en ext\u00e9rieur d\u00e8s que le temps le permet,<\/li>\n<li>Piscine int\u00e9rieure avec terrasse, sauna et hammam tous les jours de 6h \u00e0 23h<\/li>\n<li>Parcours sant\u00e9 en for\u00eat,<\/li>\n<li>Circuits p\u00e9destres et cyclistes au d\u00e9part de l\u2019h\u00f4tel avec pr\u00eat de v\u00e9lo,<\/li>\n<\/ul>\n","protected":false},"excerpt":{"rendered":"<p>Cet abonnement d&rsquo;1 mois donne acc\u00e8s \u00e0 l\u2019espace wellness (piscine, sauna, hammam, salle de fitness) et \u00e0 tous les cours collectifs de 6h \u00e0 23h en semaine uniquement sur r\u00e9servation. Ces activit\u00e9s n\u2019incluent pas de soins et massages au Spa Cinq Mondes.<\/p>\n","protected":false},"featured_media":3109,"template":"","meta":[],"product_brand":[],"product_cat":[54,113,115],"product_tag":[],"class_list":{"0":"post-2793","1":"product","2":"type-product","3":"status-publish","4":"has-post-thumbnail","6":"product_cat-abonnements","7":"product_cat-en-solo","8":"product_cat-cadeaux-dentreprise","10":"first","11":"instock","12":"taxable","13":"shipping-taxable","14":"purchasable","15":"product-type-variable","16":"has-default-attributes"},"_links":{"self":[{"href":"https:\/\/dolcelahulpegifts.be\/fr\/wp-json\/wp\/v2\/product\/2793","targetHints":{"allow":["GET"]}}],"collection":[{"href":"https:\/\/dolcelahulpegifts.be\/fr\/wp-json\/wp\/v2\/product"}],"about":[{"href":"https:\/\/dolcelahulpegifts.be\/fr\/wp-json\/wp\/v2\/types\/product"}],"version-history":[{"count":1,"href":"https:\/\/dolcelahulpegifts.be\/fr\/wp-json\/wp\/v2\/product\/2793\/revisions"}],"predecessor-version":[{"id":16440,"href":"https:\/\/dolcelahulpegifts.be\/fr\/wp-json\/wp\/v2\/product\/2793\/revisions\/16440"}],"wp:featuredmedia":[{"embeddable":true,"href":"https:\/\/dolcelahulpegifts.be\/fr\/wp-json\/wp\/v2\/media\/3109"}],"wp:attachment":[{"href":"https:\/\/dolcelahulpegifts.be\/fr\/wp-json\/wp\/v2\/media?parent=2793"}],"wp:term":[{"taxonomy":"product_brand","embeddable":true,"href":"https:\/\/dolcelahulpegifts.be\/fr\/wp-json\/wp\/v2\/product_brand?post=2793"},{"taxonomy":"product_cat","embeddable":true,"href":"https:\/\/dolcelahulpegifts.be\/fr\/wp-json\/wp\/v2\/product_cat?post=2793"},{"taxonomy":"product_tag","embeddable":true,"href":"https:\/\/dolcelahulpegifts.be\/fr\/wp-json\/wp\/v2\/product_tag?post=2793"}],"curies":[{"name":"wp","href":"https:\/\/api.w.org\/{rel}","templated":true}]}}