{"id":3092,"date":"2022-06-03T15:54:56","date_gmt":"2022-06-03T13:54:56","guid":{"rendered":"https:\/\/dolcelahulpegifts.duckdns.org\/?post_type=product&#038;p=3092"},"modified":"2026-01-02T10:52:30","modified_gmt":"2026-01-02T09:52:30","slug":"abonnement-celeste-au-spa-cinq-mondes","status":"publish","type":"product","link":"https:\/\/dolcelahulpegifts.be\/fr\/product\/abonnement-celeste-au-spa-cinq-mondes\/","title":{"rendered":"Abonnement C\u00e9leste au Spa Cinq Mondes"},"content":{"rendered":"<h6>L&rsquo;abonnement C\u00e9leste au Spa Cinq Mondes vous donne droit \u00e0 de multiples avantages tels que :<\/h6>\n<ul>\n<li>Choix de la th\u00e9rapeute de soins<\/li>\n<li>Salle VIP Double offerte<\/li>\n<li>5 Hammams Traditionnels offerts<\/li>\n<li>Remise de 15% sur les <a href=\"https:\/\/www.dolcelahulpe.com\/fr\/spa\/menu-des-soins\" target=\"_blank\" rel=\"noopener\">soins<\/a> et les <a href=\"https:\/\/dolcelahulpegifts.be\/fr\/product-category\/boutique\/\">produits<\/a><\/li>\n<li>Offre de renouvellement d&rsquo;abonnement et de parrainage *<\/li>\n<\/ul>\n<p>* Cinq Mondes vous offre un produit de votre choix (hors gamme G\u00e9to, Pr\u00e9cieuse, Lumi\u00e8re et Infinit\u00e9) lors du renouvellement de votre abonnement ou du parrainage d&rsquo;un nouveau membre pour un abonnement Spa C\u00e9leste.<\/p>\n<p>Valeur de l&rsquo;abonnement : 2300\u20ac<br \/>\nValidit\u00e9: 1 an<\/p>\n<p>&nbsp;<\/p>\n<p>Le choix du forfait est d\u00e9finitif et ne peut \u00eatre modifi\u00e9 pendant la p\u00e9riode d\u2019abonnement. Cet abonnement est valable 1 an \u00e0 partir de la date d\u2019achat et uniquement au Spa Cinq Mondes du Dolce La Hulpe Brussels. Cet abonnement sera r\u00e9sili\u00e9 de plein droit \u00e0 son \u00e9ch\u00e9ance contractuelle. La non-utilisation des services propos\u00e9s ne donne droit \u00e0 aucune annulation, prolongation ou remboursement, partiel ou total, ni \u00e0 aucune<br \/>\nindemnit\u00e9 de quelque nature que ce soit, sauf dans les conditions suivantes : l\u2019abonn\u00e9 peut, en cas de maladie grave ou d\u2019accident grave, ou de grossesse, obtenir une prolongation de son abonnement (dans la limite de la moiti\u00e9 de la dur\u00e9e de l\u2019arr\u00eat m\u00e9dical).<\/p>\n<p>&nbsp;<\/p>\n","protected":false},"excerpt":{"rendered":"<p>L\u2019abonnement C\u00e9leste offre un \u00e9quivalent de 20 s\u00e9ances de 50min de soins au Spa Cinq Mondes du Dolce La Hulpe Brussels, ouvert 7 jours sur 7.<\/p>\n","protected":false},"featured_media":14209,"template":"","meta":[],"product_brand":[],"product_cat":[54,113,53,144],"product_tag":[],"class_list":{"0":"post-3092","1":"product","2":"type-product","3":"status-publish","4":"has-post-thumbnail","6":"product_cat-abonnements","7":"product_cat-en-solo","8":"product_cat-experiences-spa","9":"product_cat-spa","11":"first","12":"instock","13":"sold-individually","14":"taxable","15":"shipping-taxable","16":"purchasable","17":"product-type-variable","18":"has-default-attributes"},"_links":{"self":[{"href":"https:\/\/dolcelahulpegifts.be\/fr\/wp-json\/wp\/v2\/product\/3092","targetHints":{"allow":["GET"]}}],"collection":[{"href":"https:\/\/dolcelahulpegifts.be\/fr\/wp-json\/wp\/v2\/product"}],"about":[{"href":"https:\/\/dolcelahulpegifts.be\/fr\/wp-json\/wp\/v2\/types\/product"}],"version-history":[{"count":3,"href":"https:\/\/dolcelahulpegifts.be\/fr\/wp-json\/wp\/v2\/product\/3092\/revisions"}],"predecessor-version":[{"id":18553,"href":"https:\/\/dolcelahulpegifts.be\/fr\/wp-json\/wp\/v2\/product\/3092\/revisions\/18553"}],"wp:featuredmedia":[{"embeddable":true,"href":"https:\/\/dolcelahulpegifts.be\/fr\/wp-json\/wp\/v2\/media\/14209"}],"wp:attachment":[{"href":"https:\/\/dolcelahulpegifts.be\/fr\/wp-json\/wp\/v2\/media?parent=3092"}],"wp:term":[{"taxonomy":"product_brand","embeddable":true,"href":"https:\/\/dolcelahulpegifts.be\/fr\/wp-json\/wp\/v2\/product_brand?post=3092"},{"taxonomy":"product_cat","embeddable":true,"href":"https:\/\/dolcelahulpegifts.be\/fr\/wp-json\/wp\/v2\/product_cat?post=3092"},{"taxonomy":"product_tag","embeddable":true,"href":"https:\/\/dolcelahulpegifts.be\/fr\/wp-json\/wp\/v2\/product_tag?post=3092"}],"curies":[{"name":"wp","href":"https:\/\/api.w.org\/{rel}","templated":true}]}}