{"id":3132,"date":"2022-06-08T17:49:20","date_gmt":"2022-06-08T15:49:20","guid":{"rendered":"https:\/\/dolcelahulpegifts.duckdns.org\/?post_type=product&#038;p=3132"},"modified":"2026-01-06T14:36:48","modified_gmt":"2026-01-06T13:36:48","slug":"creme-eclat-aux-5-fleurs","status":"publish","type":"product","link":"https:\/\/dolcelahulpegifts.be\/fr\/product\/creme-eclat-aux-5-fleurs\/","title":{"rendered":"Cr\u00e8me \u00c9clat aux Cinq Fleurs (50 ml)"},"content":{"rendered":"<p>Notre laboratoire parisien a r\u00e9uni au coeur de cette formule biologique le meilleur de la recherche en Phytoaromatique : le pouvoir des extraits de fleurs tropicales (frangipanier, gardenia, hibiscus, ylang-ylang, lotus) aux actions hydratantes, antioxydantes, purifiantes et apaisantes (les bienfaits d&rsquo;une fragrance rafra\u00eechissante et r\u00e9\u00e9nergisante).<\/p>\n<p>Le Kombuchka\u00ae, actif naturel brevet\u00e9 riche en antioxydants et vitamines B, lisse et illumine la peau + Eau de citron : apporte \u00e9clat au teint.<\/p>\n<p><strong>Conseils d&rsquo;utilisation<\/strong> : La Cr\u00e8me Eclat aux Cinq Fleurs\u00ae permet d&rsquo;hydrater et de redonner de l&rsquo;\u00e9clat \u00e0 la peau, et convient \u00e0 tous type de peau.<br \/>\nAppliquez la cr\u00e8me en effectuant des mouvements circulaires ascendants sur votre visage.<br \/>\nAstuce: elle peut \u00eatre \u00e9galement utilis\u00e9e en cr\u00e8me de nuit pour les peaux \u00e0 tendance grasse. Cette cr\u00e8me peut aussi convenir pour un homme car sa texture est fra\u00eeche et p\u00e9n\u00e8tre rapidement.<\/p>\n<h4>Ingr\u00e9dients :<\/h4>\n<p>Aqua (Water) \/ Eau, Citrus Limon (Lemon) Fruit Extract*, Caprylic\/Capric Triglyceride, Coco-Caprylate\/Caprate, Glycerin, Glyceryl Stearate Se, Saccharomyces\/Xylinum\/Black Tea Ferment, Arachidyl Alcohol, C10-18 Triglycerides, Benzyl Alcohol, Tapioca Starch*, Behenyl Alcohol, Bentonite, Cananga Odorata Flower Water*, Arachidyl Glucoside, Parfum (Fragrance), Tocopherol, Mica, Ethyl Lauroyl Arginate Hcl, Ci77891 (Titanium Dioxide), Dehydroacetic Acid, Citric Acid, Helianthus Annuus (Sunflower) Seed Oil, Plumeria Rubra Flower Extract, Ci 77491 (Iron Oxides),<br \/>\nSodium Benzoate, Potassium Sorbate, Nelumbo Nucifera Flower Extract*, Hibiscus Sabdariffa Flower Extract, Gardenia Jasminoides Fruit Extract, Limonene, Citrus Aurantium Peel Oil, Linalyl Acetate, Linalool, Geraniol, Citrus Limon (Lemon) Peel Oil, Terpineol, Pinene, Geranyl Acetate, Citral, Beta-Caryophyllene, Cananga Odorata Oil\/Extract.<br \/>\n*Ingr\u00e9dients Issus De L&rsquo;agriculture<\/p>\n","protected":false},"excerpt":{"rendered":"<div class=\"product-desc\">\n<div class=\"cms-content cms-view-more-content\">\n<div class=\"product attribute overview\">\n<div class=\"value\">Une cr\u00e8me visage certifi\u00e9e bio \u00e0 la texture l\u00e9g\u00e8re et fluide pour hydrater, lisser la peau et illuminer le teint.<\/div>\n<\/div>\n<\/div>\n<\/div>\n<div class=\"attribut-list skin-type\">\n<div class=\"label\">TYPE DE PEAU : Tous types de peaux<\/div>\n<\/div>\n","protected":false},"featured_media":17232,"template":"","meta":[],"product_brand":[],"product_cat":[101],"product_tag":[],"class_list":{"0":"post-3132","1":"product","2":"type-product","3":"status-publish","4":"has-post-thumbnail","6":"product_cat-visage","8":"first","9":"instock","10":"taxable","11":"shipping-taxable","12":"purchasable","13":"product-type-simple"},"_links":{"self":[{"href":"https:\/\/dolcelahulpegifts.be\/fr\/wp-json\/wp\/v2\/product\/3132","targetHints":{"allow":["GET"]}}],"collection":[{"href":"https:\/\/dolcelahulpegifts.be\/fr\/wp-json\/wp\/v2\/product"}],"about":[{"href":"https:\/\/dolcelahulpegifts.be\/fr\/wp-json\/wp\/v2\/types\/product"}],"version-history":[{"count":4,"href":"https:\/\/dolcelahulpegifts.be\/fr\/wp-json\/wp\/v2\/product\/3132\/revisions"}],"predecessor-version":[{"id":17236,"href":"https:\/\/dolcelahulpegifts.be\/fr\/wp-json\/wp\/v2\/product\/3132\/revisions\/17236"}],"wp:featuredmedia":[{"embeddable":true,"href":"https:\/\/dolcelahulpegifts.be\/fr\/wp-json\/wp\/v2\/media\/17232"}],"wp:attachment":[{"href":"https:\/\/dolcelahulpegifts.be\/fr\/wp-json\/wp\/v2\/media?parent=3132"}],"wp:term":[{"taxonomy":"product_brand","embeddable":true,"href":"https:\/\/dolcelahulpegifts.be\/fr\/wp-json\/wp\/v2\/product_brand?post=3132"},{"taxonomy":"product_cat","embeddable":true,"href":"https:\/\/dolcelahulpegifts.be\/fr\/wp-json\/wp\/v2\/product_cat?post=3132"},{"taxonomy":"product_tag","embeddable":true,"href":"https:\/\/dolcelahulpegifts.be\/fr\/wp-json\/wp\/v2\/product_tag?post=3132"}],"curies":[{"name":"wp","href":"https:\/\/api.w.org\/{rel}","templated":true}]}}