{"id":3135,"date":"2022-06-08T17:48:59","date_gmt":"2022-06-08T15:48:59","guid":{"rendered":"https:\/\/dolcelahulpegifts.duckdns.org\/?post_type=product&#038;p=3135"},"modified":"2025-10-24T10:55:22","modified_gmt":"2025-10-24T08:55:22","slug":"creme-precieuse-jour","status":"publish","type":"product","link":"https:\/\/dolcelahulpegifts.be\/fr\/product\/creme-precieuse-jour\/","title":{"rendered":"Cr\u00e8me pr\u00e9cieuse jour (50ml)"},"content":{"rendered":"<p style=\"text-align: left;\">La Cr\u00e8me Pr\u00e9cieuse Jour\u00ae regroupe une alliance unique d\u2019ingr\u00e9dients anti-\u00e2ge issus de notre recherche en cosm\u00e9tologie de pointe et de la Pharmacop\u00e9e Traditionnelle Japonaise pour combattre les signes du temps.<\/p>\n<p style=\"text-align: left;\">Inspir\u00e9s des Rituels de Beaut\u00e9 de l\u2019Imp\u00e9ratrice Japonaise \u00ab Komyo \u00bb, les Laboratoires Cinq Mondes ont d\u00e9velopp\u00e9 une v\u00e9ritable solution anti-\u00e2ge globale innovante et cibl\u00e9e bas\u00e9e sur le principe de Chronobiologie Jour\/Nuit.<\/p>\n<p style=\"text-align: left;\">4 Actifs Brevet\u00e9s<\/p>\n<p style=\"text-align: left;\">&#8211; Complexe Actif de Lipides\u00ae \u2013 Actif brevet\u00e9 \u2013 permet de prot\u00e9ger les cellules et combattre les radicaux libres.<br \/>\n&#8211; Avena Sativa\u00ae \u2013 Actif brevet\u00e9 \u2013 pour une action liftante imm\u00e9diate et sur le long terme.<br \/>\n&#8211; Acide Hyaluronique V\u00e9g\u00e9tal\u00ae \u2013 Actif brevet\u00e9 \u2013 pour maintenir l\u2019hydratation, prot\u00e9ger la peau et lutter contre l\u2019apparition des rides et ridules.<br \/>\n&#8211; Peptides\u00ae \u2013 Actif brevet\u00e9 \u2013 r\u00e9parent les dommages cutan\u00e9s et stimulent la synth\u00e8se de collag\u00e8ne.<\/p>\n<p style=\"text-align: left;\">Gr\u00e2ce aux autres ingr\u00e9dients naturels anti-\u00e2ge, la Cr\u00e8me Pr\u00e9cieuse Jour\u00ae a des vertus antioxydantes et apaisantes pour lutter contre le stress oxydatif tout en sublimant l\u2019\u00e9clat de votre peau.<\/p>\n<p style=\"text-align: left;\"><strong>Conseils d&rsquo;utilisation<\/strong> : La Cr\u00e8me Pr\u00e9cieuse Jour\u00ae permet de lutter contre les rides, les taches, la perte de fermet\u00e9 et permet de r\u00e9veiller l&rsquo;\u00e9clat de votre peau. Appliquez votre cr\u00e8me de soin en effectuant des mouvements circulaires ascendants sur votre visage, puis massez du d\u00e9collet\u00e9 vers le cou.<br \/>\nBoostez l&rsquo;efficacit\u00e9 de cette cr\u00e8me avec le Concentr\u00e9 Pr\u00e9cieux\u00ae sur les zones sp\u00e9cifiques (contour des yeux, l\u00e8vres, cou&#8230;).<\/p>\n<p style=\"text-align: left;\"><strong>Ingr\u00e9dients<\/strong> : Aqua \u00acWater \/ Eau, Caprylic\/Capric Triglyceride, Isononyl Isononanoate, Glycerin, Ethylhexyl Methoxycinnamate \u00acOctinoxate , Pentylene Glycol, Cetearyl Alcohol, Isostearyl Alcohol, Arbutin, Butylene Glycol Cocoate, Glyceryl Stearate, Ci 77891 \u00acTitanium Dioxyde , Mica, Ethylhexyl Salicylate \u00acOctisalate , Butyl Methoxydibenzoylmethane \u00acAvobenzone , Hydroxyethyl Urea, Avena Sativa \u00acOat Kernel Extract, Carbomer, Parfum \u00acFragrance , Ceteareth 20, Chlorphenesin, Tocopheryl Acetate, Cetyl Palmitate, Cocoglycerides, Sodium Hydroxide, Ethylcellulose, Disodium Edta, Geranylgeranylisopropanol, Sodium Benzoate, Mother Of Pearl Extract, Glycine Soja \u00acSoybean Oil, Hydroxypropyl Cyclodextrin, Sodium Hyaluronate, Citric Acid, Nelumbo Nucifera Flower Extract, Potassium Sorbate, Perilla Frutescens Leaf Extract, Palmitoyl Tripeptide 38, Tetramethyl Acetyloctahydronaphthalenes, Alpha Isomethyl Ionone, Limonene.<\/p>\n","protected":false},"excerpt":{"rendered":"<div class=\"product-desc\">\n<div class=\"cms-content cms-view-more-content\">\n<div class=\"product attribute overview\">\n<div class=\"value\">La Cr\u00e8me Pr\u00e9cieuse Jour\u00ae regroupe une alliance unique d&rsquo;ingr\u00e9dients anti-\u00e2ge issus de notre recherche en cosm\u00e9tologie de pointe et de la Pharmacop\u00e9e Traditionnelle Japonaise pour combattre les signes du temps.<\/div>\n<\/div>\n<\/div>\n<\/div>\n<div class=\"attribut-list skin-type\">\n<div class=\"label\">TYPE DE PEAU : Tous types de peaux<\/div>\n<\/div>\n<div class=\"attribut-list concerns\">\n<div class=\"label\">PREOCCUPATIONS : Perte de fermet\u00e9<\/div>\n<\/div>\n","protected":false},"featured_media":3239,"template":"","meta":[],"product_brand":[],"product_cat":[101],"product_tag":[],"class_list":{"0":"post-3135","1":"product","2":"type-product","3":"status-publish","4":"has-post-thumbnail","6":"product_cat-visage","8":"first","9":"instock","10":"taxable","11":"shipping-taxable","12":"purchasable","13":"product-type-simple"},"_links":{"self":[{"href":"https:\/\/dolcelahulpegifts.be\/fr\/wp-json\/wp\/v2\/product\/3135","targetHints":{"allow":["GET"]}}],"collection":[{"href":"https:\/\/dolcelahulpegifts.be\/fr\/wp-json\/wp\/v2\/product"}],"about":[{"href":"https:\/\/dolcelahulpegifts.be\/fr\/wp-json\/wp\/v2\/types\/product"}],"version-history":[{"count":5,"href":"https:\/\/dolcelahulpegifts.be\/fr\/wp-json\/wp\/v2\/product\/3135\/revisions"}],"predecessor-version":[{"id":17240,"href":"https:\/\/dolcelahulpegifts.be\/fr\/wp-json\/wp\/v2\/product\/3135\/revisions\/17240"}],"wp:featuredmedia":[{"embeddable":true,"href":"https:\/\/dolcelahulpegifts.be\/fr\/wp-json\/wp\/v2\/media\/3239"}],"wp:attachment":[{"href":"https:\/\/dolcelahulpegifts.be\/fr\/wp-json\/wp\/v2\/media?parent=3135"}],"wp:term":[{"taxonomy":"product_brand","embeddable":true,"href":"https:\/\/dolcelahulpegifts.be\/fr\/wp-json\/wp\/v2\/product_brand?post=3135"},{"taxonomy":"product_cat","embeddable":true,"href":"https:\/\/dolcelahulpegifts.be\/fr\/wp-json\/wp\/v2\/product_cat?post=3135"},{"taxonomy":"product_tag","embeddable":true,"href":"https:\/\/dolcelahulpegifts.be\/fr\/wp-json\/wp\/v2\/product_tag?post=3135"}],"curies":[{"name":"wp","href":"https:\/\/api.w.org\/{rel}","templated":true}]}}