{"id":3138,"date":"2022-06-08T17:48:32","date_gmt":"2022-06-08T15:48:32","guid":{"rendered":"https:\/\/dolcelahulpegifts.duckdns.org\/?post_type=product&#038;p=3138"},"modified":"2026-01-06T14:38:15","modified_gmt":"2026-01-06T13:38:15","slug":"geto-supreme-la-creme","status":"publish","type":"product","link":"https:\/\/dolcelahulpegifts.be\/fr\/product\/geto-supreme-la-creme\/","title":{"rendered":"G\u00e9to Supr\u00eame La Cr\u00e8me (50ml)"},"content":{"rendered":"<p style=\"text-align: left;\">Soin global anti-\u00e2ge d\u2019exception, G\u00e9to Supr\u00eame La Cr\u00e8me a le pouvoir rare d\u2019intervenir sur tous les signes de l\u2019\u00e2ge et d\u2019agir aussi efficacement en pr\u00e9vention, d\u00e8s l\u2019installation des premi\u00e8res rides, qu\u2019en correction pour les peaux plus matures.<\/p>\n<p>Cette prouesse repose sur une synergie d\u2019actifs :<br \/>\nL\u2019extrait de G\u00e9to Biologique associ\u00e9 au duo de peptides biomim\u00e9tiques, qui r\u00e9g\u00e9n\u00e8re en profondeur et raffermit la peau.<br \/>\nLa fibro\u00efne, une prot\u00e9ine extraite de la soie naturelle par processus enzymatique qui, en plus de ses propri\u00e9t\u00e9s apaisantes et antioxydantes, illumine le teint.<\/p>\n<p>La peau est hydrat\u00e9e et repulp\u00e9e, elle retrouve sa fermet\u00e9. Le teint est lumineux et unifi\u00e9.<\/p>\n<p>Onctueuse et g\u00e9n\u00e9reuse, la texture innovante de G\u00e9to Supr\u00eame La Cr\u00e8me fond imm\u00e9diatement dans la peau pour lib\u00e9rer les actifs de ce soin r\u00e9g\u00e9n\u00e9rant d\u2019exception. Elle laisse une sensation de confort profonde et un fini doux et velout\u00e9, sans film gras.<\/p>\n<p style=\"text-align: left;\"><strong>Conseils d&rsquo;utilisation<\/strong> : Appliquer matin et soir, sur le visage et le cou, \u00e0 l\u2019aide du Ridoki, accessoire de massage r\u00e9put\u00e9 pour son efficacit\u00e9, propos\u00e9 avec G\u00e9to Supr\u00eame La Cr\u00e8me.<br \/>\n1. Avec le c\u00f4t\u00e9 spatule du Ridoki, lisser : le cou en allant du bas vers le haut, les c\u00f4t\u00e9s du visage en allant du coin des l\u00e8vres vers les oreilles.<br \/>\n2. Avec le c\u00f4t\u00e9 rond du Ridoki : effectuer des mouvements circulaires le long des rides et ridules du front et du sillon nasog\u00e9nien pour les estomper.<\/p>\n<p style=\"text-align: left;\"><strong>Ingr\u00e9dients<\/strong> : Aqua (Water) \/ Eau, Glycerin, Myristyl Lactate, Myristyl Myristate, Stearyl Heptanoate,<br \/>\nHydrolyzed Yeast Extract, Arachidyl Alcohol, Propanediol, Stearyl Caprylate, Behenyl Alcohol, 1,2-Hexanediol, Alpinia Speciosa Leaf Extract, Palmitoyl Tripeptide-1, Palmitoyl Tetrapeptide-7, Fibroin, Sodium Hyaluronate, Polyglucuronic Acid, Undaria Pinnatifida Extract, Lecithin, Caprylic\/Capric Triglyceride, Arachidyl Glucoside, Sodium Lactate, Carbomer, Cetyl Hydroxyethylcellulose, Butylene Glycol, Parfum (Fragrance), Chlorphenesin, Sodium Benzoate, Potassium Sorbate, 3-O-Ethyl Ascorbic Acid, Lactic Acid, Sodium Hydroxide, Polysorbate 20, O-Cymen-5-Ol, Tetramethyl Acetyloctahydronaphthalenes, Benzyl Salicylate, Hydroxycitronellal, Linalool.<\/p>\n","protected":false},"excerpt":{"rendered":"<div class=\"product-desc\">\n<div class=\"cms-content cms-view-more-content\">\n<div class=\"product attribute overview\">\n<div class=\"value\">Un soin global anti-\u00e2ge brevet\u00e9 d&rsquo;exception \u00e0 l&rsquo;extrait de G\u00e9to d&rsquo;Okinawa, source de r\u00e9g\u00e9n\u00e9ration cellulaire ultime. D\u00e8s la premi\u00e8re utilisation, la peau est repulp\u00e9e, plus tonique, plus souple*.<\/div>\n<\/div>\n<\/div>\n<\/div>\n<div class=\"attribut-list skin-type\">\n<div class=\"label\">TYPE DE PEAU : Tous types de peaux<\/div>\n<\/div>\n<div class=\"attribut-list concerns\">\n<div class=\"label\">PREOCCUPATIONS : Perte de fermet\u00e9<\/div>\n<\/div>\n","protected":false},"featured_media":3139,"template":"","meta":[],"product_brand":[],"product_cat":[101],"product_tag":[],"class_list":{"0":"post-3138","1":"product","2":"type-product","3":"status-publish","4":"has-post-thumbnail","6":"product_cat-visage","8":"first","9":"instock","10":"taxable","11":"shipping-taxable","12":"purchasable","13":"product-type-simple"},"_links":{"self":[{"href":"https:\/\/dolcelahulpegifts.be\/fr\/wp-json\/wp\/v2\/product\/3138","targetHints":{"allow":["GET"]}}],"collection":[{"href":"https:\/\/dolcelahulpegifts.be\/fr\/wp-json\/wp\/v2\/product"}],"about":[{"href":"https:\/\/dolcelahulpegifts.be\/fr\/wp-json\/wp\/v2\/types\/product"}],"version-history":[{"count":5,"href":"https:\/\/dolcelahulpegifts.be\/fr\/wp-json\/wp\/v2\/product\/3138\/revisions"}],"predecessor-version":[{"id":18592,"href":"https:\/\/dolcelahulpegifts.be\/fr\/wp-json\/wp\/v2\/product\/3138\/revisions\/18592"}],"wp:featuredmedia":[{"embeddable":true,"href":"https:\/\/dolcelahulpegifts.be\/fr\/wp-json\/wp\/v2\/media\/3139"}],"wp:attachment":[{"href":"https:\/\/dolcelahulpegifts.be\/fr\/wp-json\/wp\/v2\/media?parent=3138"}],"wp:term":[{"taxonomy":"product_brand","embeddable":true,"href":"https:\/\/dolcelahulpegifts.be\/fr\/wp-json\/wp\/v2\/product_brand?post=3138"},{"taxonomy":"product_cat","embeddable":true,"href":"https:\/\/dolcelahulpegifts.be\/fr\/wp-json\/wp\/v2\/product_cat?post=3138"},{"taxonomy":"product_tag","embeddable":true,"href":"https:\/\/dolcelahulpegifts.be\/fr\/wp-json\/wp\/v2\/product_tag?post=3138"}],"curies":[{"name":"wp","href":"https:\/\/api.w.org\/{rel}","templated":true}]}}