{"id":3142,"date":"2022-06-08T17:47:32","date_gmt":"2022-06-08T15:47:32","guid":{"rendered":"https:\/\/dolcelahulpegifts.duckdns.org\/?post_type=product&#038;p=3142"},"modified":"2026-02-06T13:51:00","modified_gmt":"2026-02-06T12:51:00","slug":"geto-supreme-le-contour-yeux-et-levres","status":"publish","type":"product","link":"https:\/\/dolcelahulpegifts.be\/fr\/product\/geto-supreme-le-contour-yeux-et-levres\/","title":{"rendered":"G\u00e9to Supr\u00eame Le Contour Yeux et L\u00e8vres"},"content":{"rendered":"<h4 style=\"text-align: left;\">G\u00e9to Supr\u00eame Le Contour Yeux et L\u00e8vres\u00a0 (30ml)<\/h4>\n<p style=\"text-align: left;\">Int\u00e9grant la quintessence des d\u00e9couvertes li\u00e9es au G\u00e9to d\u2019Okinawa, G\u00e9to Supr\u00eame Le Contour Yeux et L\u00e8vres est un soin global d&rsquo;exception destin\u00e9 aux zones d\u00e9licates et fragiles du visage.<\/p>\n<p>Gr\u00e2ce \u00e0 une combinaison optimale de composants actifs, il agit aussi bien en pr\u00e9vention qu\u2019en correction pour :<br \/>\nRaffermir et r\u00e9g\u00e9n\u00e9rer gr\u00e2ce \u00e0 l&rsquo;extrait de G\u00e9to Biologique, associ\u00e9 au duo de peptides biomim\u00e9tiques qui signent la gamme G\u00e9to Supr\u00eame.<\/p>\n<p>Att\u00e9nuer les poches avec l\u2019extrait d\u2019\u00e9corce d\u2019arbre \u00e0 soie qui consolide le r\u00e9seau microvasculaire et stimule les syst\u00e8mes de d\u00e9toxification. Cette action d\u00e9congestionnante se double d\u2019un effet anti-fatigue.<\/p>\n<p>Effacer les cernes sous l\u2019effet de la chrysine. Ce flavono\u00efde stimule l\u2019\u00e9limination de la bilirubine, pigment responsable des cernes.<\/p>\n<p>Les signes de l\u2019\u00e2ge sur les zones fragiles du visage sont att\u00e9nu\u00e9s. Cernes et poches s\u2019estompent visiblement. Le regard est comme d\u00e9fatigu\u00e9. La texture douce et fine de G\u00e9to Supr\u00eame Le Contour Yeux et L\u00e8vres est optimis\u00e9e pour les zones les plus fragiles et d\u00e9licates du visage.<\/p>\n<p style=\"text-align: left;\"><strong>Conseils d&rsquo;utilisation<\/strong> :<\/p>\n<div class=\"col-sm-6\">\n<div class=\"cms-content cms-view-more-content ivoire-gd\">\n<p style=\"text-align: left;\">Appliquer matin et soir sur le contour des yeux et des l\u00e8vres en b\u00e9n\u00e9ficiant des vertus d\u2019un accessoire de massage professionnel.<br \/>\n1. Diriger l\u2019applicateur du coin interne de l\u2019oeil vers le coin externe. Faire p\u00e9n\u00e9trer en lissage jusqu\u2019\u00e0 absorption du soin.<br \/>\n2. Faire rouler l\u2019applicateur sur le contour des l\u00e8vres. Faire p\u00e9n\u00e9trer en lissage ou pressions drainantes jusqu\u2019\u00e0 absorption du soin.<\/p>\n<p style=\"text-align: left;\"><strong>Ingr\u00e9dients<\/strong> : Aqua (Water) \/ Eau, Glycerin, Butyrospermum Parkii (Shea) Butter, Coco-Caprylate\/Caprate, Cellulose, Macadamia Integrifolia Seed Oil, 1,2-Hexanediol, Sodium Acrylates Copolymer, Alpinia Speciosa Leaf Extract, Palmitoyl Tripeptide-1, Palmitoyl Tetrapeptide-7, Albizia Julibrissin Bark Extract, Chrysin, Sigesbeckia Orientalis Extract, Biotin, N-Hydroxysuccinimide, Lecithin, Propanediol, Sodium Stearoyl Glutamate, Steareth-20, Sodium Lactate, Carbomer, Butylene Glycol, Sodium Dehydroacetate, Tocopherol, Sodium Benzoate, Potassium Sorbate, Chlorhexidine Digluconate, Citric Acid, Sodium Hydroxide, Sodium Citrate, Polysorbate 20.<\/p>\n<p>D\u00e9couvrez les autres produits de la gamme<\/p>\n<ul>\n<li><a href=\"https:\/\/dolcelahulpegifts.be\/fr\/product\/coffret-geto-supreme\/\">Coffret Geto<\/a><\/li>\n<li><a href=\"https:\/\/dolcelahulpegifts.be\/fr\/product\/geto-supreme-le-serum\/\">Le s\u00e9rum Geto supr\u00eame<\/a><\/li>\n<li><a href=\"https:\/\/dolcelahulpegifts.be\/fr\/product\/geto-supreme-la-creme\/\">La cr\u00e8me Geto supr\u00eame<\/a><\/li>\n<\/ul>\n<\/div>\n<\/div>\n","protected":false},"excerpt":{"rendered":"<div class=\"product-desc\">\n<div class=\"cms-content cms-view-more-content cms-collapsed\">\n<div class=\"product attribute overview\">\n<div class=\"value\">\n<p>Un soin global d&rsquo;exception destin\u00e9 aux zones d\u00e9licates et fragiles du visage. Ses trois billes en aluminium procurent imm\u00e9diatement un effet de fra\u00eecheur et boostent l\u2019efficacit\u00e9 du soin pour r\u00e9duire les cernes, poches et rides du contour des yeux et redessiner le contour des l\u00e8vres.<\/p>\n<p><b>A ne pas utiliser si vous \u00eates enceinte ou allaitante.<\/b><\/p>\n<\/div>\n<\/div>\n<\/div>\n<\/div>\n<div class=\"attribut-list skin-type\">\n<div class=\"label\">TYPE DE PEAU : Tous types de peaux<\/div>\n<\/div>\n<div class=\"attribut-list concerns\">\n<div class=\"label\">PREOCCUPATIONS : Marques de fatigue, Perte de fermet\u00e9<\/div>\n<\/div>\n","protected":false},"featured_media":11785,"template":"","meta":[],"product_brand":[],"product_cat":[101],"product_tag":[],"class_list":{"0":"post-3142","1":"product","2":"type-product","3":"status-publish","4":"has-post-thumbnail","6":"product_cat-visage","8":"first","9":"instock","10":"featured","11":"taxable","12":"shipping-taxable","13":"purchasable","14":"product-type-simple"},"_links":{"self":[{"href":"https:\/\/dolcelahulpegifts.be\/fr\/wp-json\/wp\/v2\/product\/3142","targetHints":{"allow":["GET"]}}],"collection":[{"href":"https:\/\/dolcelahulpegifts.be\/fr\/wp-json\/wp\/v2\/product"}],"about":[{"href":"https:\/\/dolcelahulpegifts.be\/fr\/wp-json\/wp\/v2\/types\/product"}],"version-history":[{"count":6,"href":"https:\/\/dolcelahulpegifts.be\/fr\/wp-json\/wp\/v2\/product\/3142\/revisions"}],"predecessor-version":[{"id":18814,"href":"https:\/\/dolcelahulpegifts.be\/fr\/wp-json\/wp\/v2\/product\/3142\/revisions\/18814"}],"wp:featuredmedia":[{"embeddable":true,"href":"https:\/\/dolcelahulpegifts.be\/fr\/wp-json\/wp\/v2\/media\/11785"}],"wp:attachment":[{"href":"https:\/\/dolcelahulpegifts.be\/fr\/wp-json\/wp\/v2\/media?parent=3142"}],"wp:term":[{"taxonomy":"product_brand","embeddable":true,"href":"https:\/\/dolcelahulpegifts.be\/fr\/wp-json\/wp\/v2\/product_brand?post=3142"},{"taxonomy":"product_cat","embeddable":true,"href":"https:\/\/dolcelahulpegifts.be\/fr\/wp-json\/wp\/v2\/product_cat?post=3142"},{"taxonomy":"product_tag","embeddable":true,"href":"https:\/\/dolcelahulpegifts.be\/fr\/wp-json\/wp\/v2\/product_tag?post=3142"}],"curies":[{"name":"wp","href":"https:\/\/api.w.org\/{rel}","templated":true}]}}