{"id":3146,"date":"2022-06-08T17:47:09","date_gmt":"2022-06-08T15:47:09","guid":{"rendered":"https:\/\/dolcelahulpegifts.duckdns.org\/?post_type=product&#038;p=3146"},"modified":"2026-01-06T14:31:54","modified_gmt":"2026-01-06T13:31:54","slug":"elixir-precieux-apaisant","status":"publish","type":"product","link":"https:\/\/dolcelahulpegifts.be\/fr\/product\/elixir-precieux-apaisant\/","title":{"rendered":"Elixir Pr\u00e9cieux Apaisant (15ml)"},"content":{"rendered":"<p style=\"text-align: left;\">L\u2019\u00c9lixir Pr\u00e9cieux Apaisant\u00ae est un concentr\u00e9 puissant d\u2019huiles 100% v\u00e9g\u00e9tales, riches en acides gras essentiels (Om\u00e9gas 3 et 6). Son association unique d\u2019huile de Cam\u00e9lia \u00e9molliente et d\u2019huile de Lin adoucissante est utilis\u00e9e traditionnellement par les Japonaises pour r\u00e9parer et apaiser les peaux les plus sensibles. L\u2019ajout de l\u2019actif expert Bisabolol par les Laboratoires Cinq Mondes permet une action apaisante encore plus profonde en agissant directement au niveau cellulaire.<br \/>\nUn l\u00e9ger parfum floral aux notes d\u2019Ylang-Ylang et Myrte transporte dans la simplicit\u00e9 des jardins zen de Kyoto.<br \/>\n\u00c0 utiliser en association avec la Cr\u00e8me Confort Intense pour un confort de peau in\u00e9galable.<\/p>\n<p style=\"text-align: left;\"><strong>Conseils d&rsquo;utilisation<\/strong> : En cure d&rsquo;un mois, appliquez matin et soir 3 \u00e0 5 gouttes avant votre cr\u00e8me Cinq Mondes sur le visage, puis massez en mouvements circulaires ascendants. Astuce : en cas de coup de soleil, appliquez quelques gouttes de l&rsquo;\u00c9lixir pour un soulagement imm\u00e9diat !<\/p>\n<p style=\"text-align: left;\"><strong>Ingr\u00e9dients<\/strong> : Camellia Oleifera Seed Oil*, Vitis Vinifera (Grape) Seed Oil*, Linum Usitatissimum (Linseed) Seed Oil*, Oleic\/Linoleic\/Linolenic Polyglycerides, Parfum (Fragrance), Bisabolol*, Cucurbita Pepo (Pumpkin) Seed Oil*, Helianthus Annuus (Sunflower) Seed Oil, Tocopherol, Linalool, Benzyl Salicylate, Hexyl Cinnamal, Benzyl Benzoate, Farnesol, Limonene, Geraniol. *Ingr\u00e9dients issus de l\u2019agriculture biologique \/ Ingredients from organic farming.<\/p>\n","protected":false},"excerpt":{"rendered":"<div class=\"product-desc\">\n<div class=\"cms-content cms-view-more-content cms-collapsed\">\n<div class=\"product attribute overview\">\n<div class=\"value\">Concentr\u00e9 d&rsquo;huiles 100% v\u00e9g\u00e9tales et certifi\u00e9 bio, ce s\u00e9rum est un soin apaisant sur-mesure pour les peaux stress\u00e9es sujettes \u00e0 des r\u00e9actions inflammatoires telles que les tiraillements ou les rougeurs. Id\u00e9al pour les peaux sensibles et r\u00e9actives.<\/div>\n<\/div>\n<\/div>\n<\/div>\n<div class=\"attribut-list concerns\">\n<div class=\"label\">PREOCCUPATIONS : Irritations, Rougeurs<\/div>\n<\/div>\n","protected":false},"featured_media":13735,"template":"","meta":[],"product_brand":[],"product_cat":[101],"product_tag":[],"class_list":{"0":"post-3146","1":"product","2":"type-product","3":"status-publish","4":"has-post-thumbnail","6":"product_cat-visage","8":"first","9":"instock","10":"taxable","11":"shipping-taxable","12":"purchasable","13":"product-type-simple"},"_links":{"self":[{"href":"https:\/\/dolcelahulpegifts.be\/fr\/wp-json\/wp\/v2\/product\/3146","targetHints":{"allow":["GET"]}}],"collection":[{"href":"https:\/\/dolcelahulpegifts.be\/fr\/wp-json\/wp\/v2\/product"}],"about":[{"href":"https:\/\/dolcelahulpegifts.be\/fr\/wp-json\/wp\/v2\/types\/product"}],"version-history":[{"count":5,"href":"https:\/\/dolcelahulpegifts.be\/fr\/wp-json\/wp\/v2\/product\/3146\/revisions"}],"predecessor-version":[{"id":17246,"href":"https:\/\/dolcelahulpegifts.be\/fr\/wp-json\/wp\/v2\/product\/3146\/revisions\/17246"}],"wp:featuredmedia":[{"embeddable":true,"href":"https:\/\/dolcelahulpegifts.be\/fr\/wp-json\/wp\/v2\/media\/13735"}],"wp:attachment":[{"href":"https:\/\/dolcelahulpegifts.be\/fr\/wp-json\/wp\/v2\/media?parent=3146"}],"wp:term":[{"taxonomy":"product_brand","embeddable":true,"href":"https:\/\/dolcelahulpegifts.be\/fr\/wp-json\/wp\/v2\/product_brand?post=3146"},{"taxonomy":"product_cat","embeddable":true,"href":"https:\/\/dolcelahulpegifts.be\/fr\/wp-json\/wp\/v2\/product_cat?post=3146"},{"taxonomy":"product_tag","embeddable":true,"href":"https:\/\/dolcelahulpegifts.be\/fr\/wp-json\/wp\/v2\/product_tag?post=3146"}],"curies":[{"name":"wp","href":"https:\/\/api.w.org\/{rel}","templated":true}]}}