{"id":3152,"date":"2022-06-08T17:45:32","date_gmt":"2022-06-08T15:45:32","guid":{"rendered":"https:\/\/dolcelahulpegifts.duckdns.org\/?post_type=product&#038;p=3152"},"modified":"2024-02-09T17:27:53","modified_gmt":"2024-02-09T16:27:53","slug":"fluide-multi-protecteur-teinte","status":"publish","type":"product","link":"https:\/\/dolcelahulpegifts.be\/fr\/product\/fluide-multi-protecteur-teinte\/","title":{"rendered":"Fluide multi-protecteur teint\u00e9 (30ml)"},"content":{"rendered":"<p>Apr\u00e8s trois ann\u00e9es de recherches, les Laboratoires Cinq Mondes ont mis au point la protection cellulaire la plus globale. \u00c0 tr\u00e8s large spectre, elle prot\u00e8ge contre tous les rayons lumineux, visibles : UVA et UVB et invisibles : lumi\u00e8re bleue et infrarouges.<\/p>\n<p>Avec le Fluide Multi-Protecteur Teint\u00e9, le capital jeunesse de la peau est parfaitement pr\u00e9serv\u00e9 contre les effets du photo-vieillissement gr\u00e2ce \u00e0 l\u2019extrait de Piment Doux et aux \u00e9crans min\u00e9raux naturels. Le teint est instantan\u00e9ment plus lumineux et unifi\u00e9 gr\u00e2ce au duo z\u00e9ro d\u00e9faut Magnolia et pigments min\u00e9raux naturels au c\u0153ur de sa formulation r\u00e9volutionnaire.<\/p>\n<p>Le premier soin urbain de pointe \u00e0 la texture in\u00e9dite : la formule du Fluide Multi-Protecteur Teint\u00e9 renferme des micro-gouttes d\u2019eau enrob\u00e9es d\u2019huile qui recouvrent int\u00e9gralement la peau sans effet gras ni collant. Le fini est transparent et incroyablement soyeux. Jour apr\u00e8s jour, la qualit\u00e9 de la peau est visiblement am\u00e9lior\u00e9e.<\/p>\n<p>Afin de pr\u00e9server l\u2019environnement, le tube est recyclable et est constitu\u00e9 de 50% de plastique recycl\u00e9. Le carton d\u2019emballage est issu de for\u00eats g\u00e9r\u00e9es durablement et est imprim\u00e9 avec des encres v\u00e9g\u00e9tales.<\/p>\n","protected":false},"excerpt":{"rendered":"<p>Fluide multi-protecteur teint\u00e9 SPF50 et PA++++ protecteur int\u00e9gral quotidien contre tous les effets d\u00e9l\u00e9t\u00e8res du rayonnement lumineux visible et invisible, gr\u00e2ce \u00e0 une puissante combinaison d\u2019\u00e9crans min\u00e9raux naturels et d\u2019extrait de Piment Doux. Sa formule innovante contient 98% d\u2019ingr\u00e9dients d\u2019origine naturelle et s\u2019adapte \u00e0 toutes les carnations*.<\/p>\n","protected":false},"featured_media":3153,"template":"","meta":[],"product_brand":[],"product_cat":[101],"product_tag":[],"class_list":{"0":"post-3152","1":"product","2":"type-product","3":"status-publish","4":"has-post-thumbnail","6":"product_cat-visage","8":"first","9":"instock","10":"taxable","11":"shipping-taxable","12":"purchasable","13":"product-type-simple"},"_links":{"self":[{"href":"https:\/\/dolcelahulpegifts.be\/fr\/wp-json\/wp\/v2\/product\/3152","targetHints":{"allow":["GET"]}}],"collection":[{"href":"https:\/\/dolcelahulpegifts.be\/fr\/wp-json\/wp\/v2\/product"}],"about":[{"href":"https:\/\/dolcelahulpegifts.be\/fr\/wp-json\/wp\/v2\/types\/product"}],"version-history":[{"count":1,"href":"https:\/\/dolcelahulpegifts.be\/fr\/wp-json\/wp\/v2\/product\/3152\/revisions"}],"predecessor-version":[{"id":17249,"href":"https:\/\/dolcelahulpegifts.be\/fr\/wp-json\/wp\/v2\/product\/3152\/revisions\/17249"}],"wp:featuredmedia":[{"embeddable":true,"href":"https:\/\/dolcelahulpegifts.be\/fr\/wp-json\/wp\/v2\/media\/3153"}],"wp:attachment":[{"href":"https:\/\/dolcelahulpegifts.be\/fr\/wp-json\/wp\/v2\/media?parent=3152"}],"wp:term":[{"taxonomy":"product_brand","embeddable":true,"href":"https:\/\/dolcelahulpegifts.be\/fr\/wp-json\/wp\/v2\/product_brand?post=3152"},{"taxonomy":"product_cat","embeddable":true,"href":"https:\/\/dolcelahulpegifts.be\/fr\/wp-json\/wp\/v2\/product_cat?post=3152"},{"taxonomy":"product_tag","embeddable":true,"href":"https:\/\/dolcelahulpegifts.be\/fr\/wp-json\/wp\/v2\/product_tag?post=3152"}],"curies":[{"name":"wp","href":"https:\/\/api.w.org\/{rel}","templated":true}]}}