{"id":3155,"date":"2022-06-08T17:45:04","date_gmt":"2022-06-08T15:45:04","guid":{"rendered":"https:\/\/dolcelahulpegifts.duckdns.org\/?post_type=product&#038;p=3155"},"modified":"2026-01-06T14:32:56","modified_gmt":"2026-01-06T13:32:56","slug":"elixir-precieux-repulpant","status":"publish","type":"product","link":"https:\/\/dolcelahulpegifts.be\/fr\/product\/elixir-precieux-repulpant\/","title":{"rendered":"Elixir pr\u00e9cieux repulpant (15ml)"},"content":{"rendered":"<p style=\"text-align: left;\">L\u2019\u00c9lixir Pr\u00e9cieux Repulpant\u00ae est un concentr\u00e9 puissant d\u2019huiles 100% v\u00e9g\u00e9tales, riches en acides gras essentiels (Om\u00e9gas 3 et 6), sp\u00e9cialement adapt\u00e9 aux peaux en recherche de fermet\u00e9. Son association unique d\u2019infusions ol\u00e9iques de Cassis et de Ginseng associ\u00e9s \u00e0 l\u2019extrait de Rose de Damas est utilis\u00e9e traditionnellement en Chine pour ses vertus tonifiantes, anti-oxydantes et redensifiantes. Il offre un fini velout\u00e9 \u00e0 la peau sans laisser de film gras.<\/p>\n<p>Avec ses notes blanches de Jasmin, de Lotus et de C\u00e8dre blanc, son l\u00e9ger parfum est une invitation au voyage dans la splendeur des monts de Guilin.<\/p>\n<p>\u00c0 utiliser en association avec la Cr\u00e8me Pr\u00e9cieuse pour un traitement repulpant intensif.<\/p>\n<p style=\"text-align: left;\"><strong>Conseils d&rsquo;utilisation<\/strong> : Appliquer 3 \u00e0 5 gouttes matin et soir avant votre cr\u00e8me sur le visage puis masser en mouvements circulaires ascendants.<br \/>\nEn cure d&rsquo;un mois, astuce : appliquez l&rsquo;\u00c9lixir en masque sur votre visage avant de vous coucher.<\/p>\n<p style=\"text-align: left;\"><strong>Ingr\u00e9dients<\/strong> : Helianthus Annuus (Sunflower) Seed Oil, Vitis Vinifera (Grape) Seed Oil*, Sesamum Indicum (Sesame) Seed Oil*, Oleic\/Linoleic\/Linolenic Polyglycerides, Parfum (Fragrance), Ribes Nigrum (Black Currant) Fruit Extract*, Panax Ginseng Root Extract*, Rose Flower Oil\/Extract, Eclipta Prostrata Extract, Eclipta Prostrata Leaf Extract, Moringa Oleifera Seed Oil, Tocopherol, Juniperus Virginiana Oil, Citrus Aurantium Bergamia (Bergamot) Peel Oil, Linalool, Limonene, Linalyl Acetate, Cananga Odorata Oil\/Extract, Pinene, Citronellol, Citrus Aurantium Peel Oil, Beta-Caryophyllene, Pelargonium Graveolens Flower Oil, Methyl Salicylate, Coumarin, Geraniol, Geranyl Acetate, Benzyl Benzoate, Citral, Terpineol.*Ingr\u00e9dients Issus De L\u2019agriculture Biologique \/ Ingredients From Organic Farming.<\/p>\n","protected":false},"excerpt":{"rendered":"<div class=\"product-desc\">\n<div class=\"cms-content cms-view-more-content cms-collapsed\">\n<div class=\"product attribute overview\">\n<div class=\"value\">Concentr\u00e9 d&rsquo;huiles 100% v\u00e9g\u00e9tales et certifi\u00e9 bio, ce s\u00e9rum repulpant est id\u00e9al pour les peaux en manque de fermet\u00e9. Gr\u00e2ce \u00e0 son action cibl\u00e9e sur-mesure, la peau est redensifi\u00e9e, elle retrouve sa fermet\u00e9 et les rides sont visiblement att\u00e9nu\u00e9es.<\/div>\n<\/div>\n<\/div>\n<\/div>\n<div class=\"attribut-list skin-type\">\n<div class=\"label\">TYPE DE PEAU : Tous types de peaux<\/div>\n<\/div>\n<div class=\"attribut-list concerns\">\n<div class=\"label\">PREOCCUPATIONS : Perte de fermet\u00e9<\/div>\n<\/div>\n<p>&nbsp;<\/p>\n","protected":false},"featured_media":13737,"template":"","meta":[],"product_brand":[],"product_cat":[101],"product_tag":[],"class_list":{"0":"post-3155","1":"product","2":"type-product","3":"status-publish","4":"has-post-thumbnail","6":"product_cat-visage","8":"first","9":"instock","10":"taxable","11":"shipping-taxable","12":"purchasable","13":"product-type-simple"},"_links":{"self":[{"href":"https:\/\/dolcelahulpegifts.be\/fr\/wp-json\/wp\/v2\/product\/3155","targetHints":{"allow":["GET"]}}],"collection":[{"href":"https:\/\/dolcelahulpegifts.be\/fr\/wp-json\/wp\/v2\/product"}],"about":[{"href":"https:\/\/dolcelahulpegifts.be\/fr\/wp-json\/wp\/v2\/types\/product"}],"version-history":[{"count":6,"href":"https:\/\/dolcelahulpegifts.be\/fr\/wp-json\/wp\/v2\/product\/3155\/revisions"}],"predecessor-version":[{"id":18589,"href":"https:\/\/dolcelahulpegifts.be\/fr\/wp-json\/wp\/v2\/product\/3155\/revisions\/18589"}],"wp:featuredmedia":[{"embeddable":true,"href":"https:\/\/dolcelahulpegifts.be\/fr\/wp-json\/wp\/v2\/media\/13737"}],"wp:attachment":[{"href":"https:\/\/dolcelahulpegifts.be\/fr\/wp-json\/wp\/v2\/media?parent=3155"}],"wp:term":[{"taxonomy":"product_brand","embeddable":true,"href":"https:\/\/dolcelahulpegifts.be\/fr\/wp-json\/wp\/v2\/product_brand?post=3155"},{"taxonomy":"product_cat","embeddable":true,"href":"https:\/\/dolcelahulpegifts.be\/fr\/wp-json\/wp\/v2\/product_cat?post=3155"},{"taxonomy":"product_tag","embeddable":true,"href":"https:\/\/dolcelahulpegifts.be\/fr\/wp-json\/wp\/v2\/product_tag?post=3155"}],"curies":[{"name":"wp","href":"https:\/\/api.w.org\/{rel}","templated":true}]}}