{"id":3159,"date":"2022-06-08T17:45:58","date_gmt":"2022-06-08T15:45:58","guid":{"rendered":"https:\/\/dolcelahulpegifts.duckdns.org\/?post_type=product&#038;p=3159"},"modified":"2026-01-06T14:34:23","modified_gmt":"2026-01-06T13:34:23","slug":"onguent-de-jeunesse-peaux-mixtes","status":"publish","type":"product","link":"https:\/\/dolcelahulpegifts.be\/fr\/product\/onguent-de-jeunesse-peaux-mixtes\/","title":{"rendered":"Onguent de Jeunesse &#8211; Peaux Normales \u00e0 Mixtes 50mL"},"content":{"rendered":"<p style=\"text-align: left;\">Cinq Mondes s\u2019est inspir\u00e9 de la pharmacop\u00e9e traditionnelle chinoise pour d\u00e9velopper les Onguents de Jeunesse\u00ae afin de restaurer l\u2019hydratation pour pr\u00e9venir les rides de d\u00e9shydratation et plus globalement du vieillissement cutan\u00e9.<br \/>\nCet Onguent de Jeunesse\u00ae est LA solution sp\u00e9cialement formul\u00e9e pour les peaux normales \u00e0 mixtes, gr\u00e2ce \u00e0 une formule naturelle antioxydante et hydratante, avec une texture fluide et l\u00e9g\u00e8re pour hydrater la peau tout en la matifiant.<\/p>\n<p style=\"text-align: left;\"><strong>Conseils d&rsquo;utilisation<\/strong> : Matin et soir, appliquez 1 \u00e0 2 pompes sur le visage et le cou, pr\u00e9alablement nettoy\u00e9s et s\u00e9ch\u00e9s. Massez du centre vers l&rsquo;ext\u00e9rieur du visage en r\u00e9alisant des mouvements circulaires, puis de la base du cou au menton. S&rsquo;utilise seul ou associ\u00e9 \u00e0 votre s\u00e9rum Cinq Mondes. \u00c9vitez le contact avec les yeux.<\/p>\n<p style=\"text-align: left;\"><strong>Ingr\u00e9dients<\/strong> : Aqua (Water) \/ Eau, Glycerin, Propanediol, Erythritol, Coco-Caprylate\/Caprate, Imperatacylindrica Root Extract, Pentylene Glycol, Sesamum Indicum (Sesame) Seed Oil, Angelica Archangelica Root Extract, Sophora Japonica Flower Extract, Panax Ginseng Root Extract, Nelumbo Nucifera Flower Extract, Sodium Hyaluronate, Oryza Sativa (Rice) Powder, Adenosine, Biotin, Carbomer, Caesalpinia Spinosa Gum, Polyacrylate Crosspolymer-6, Acrylates\/C10-30 Alkyl Acrylate Crosspolymer, Caprylyl Glycol, Propylene Glycol, Ethylhexylglycerin, Parfum (Fragrance), Tetrasodium Glutamate Diacetate, Sodium Benzoate, Potassium Sorbate, Citric Acid, Sodium Citrate, Citrus Aurantium Bergamia (Bergamot) Peel Oil, Juniperus Virginiana Oil, Linalool, Limonene, Tetramethyl Acetyloctahydronaphthalenes, Linalyl Acetate, Pinene, Citronellol, Cananga Odorata Oil\/Extract, Citrus Aurantium Peel Oil, Pelargonium Graveolens Flower Oil, Lavandula Oil\/Extract, Beta-Caryophyllene.<\/p>\n","protected":false},"excerpt":{"rendered":"<div class=\"product-desc\">\n<div class=\"cms-content cms-view-more-content cms-collapsed\">\n<div class=\"product attribute overview\">\n<div class=\"value\">Cette cr\u00e8me apporte une hydratation intense, r\u00e9\u00e9quilibre la peau et diminue les premiers signes de l&rsquo;\u00e2ge. La peau est matifi\u00e9e et prot\u00e9g\u00e9e, les rides de d\u00e9shydratation sont att\u00e9nu\u00e9es. Sa texture fluide et l\u00e9g\u00e8re fond d\u00e9licatement sur la peau pour laisser un fini doux sans effet gras.<\/div>\n<\/div>\n<\/div>\n<\/div>\n<div class=\"attribut-list skin-type\">\n<div class=\"label\">TYPE DE PEAU : Peaux mixtes, Peaux normales<\/div>\n<\/div>\n<div class=\"attribut-list concerns\">\n<div class=\"label\">PREOCCUPATIONS : D\u00e9shydratation<\/div>\n<\/div>\n","protected":false},"featured_media":13742,"template":"","meta":[],"product_brand":[],"product_cat":[101],"product_tag":[],"class_list":{"0":"post-3159","1":"product","2":"type-product","3":"status-publish","4":"has-post-thumbnail","6":"product_cat-visage","8":"first","9":"instock","10":"taxable","11":"shipping-taxable","12":"purchasable","13":"product-type-simple"},"_links":{"self":[{"href":"https:\/\/dolcelahulpegifts.be\/fr\/wp-json\/wp\/v2\/product\/3159","targetHints":{"allow":["GET"]}}],"collection":[{"href":"https:\/\/dolcelahulpegifts.be\/fr\/wp-json\/wp\/v2\/product"}],"about":[{"href":"https:\/\/dolcelahulpegifts.be\/fr\/wp-json\/wp\/v2\/types\/product"}],"version-history":[{"count":5,"href":"https:\/\/dolcelahulpegifts.be\/fr\/wp-json\/wp\/v2\/product\/3159\/revisions"}],"predecessor-version":[{"id":17248,"href":"https:\/\/dolcelahulpegifts.be\/fr\/wp-json\/wp\/v2\/product\/3159\/revisions\/17248"}],"wp:featuredmedia":[{"embeddable":true,"href":"https:\/\/dolcelahulpegifts.be\/fr\/wp-json\/wp\/v2\/media\/13742"}],"wp:attachment":[{"href":"https:\/\/dolcelahulpegifts.be\/fr\/wp-json\/wp\/v2\/media?parent=3159"}],"wp:term":[{"taxonomy":"product_brand","embeddable":true,"href":"https:\/\/dolcelahulpegifts.be\/fr\/wp-json\/wp\/v2\/product_brand?post=3159"},{"taxonomy":"product_cat","embeddable":true,"href":"https:\/\/dolcelahulpegifts.be\/fr\/wp-json\/wp\/v2\/product_cat?post=3159"},{"taxonomy":"product_tag","embeddable":true,"href":"https:\/\/dolcelahulpegifts.be\/fr\/wp-json\/wp\/v2\/product_tag?post=3159"}],"curies":[{"name":"wp","href":"https:\/\/api.w.org\/{rel}","templated":true}]}}