{"id":3163,"date":"2022-06-08T17:42:16","date_gmt":"2022-06-08T15:42:16","guid":{"rendered":"https:\/\/dolcelahulpegifts.duckdns.org\/?post_type=product&#038;p=3163"},"modified":"2026-01-06T14:32:03","modified_gmt":"2026-01-06T13:32:03","slug":"creme-confort-intense","status":"publish","type":"product","link":"https:\/\/dolcelahulpegifts.be\/fr\/product\/creme-confort-intense\/","title":{"rendered":"Cr\u00e8me confort intense (50ml)"},"content":{"rendered":"<p style=\"text-align: left;\">La Cr\u00e8me Confort Intense\u00ae a \u00e9t\u00e9 formul\u00e9e par Cinq Mondes sous le contr\u00f4le d&rsquo;un Docteur en Pharmacie. Issue d\u2019une recette ancestrale orientale et sp\u00e9cialement con\u00e7ue pour les peaux tr\u00e8s s\u00e8ches, cette cr\u00e8me associe la performance de l&rsquo;huile d\u2019Avocat, des extraits de Myrrhe et du Miel biologique, pour nourrir et am\u00e9liorer le confort de la peau au fil des heures.<br \/>\nNourrie en profondeur, la peau est imm\u00e9diatement plus confortable. Id\u00e9al pour les peaux s\u00e8ches \u00e0 tr\u00e8s s\u00e8ches.<\/p>\n<p style=\"text-align: left;\"><strong>Conseils d&rsquo;application<\/strong> :\u00a0La Cr\u00e8me Confort Intense permet de nourrir les peaux s\u00e8ches ou d\u00e9shydrat\u00e9es, et s&rsquo;utilise comme cr\u00e8me de jour et\/ou nuit. Elle peut \u00e9galement s&rsquo;utiliser comme masque r\u00e9parateur. Appliquez alors la cr\u00e8me en couche \u00e9paisse, laissez poser 5 minutes et avec un coton humidifi\u00e9, enlevez l&rsquo;exc\u00e9dent.<br \/>\nAstuce: en hiver, appliquez un doigt de cr\u00e8me sur vos l\u00e8vres pour les hydrater et les soulager.<\/p>\n<p style=\"text-align: left;\"><strong>Ingr\u00e9dients<\/strong> : Ingredients: Aqua (Water) \/ Eau, Caprylic\/Capric Triglyceride, Sesamum Indicum (Sesame) Seed Oil, Octyldodecanol, Glycerin, Persea Gratissima (Avocado) Oil, Squalane, Cetyl Alcohol, Glyceryl Stearate, Peg-75 Stearate, Mel Extract (Honey Extract) \/ Extrait De Miel, Commiphora Abyssinica Resin Extract, Sodium Hyaluronate, Rosmarinus Officinalis (Rosemary) Leaf Extract, Helianthus Annuus (Sunflower) Seed Oil, Trehalose, Xanthan Gum, Carbomer, Acacia Senegal Gum, Ceteth-20, Steareth-20, Pullulan, 1,2-Hexanediol, Caprylyl Glycol, Sorbitol, Ethylhexylglycerin, Parfum (Fragrance), Disodium Edta, Tocopherol, Tocopheryl Acetate, Potassium Sorbate, Sodium Benzoate, Chlorphenesin, Citric Acid, Sodium Hydroxide, Datem, Sunflower Seed Oil Glycerides, Santalum Album (Sandalwood) Oil, Santalol, Eugenia Caryophyllus Oil, Eugenol, Pinene.<\/p>\n","protected":false},"excerpt":{"rendered":"<div class=\"product-desc\">\n<div class=\"cms-content cms-view-more-content\">\n<div class=\"product attribute overview\">\n<div class=\"value\">Une cr\u00e8me SOS nourrissante pour les peaux s\u00e8ches et ab\u00eem\u00e9es. La Cr\u00e8me Confort Intense\u00ae s&rsquo;utilise aussi en masque r\u00e9parateur de nutrition intense.<\/div>\n<\/div>\n<\/div>\n<\/div>\n<div class=\"attribut-list skin-type\">\n<div class=\"label\">TYPE DE PEAU : Peaux s\u00e8ches<\/div>\n<\/div>\n<div class=\"attribut-list concerns\">\n<div class=\"label\">PR\u00c9OCCUPATIONS : D\u00e9shydratation<\/div>\n<\/div>\n","protected":false},"featured_media":12267,"template":"","meta":[],"product_brand":[],"product_cat":[101],"product_tag":[],"class_list":{"0":"post-3163","1":"product","2":"type-product","3":"status-publish","4":"has-post-thumbnail","6":"product_cat-visage","8":"first","9":"instock","10":"taxable","11":"shipping-taxable","12":"purchasable","13":"product-type-simple"},"_links":{"self":[{"href":"https:\/\/dolcelahulpegifts.be\/fr\/wp-json\/wp\/v2\/product\/3163","targetHints":{"allow":["GET"]}}],"collection":[{"href":"https:\/\/dolcelahulpegifts.be\/fr\/wp-json\/wp\/v2\/product"}],"about":[{"href":"https:\/\/dolcelahulpegifts.be\/fr\/wp-json\/wp\/v2\/types\/product"}],"version-history":[{"count":5,"href":"https:\/\/dolcelahulpegifts.be\/fr\/wp-json\/wp\/v2\/product\/3163\/revisions"}],"predecessor-version":[{"id":17255,"href":"https:\/\/dolcelahulpegifts.be\/fr\/wp-json\/wp\/v2\/product\/3163\/revisions\/17255"}],"wp:featuredmedia":[{"embeddable":true,"href":"https:\/\/dolcelahulpegifts.be\/fr\/wp-json\/wp\/v2\/media\/12267"}],"wp:attachment":[{"href":"https:\/\/dolcelahulpegifts.be\/fr\/wp-json\/wp\/v2\/media?parent=3163"}],"wp:term":[{"taxonomy":"product_brand","embeddable":true,"href":"https:\/\/dolcelahulpegifts.be\/fr\/wp-json\/wp\/v2\/product_brand?post=3163"},{"taxonomy":"product_cat","embeddable":true,"href":"https:\/\/dolcelahulpegifts.be\/fr\/wp-json\/wp\/v2\/product_cat?post=3163"},{"taxonomy":"product_tag","embeddable":true,"href":"https:\/\/dolcelahulpegifts.be\/fr\/wp-json\/wp\/v2\/product_tag?post=3163"}],"curies":[{"name":"wp","href":"https:\/\/api.w.org\/{rel}","templated":true}]}}