{"id":3174,"date":"2022-06-08T17:41:24","date_gmt":"2022-06-08T15:41:24","guid":{"rendered":"https:\/\/dolcelahulpegifts.duckdns.org\/?post_type=product&#038;p=3174"},"modified":"2026-01-06T14:33:16","modified_gmt":"2026-01-06T13:33:16","slug":"elixir-precieux-eclat","status":"publish","type":"product","link":"https:\/\/dolcelahulpegifts.be\/fr\/product\/elixir-precieux-eclat\/","title":{"rendered":"Elixir Pr\u00e9cieux \u00c9clat (15ml)"},"content":{"rendered":"<p style=\"text-align: left;\">L\u2019\u00c9lixir Pr\u00e9cieux\u00ae \u00c9clat est un concentr\u00e9 puissant d\u2019huiles 100% v\u00e9g\u00e9tales, riches en acides gras essentiels (Om\u00e9ga 3 et 6) sp\u00e9cialement con\u00e7u pour les peaux en recherche d&rsquo;\u00e9clat. Il associe les b\u00e9n\u00e9fices de l\u2019huile de Papaye, l\u2019huile de K\u00e9miri traditionnellement utilis\u00e9e par les Balinaises pour entretenir leur teint \u00e9clatant , \u00e0 l\u2019actif expert Retinoid-Like, qui permet d\u2019agir sur le renouvellement cellulaire et donc l&rsquo;exfoliation naturelle de la peau pour un effet resurfa\u00e7ant.<br \/>\nUn parfum frais et \u00e9nergisant telle une goutte de ros\u00e9e des for\u00eats balinaises.<br \/>\n\u00c0 utiliser en association avec la Cr\u00e8me \u00c9clat aux Cinq Fleurs\u00ae pour une peau \u00e9clatante.<\/p>\n<p style=\"text-align: left;\"><strong>Conseils d&rsquo;utilisation<\/strong> : En cure d&rsquo;un mois, appliquez matin et soir 3 \u00e0 5 gouttes avant votre cr\u00e8me Cinq Mondes, sur le visage, puis massez en mouvements circulaires ascendants.<br \/>\nNe pas utiliser chez la femme enceinte ou allaitante.<\/p>\n<p style=\"text-align: left;\"><strong>Ingredients<\/strong> : Helianthus Annuus (Sunflower) Seed Oil, Vitis Vinifera (Grape) Seed Oil*, Coco-Caprylate\/Caprate, Aleurites Moluccanus Seed Oil*, Parfum (Fragrance), Carica Papaya (Papaya) Fruit Extract*, Crithmum Maritimum Extract*, Eclipta Prostrata Extract, Eclipta Prostrata Leaf Extract, Moringa Oleifera Seed Oil, Caprylic\/Capric Triglyceride, Tocopherol, Limonene, Linalool, Geraniol, Citral, Citronellol. *Ingr\u00e9dients issus de l\u2019agriculture biologique \/ Ingredients from organic farming.<\/p>\n","protected":false},"excerpt":{"rendered":"<div class=\"product-desc\">\n<div class=\"cms-content cms-view-more-content cms-collapsed\">\n<div class=\"product attribute overview\">\n<div class=\"value\">Concentr\u00e9 d&rsquo;huiles 100% v\u00e9g\u00e9tales et certifi\u00e9 bio, ce s\u00e9rum booste naturellement l&rsquo;\u00e9clat de la peau gr\u00e2ce \u00e0 sa formule enrichie en actif resurfa\u00e7ant pour un effet \u00ab peau neuve \u00bb imm\u00e9diat. Id\u00e9al pour les peaux en recherche d&rsquo;\u00e9clat.<\/div>\n<\/div>\n<\/div>\n<\/div>\n<div class=\"attribut-list skin-type\">\n<div class=\"label\">TYPE DE PEAU : Tous types de peaux<\/div>\n<\/div>\n<p><strong>Ne pas utiliser chez la femme enceinte ou allaitante.<\/strong><\/p>\n","protected":false},"featured_media":13738,"template":"","meta":[],"product_brand":[],"product_cat":[101],"product_tag":[],"class_list":{"0":"post-3174","1":"product","2":"type-product","3":"status-publish","4":"has-post-thumbnail","6":"product_cat-visage","8":"first","9":"instock","10":"taxable","11":"shipping-taxable","12":"purchasable","13":"product-type-simple"},"_links":{"self":[{"href":"https:\/\/dolcelahulpegifts.be\/fr\/wp-json\/wp\/v2\/product\/3174","targetHints":{"allow":["GET"]}}],"collection":[{"href":"https:\/\/dolcelahulpegifts.be\/fr\/wp-json\/wp\/v2\/product"}],"about":[{"href":"https:\/\/dolcelahulpegifts.be\/fr\/wp-json\/wp\/v2\/types\/product"}],"version-history":[{"count":6,"href":"https:\/\/dolcelahulpegifts.be\/fr\/wp-json\/wp\/v2\/product\/3174\/revisions"}],"predecessor-version":[{"id":17263,"href":"https:\/\/dolcelahulpegifts.be\/fr\/wp-json\/wp\/v2\/product\/3174\/revisions\/17263"}],"wp:featuredmedia":[{"embeddable":true,"href":"https:\/\/dolcelahulpegifts.be\/fr\/wp-json\/wp\/v2\/media\/13738"}],"wp:attachment":[{"href":"https:\/\/dolcelahulpegifts.be\/fr\/wp-json\/wp\/v2\/media?parent=3174"}],"wp:term":[{"taxonomy":"product_brand","embeddable":true,"href":"https:\/\/dolcelahulpegifts.be\/fr\/wp-json\/wp\/v2\/product_brand?post=3174"},{"taxonomy":"product_cat","embeddable":true,"href":"https:\/\/dolcelahulpegifts.be\/fr\/wp-json\/wp\/v2\/product_cat?post=3174"},{"taxonomy":"product_tag","embeddable":true,"href":"https:\/\/dolcelahulpegifts.be\/fr\/wp-json\/wp\/v2\/product_tag?post=3174"}],"curies":[{"name":"wp","href":"https:\/\/api.w.org\/{rel}","templated":true}]}}