{"id":3178,"date":"2022-06-08T17:41:01","date_gmt":"2022-06-08T15:41:01","guid":{"rendered":"https:\/\/dolcelahulpegifts.duckdns.org\/?post_type=product&#038;p=3178"},"modified":"2026-01-06T14:33:28","modified_gmt":"2026-01-06T13:33:28","slug":"elixir-precieux-nourrissant","status":"publish","type":"product","link":"https:\/\/dolcelahulpegifts.be\/fr\/product\/elixir-precieux-nourrissant\/","title":{"rendered":"Elixir Pr\u00e9cieux Nourrissant (15ml)"},"content":{"rendered":"<p style=\"text-align: left;\">L\u2019\u00c9lixir Pr\u00e9cieux Nourrissant\u00ae est un concentr\u00e9 puissant d\u2019huiles 100% v\u00e9g\u00e9tales, riches en acides gras essentiels (Om\u00e9gas 3 et 6) sp\u00e9cialement adapt\u00e9 aux peaux s\u00e8ches. Son association d\u2019huile d\u2019Argan, \u00ab l\u2019Or liquide \u00bb et d\u2019huile de Carthame, est traditionnellement utilis\u00e9e au Maroc pour r\u00e9parer et revitaliser les peaux dess\u00e9ch\u00e9es par le soleil. L\u2019ajout de l\u2019actif expert \u00ab C\u00e9ramide-Booster \u00bb par les Laboratoires Cinq Mondes, permet d\u2019agir directement au c\u0153ur des cellules de l\u2019\u00e9piderme pour renforcer leur coh\u00e9sion et r\u00e9parer la barri\u00e8re cutan\u00e9e plus rapidement.<br \/>\nSon parfum aux douces notes de Fleurs d\u2019oranger transporte au c\u0153ur des orangeraies de l\u2019Atlas.<br \/>\n\u00c0 utiliser en association avec l\u2019Onguent de Jeunesse\u00ae Peaux S\u00e8ches pour une peau durablement plus saine.<\/p>\n<p style=\"text-align: left;\"><strong>Conseils d&rsquo;utilisation<\/strong> : En cure d&rsquo;un mois, appliquez matin et soir 3 \u00e0 5 gouttes avant votre cr\u00e8me sur le visage puis massez en mouvements circulaires ascendants.<\/p>\n<p style=\"text-align: left;\"><strong>Ingr\u00e9dients<\/strong> : Vitis Vinifera (Grape) Seed Oil*, Argania Spinosa Kernel Oil*, Persea Gratissima (Avocado) Oil*, Helianthus Annuus (Sunflower) Seed Oil, Carthamus Tinctorius (Safflower) Seed Oil*, Oleic\/ Linoleic\/ Linolenic Polyglycerides, Parfum (Fragrance), Octyldodecyl Pca, Daucus Carota Sativa (Carrot) Root Extract*, Rosmarinus Officinalis (Rosemary) Leaf Extract*, Tocopherol, Limonene, Linalool, Geraniol, Citral. *Ingr\u00e9dients issus de l\u2019agriculture biologique \/ Ingredients from organic farming.<\/p>\n","protected":false},"excerpt":{"rendered":"<div class=\"product-desc\">\n<div class=\"cms-content cms-view-more-content\">\n<div class=\"product attribute overview\">\n<div class=\"value\">Concentr\u00e9 d&rsquo;huiles 100% v\u00e9g\u00e9tales et certifi\u00e9 bio, ce s\u00e9rum ultra-nourrissant est sp\u00e9cialement adapt\u00e9 aux peaux s\u00e8ches en manque de nutrition et d&rsquo;hydratation.<\/div>\n<\/div>\n<\/div>\n<\/div>\n<div class=\"attribut-list skin-type\">\n<div class=\"label\">TYPE DE PEAU : Peaux s\u00e8ches<\/div>\n<\/div>\n<div class=\"attribut-list concerns\">\n<div class=\"label\">PR\u00c9OCCUPATIONS : D\u00e9shydratation<\/div>\n<\/div>\n","protected":false},"featured_media":13739,"template":"","meta":[],"product_brand":[],"product_cat":[101],"product_tag":[],"class_list":{"0":"post-3178","1":"product","2":"type-product","3":"status-publish","4":"has-post-thumbnail","6":"product_cat-visage","8":"first","9":"instock","10":"taxable","11":"shipping-taxable","12":"purchasable","13":"product-type-simple"},"_links":{"self":[{"href":"https:\/\/dolcelahulpegifts.be\/fr\/wp-json\/wp\/v2\/product\/3178","targetHints":{"allow":["GET"]}}],"collection":[{"href":"https:\/\/dolcelahulpegifts.be\/fr\/wp-json\/wp\/v2\/product"}],"about":[{"href":"https:\/\/dolcelahulpegifts.be\/fr\/wp-json\/wp\/v2\/types\/product"}],"version-history":[{"count":5,"href":"https:\/\/dolcelahulpegifts.be\/fr\/wp-json\/wp\/v2\/product\/3178\/revisions"}],"predecessor-version":[{"id":15220,"href":"https:\/\/dolcelahulpegifts.be\/fr\/wp-json\/wp\/v2\/product\/3178\/revisions\/15220"}],"wp:featuredmedia":[{"embeddable":true,"href":"https:\/\/dolcelahulpegifts.be\/fr\/wp-json\/wp\/v2\/media\/13739"}],"wp:attachment":[{"href":"https:\/\/dolcelahulpegifts.be\/fr\/wp-json\/wp\/v2\/media?parent=3178"}],"wp:term":[{"taxonomy":"product_brand","embeddable":true,"href":"https:\/\/dolcelahulpegifts.be\/fr\/wp-json\/wp\/v2\/product_brand?post=3178"},{"taxonomy":"product_cat","embeddable":true,"href":"https:\/\/dolcelahulpegifts.be\/fr\/wp-json\/wp\/v2\/product_cat?post=3178"},{"taxonomy":"product_tag","embeddable":true,"href":"https:\/\/dolcelahulpegifts.be\/fr\/wp-json\/wp\/v2\/product_tag?post=3178"}],"curies":[{"name":"wp","href":"https:\/\/api.w.org\/{rel}","templated":true}]}}