{"id":3182,"date":"2022-06-08T17:40:43","date_gmt":"2022-06-08T15:40:43","guid":{"rendered":"https:\/\/dolcelahulpegifts.duckdns.org\/?post_type=product&#038;p=3182"},"modified":"2025-10-24T12:04:27","modified_gmt":"2025-10-24T10:04:27","slug":"creme-infinite","status":"publish","type":"product","link":"https:\/\/dolcelahulpegifts.be\/fr\/product\/creme-infinite\/","title":{"rendered":"Cr\u00e8me infinit\u00e9 (50ml)"},"content":{"rendered":"<p style=\"text-align: left;\">Au coeur de la formule de la Cr\u00e8me Infinit\u00e9\u00ae retrouvez l\u2019Huile pr\u00e9cieuse de Cam\u00e9lia de l\u2019Ile de Jeju, rituel de beaut\u00e9 favori des Japonaises, connue pour ses propri\u00e9t\u00e9s anti-\u00e2ge et pour son action r\u00e9paratrice sur la barri\u00e8re cutan\u00e9e.<\/p>\n<p>Cette huile pr\u00e9cieuse a \u00e9t\u00e9 associ\u00e9e par les Laboratoires Cinq Mondes au complexe Phyto-Densit\u00e9, complexe sur-mesure qui permet de r\u00e9guler et inhiber les effets n\u00e9fastes du stress cellulaire, pour agir au niveau de la peau sur 3 param\u00e8tres cl\u00e9s : les rides install\u00e9es, la qualit\u00e9 de peau (densit\u00e9, volume, toucher) et l\u2019affaissement de l\u2019ovale du visage.<\/p>\n<p>Afin de prot\u00e9ger les cellules sur le long terme des m\u00e9faits des UVs, l\u2019Uvaxine\u00ae , actif brevet\u00e9 innovant obtenu \u00e0 partir d\u2019un extrait de Renou\u00e9e du Japon et v\u00e9ritable bouclier anti-\u00e2ge, permet d\u2019activer les d\u00e9fenses naturelles de la peau.<\/p>\n<p style=\"text-align: left;\"><strong>Conseils d&rsquo;utilisation : <\/strong>Chez vous, r\u00e9alisez un v\u00e9ritable\u00a0<span class=\"bold\">lifting naturel<\/span> en appliquant la Cr\u00e8me Infinit\u00e9 sur la zone inter-sourcilier et en effectuant des lissages profonds ascendants en alternance avec les 2 pouces. Gr\u00e2ce \u00e0 la synergie avec votre cr\u00e8me, cette man\u0153uvre effectu\u00e9e de fa\u00e7on quotidienne d\u00e9froissera cette r\u00e9gion qui se marque facilement lors de situations notamment stressantes.<\/p>\n<p style=\"text-align: left;\"><strong>Ingr\u00e9dients<\/strong> : Aqua (Water), Caprylic\/Capric Triglyceride, Glyceryl Stearate SE, Isopropyl Myristate, Lauryl Laurate, Hydrogenated Olive Oil Caprylyl Esters, Glycerin, Myristyl Myristate, Hydrogenated Olive Oil Stearyl Esters, Behenyl Alcohol, Rhus Verniciflua Peel Cera (Wax), 1,2-Hexanediol, Camellia Japonica Seed Oil, Ethylhexyl Palmitate, Parfum (Fragrance), Tocopherol, Xanthan Gum, Chlorphenesin, Acrylates\/C10-30 Alkyl Acrylate Crosspolymer, Citric Acid, Alcohol, O-Cymen-5-Ol, Benzyl Salicylate, Commiphora Mukul Resin Extract, Lecithin, Sodium Hydroxide, Helianthus Annuus (Sunflower) Seed Oil, Polydatin Glucoside, Trihydroxystearin, Hydroxycitronellal, Linalool, Soy Isoflavones, Sodium Hyaluronate, Hexapeptide-48 Hcl.<\/p>\n<p style=\"text-align: left;\">\n","protected":false},"excerpt":{"rendered":"<div class=\"product-desc\">\n<div class=\"cms-content cms-view-more-content\">\n<div class=\"product attribute overview\">\n<div class=\"value\">Un soin visage anti-\u00e2ge qui r\u00e9pare et renforce le film hydrolipidique, remod\u00e8le l&rsquo;ovale du visage et agit sur les rides, le volume et la densit\u00e9.<\/div>\n<div><\/div>\n<\/div>\n<\/div>\n<\/div>\n<div class=\"attribut-list skin-type\">\n<div class=\"label\">TYPE DE PEAU : Tous types de peaux<\/div>\n<\/div>\n<div class=\"attribut-list concerns\">\n<div class=\"label\">PREOCCUPATIONS : Perte de fermet\u00e9<\/div>\n<\/div>\n","protected":false},"featured_media":3183,"template":"","meta":[],"product_brand":[],"product_cat":[101],"product_tag":[],"class_list":{"0":"post-3182","1":"product","2":"type-product","3":"status-publish","4":"has-post-thumbnail","6":"product_cat-visage","8":"first","9":"instock","10":"taxable","11":"shipping-taxable","12":"purchasable","13":"product-type-simple"},"_links":{"self":[{"href":"https:\/\/dolcelahulpegifts.be\/fr\/wp-json\/wp\/v2\/product\/3182","targetHints":{"allow":["GET"]}}],"collection":[{"href":"https:\/\/dolcelahulpegifts.be\/fr\/wp-json\/wp\/v2\/product"}],"about":[{"href":"https:\/\/dolcelahulpegifts.be\/fr\/wp-json\/wp\/v2\/types\/product"}],"version-history":[{"count":3,"href":"https:\/\/dolcelahulpegifts.be\/fr\/wp-json\/wp\/v2\/product\/3182\/revisions"}],"predecessor-version":[{"id":17268,"href":"https:\/\/dolcelahulpegifts.be\/fr\/wp-json\/wp\/v2\/product\/3182\/revisions\/17268"}],"wp:featuredmedia":[{"embeddable":true,"href":"https:\/\/dolcelahulpegifts.be\/fr\/wp-json\/wp\/v2\/media\/3183"}],"wp:attachment":[{"href":"https:\/\/dolcelahulpegifts.be\/fr\/wp-json\/wp\/v2\/media?parent=3182"}],"wp:term":[{"taxonomy":"product_brand","embeddable":true,"href":"https:\/\/dolcelahulpegifts.be\/fr\/wp-json\/wp\/v2\/product_brand?post=3182"},{"taxonomy":"product_cat","embeddable":true,"href":"https:\/\/dolcelahulpegifts.be\/fr\/wp-json\/wp\/v2\/product_cat?post=3182"},{"taxonomy":"product_tag","embeddable":true,"href":"https:\/\/dolcelahulpegifts.be\/fr\/wp-json\/wp\/v2\/product_tag?post=3182"}],"curies":[{"name":"wp","href":"https:\/\/api.w.org\/{rel}","templated":true}]}}