{"id":3186,"date":"2022-06-08T17:40:25","date_gmt":"2022-06-08T15:40:25","guid":{"rendered":"https:\/\/dolcelahulpegifts.duckdns.org\/?post_type=product&#038;p=3186"},"modified":"2026-01-06T14:34:39","modified_gmt":"2026-01-06T13:34:39","slug":"onguent-de-jeunesse-peaux-seches","status":"publish","type":"product","link":"https:\/\/dolcelahulpegifts.be\/fr\/product\/onguent-de-jeunesse-peaux-seches\/","title":{"rendered":"Onguent de Jeunesse Peaux S\u00e8ches (50ml)"},"content":{"rendered":"<p>Cinq Mondes s\u2019est inspir\u00e9 de la pharmacop\u00e9e traditionnelle chinoise pour d\u00e9velopper les Onguents de Jeunesse\u00ae afin de restaurer l\u2019hydratation pour pr\u00e9venir les rides de d\u00e9shydratation et plus globalement, du vieillissement cutan\u00e9.<\/p>\n<p>Cet Onguent de Jeunesse\u00ae est LA solution sp\u00e9cialement formul\u00e9e pour les peaux s\u00e8ches, gr\u00e2ce \u00e0 une formule naturelle antioxydante et hydratante. Sa texture riche et onctueuse offre un v\u00e9ritable confort \u00e0 la peau, tout en diminuant les sensations de tiraillements.<br \/>\nLa peau est durablement hydrat\u00e9e et retrouve sa souplesse.<\/p>\n<p><strong>Conseils d&rsquo;utilisation<\/strong> : Matin et soir, appliquez 1 \u00e0 2 pompes sur le visage et le cou, pr\u00e9alablement nettoy\u00e9s et s\u00e9ch\u00e9s. Massez du centre vers l&rsquo;ext\u00e9rieur du visage en r\u00e9alisant des mouvements circulaires, puis de la base du cou au menton. S&rsquo;utilise seul ou associ\u00e9 \u00e0 votre s\u00e9rum Cinq Mondes.<\/p>\n<p><strong>Ingr\u00e9dients<\/strong> : Aqua (Water) \/ Eau, Caprylic\/Capric Triglyceride, Butyrospermum Parkii (Shea) Butter, Propanediol, Polyglyceryl-6 Stearate, Glycerin, Imperata Cylindrica Root Extract, Pentylene Glycol, Sesamum Indicum (Sesame) Seed Oil, Angelica Archangelica Root Extract, Sophora Japonica Flower Extract, Panax Ginseng Root Extract, Nelumbo Nucifera Flower Extract, Ceramide Np, Sodium Hyaluronate, Adenosine, Biotin, Carbomer, Hydroxyethyl Acrylate\/Sodium Acryloyldimethyl Taurate Copolymer, Sodium Benzoate, Cetearyl Alcohol, Polyglyceryl-6 Behenate, Acrylates\/C10-30 Alkyl Acrylate Crosspolymer, Ethylhexylglycerin, Polysorbate 60, Sorbitan Isostearate, Caprylyl Glycol, Citric Acid, Sodium Citrate, Potassium Sorbate, Parfum (Fragrance), Tetrasodium Glutamate Diacetate, Propylene Glycol, Citrus Aurantium Bergamia (Bergamot) Peel Oil, Juniperus Virginiana Oil, Linalool, Limonene, Tetramethyl Acetyloctahydronaphthalenes, Linalyl Acetate, Pinene, Citronellol, Cananga Odorata Oil\/Extract, Citrus Aurantium Peel Oil, Pelargonium Graveolens Flower Oil, Lavandula Oil\/Extract, Beta-Caryophyllene.<\/p>\n","protected":false},"excerpt":{"rendered":"<div class=\"product-desc\">\n<div class=\"cms-content cms-view-more-content cms-collapsed\">\n<div class=\"product attribute overview\">\n<div class=\"value\">Cette cr\u00e8me apporte une nutrition optimale, apaise les peaux d\u00e9shydrat\u00e9es et diminue les premiers signes de l&rsquo;\u00e2ge. La peau est souple et repulp\u00e9e, les rides de d\u00e9shydratation sont att\u00e9nu\u00e9es. Sa texture riche et onctueuse enveloppe la peau d&rsquo;un voile r\u00e9confortant.<\/div>\n<\/div>\n<\/div>\n<\/div>\n<div class=\"attribut-list skin-type\">\n<div class=\"label\">TYPE DE PEAU : Peaux s\u00e8ches<\/div>\n<\/div>\n<div class=\"attribut-list concerns\">\n<div class=\"label\">PR\u00c9OCCUPATIONS : D\u00e9shydratation<\/div>\n<\/div>\n","protected":false},"featured_media":10129,"template":"","meta":[],"product_brand":[],"product_cat":[101],"product_tag":[],"class_list":{"0":"post-3186","1":"product","2":"type-product","3":"status-publish","4":"has-post-thumbnail","6":"product_cat-visage","8":"first","9":"instock","10":"taxable","11":"shipping-taxable","12":"purchasable","13":"product-type-simple"},"_links":{"self":[{"href":"https:\/\/dolcelahulpegifts.be\/fr\/wp-json\/wp\/v2\/product\/3186","targetHints":{"allow":["GET"]}}],"collection":[{"href":"https:\/\/dolcelahulpegifts.be\/fr\/wp-json\/wp\/v2\/product"}],"about":[{"href":"https:\/\/dolcelahulpegifts.be\/fr\/wp-json\/wp\/v2\/types\/product"}],"version-history":[{"count":5,"href":"https:\/\/dolcelahulpegifts.be\/fr\/wp-json\/wp\/v2\/product\/3186\/revisions"}],"predecessor-version":[{"id":17270,"href":"https:\/\/dolcelahulpegifts.be\/fr\/wp-json\/wp\/v2\/product\/3186\/revisions\/17270"}],"wp:featuredmedia":[{"embeddable":true,"href":"https:\/\/dolcelahulpegifts.be\/fr\/wp-json\/wp\/v2\/media\/10129"}],"wp:attachment":[{"href":"https:\/\/dolcelahulpegifts.be\/fr\/wp-json\/wp\/v2\/media?parent=3186"}],"wp:term":[{"taxonomy":"product_brand","embeddable":true,"href":"https:\/\/dolcelahulpegifts.be\/fr\/wp-json\/wp\/v2\/product_brand?post=3186"},{"taxonomy":"product_cat","embeddable":true,"href":"https:\/\/dolcelahulpegifts.be\/fr\/wp-json\/wp\/v2\/product_cat?post=3186"},{"taxonomy":"product_tag","embeddable":true,"href":"https:\/\/dolcelahulpegifts.be\/fr\/wp-json\/wp\/v2\/product_tag?post=3186"}],"curies":[{"name":"wp","href":"https:\/\/api.w.org\/{rel}","templated":true}]}}