{"id":3189,"date":"2022-06-08T17:40:04","date_gmt":"2022-06-08T15:40:04","guid":{"rendered":"https:\/\/dolcelahulpegifts.duckdns.org\/?post_type=product&#038;p=3189"},"modified":"2026-01-06T14:33:38","modified_gmt":"2026-01-06T13:33:38","slug":"elixir-precieux-purifiant","status":"publish","type":"product","link":"https:\/\/dolcelahulpegifts.be\/fr\/product\/elixir-precieux-purifiant\/","title":{"rendered":"Elixir Pr\u00e9cieux Purifiant (15ml)"},"content":{"rendered":"<p style=\"text-align: left;\">L\u2019\u00c9lixir Pr\u00e9cieux\u00ae Purifiant est un concentr\u00e9 puissant d\u2019huiles 100 % v\u00e9g\u00e9tales et certifi\u00e9es bio.<br \/>\nSon huile de Cumin noir, sacr\u00e9e dans l\u2019\u00c9gypte ancienne, \u00e9tait traditionnellement utilis\u00e9e pour r\u00e9\u00e9quilibrer et purifier la peau. Riche en Om\u00e9ga-6 et vitamine E, elle aide \u00e0 lutter contre les imperfections. L\u2019huile de p\u00e9pins de courge, reconnue pour ses propri\u00e9t\u00e9s s\u00e9bor\u00e9gulatrices et apaisantes, compl\u00e8te cette association d\u2019huiles en contribuant \u00e0 l\u2019\u00e9quilibre naturel de la peau.<br \/>\nL\u2019ajout d\u2019actifs experts, les Phytoph\u00e9nols, permet de r\u00e9guler les exc\u00e8s de s\u00e9bum, limitant ainsi l\u2019effet peau grasse.<br \/>\nSon parfum aromatique aux notes fra\u00eeches de Bergamote, de Cannelle et de Myrrhe transporte au c\u0153ur des oasis \u00e9gyptiennes et r\u00e9veille une sensation de d\u00e9tox.<br \/>\n\u00c0 utiliser en association avec l\u2019Onguent de Jeunesse\u00ae Peaux Normales \u00e0 Mixtes.<\/p>\n<p style=\"text-align: left;\"><strong>Conseils d&rsquo;utilisation<\/strong> : En cure d&rsquo;un mois, appliquez matin et soir 3 \u00e0 5 gouttes avant votre cr\u00e8me Cinq Mondes, sur le visage, puis massez en mouvements circulaires ascendants.<br \/>\nAstuce: appliquer une goutte de l&rsquo;\u00c9lixir sur un bouton, celui-ci disparait et la peau cicatrise plus rapidement.<br \/>\nNe pas utiliser chez la femme enceinte ou allaitante.<\/p>\n<p style=\"text-align: left;\"><strong>Ingr\u00e9dients<\/strong> : Helianthus Annuus (Sunflower) Seed Oil, Vitis Vinifera (Grape) Seed Oil*, Coco-Caprylate\/Caprate, Nigella Sativa Seed Oil*, Cucurbita Pepo (Pumpkin) Seed Oil*, Parfum (Fragrance), Camelina Sativa Seed Oil*, Thymus Vulgaris (Thyme) Flower\/Leaf\/Stem Extract*, Camellia Sinensis Leaf Extract*, Mentha Spicata Flower\/Leaf\/Stem Extract*,Tocopherol, Linalool, Limonene, Citronellol, Eugenol, Geraniol, Cinnamyl Alcohol, Cinnamal, Citral. *Ingr\u00e9dients issus de l\u2019agriculture biologique \/ Ingredients from organic farming.<\/p>\n","protected":false},"excerpt":{"rendered":"<p>L&rsquo;Elixir pr\u00e9cieux purifiant est un concentr\u00e9 d&rsquo;huiles 100% v\u00e9g\u00e9tales et certifi\u00e9 bio, ce s\u00e9rum est un soin purifiant qui permet de r\u00e9tablir l\u2019\u00e9quilibre de la peau. Id\u00e9al pour les peaux mixtes \u00e0 grasses et sujettes aux imperfections.<\/p>\n<p><strong>Ne pas utiliser chez la femme enceinte ou allaitante.<\/strong><\/p>\n","protected":false},"featured_media":13740,"template":"","meta":[],"product_brand":[],"product_cat":[101],"product_tag":[],"class_list":{"0":"post-3189","1":"product","2":"type-product","3":"status-publish","4":"has-post-thumbnail","6":"product_cat-visage","8":"first","9":"instock","10":"taxable","11":"shipping-taxable","12":"purchasable","13":"product-type-simple"},"_links":{"self":[{"href":"https:\/\/dolcelahulpegifts.be\/fr\/wp-json\/wp\/v2\/product\/3189","targetHints":{"allow":["GET"]}}],"collection":[{"href":"https:\/\/dolcelahulpegifts.be\/fr\/wp-json\/wp\/v2\/product"}],"about":[{"href":"https:\/\/dolcelahulpegifts.be\/fr\/wp-json\/wp\/v2\/types\/product"}],"version-history":[{"count":5,"href":"https:\/\/dolcelahulpegifts.be\/fr\/wp-json\/wp\/v2\/product\/3189\/revisions"}],"predecessor-version":[{"id":17275,"href":"https:\/\/dolcelahulpegifts.be\/fr\/wp-json\/wp\/v2\/product\/3189\/revisions\/17275"}],"wp:featuredmedia":[{"embeddable":true,"href":"https:\/\/dolcelahulpegifts.be\/fr\/wp-json\/wp\/v2\/media\/13740"}],"wp:attachment":[{"href":"https:\/\/dolcelahulpegifts.be\/fr\/wp-json\/wp\/v2\/media?parent=3189"}],"wp:term":[{"taxonomy":"product_brand","embeddable":true,"href":"https:\/\/dolcelahulpegifts.be\/fr\/wp-json\/wp\/v2\/product_brand?post=3189"},{"taxonomy":"product_cat","embeddable":true,"href":"https:\/\/dolcelahulpegifts.be\/fr\/wp-json\/wp\/v2\/product_cat?post=3189"},{"taxonomy":"product_tag","embeddable":true,"href":"https:\/\/dolcelahulpegifts.be\/fr\/wp-json\/wp\/v2\/product_tag?post=3189"}],"curies":[{"name":"wp","href":"https:\/\/api.w.org\/{rel}","templated":true}]}}