{"id":3192,"date":"2022-06-08T17:39:43","date_gmt":"2022-06-08T15:39:43","guid":{"rendered":"https:\/\/dolcelahulpegifts.duckdns.org\/?post_type=product&#038;p=3192"},"modified":"2026-01-06T14:30:44","modified_gmt":"2026-01-06T13:30:44","slug":"essence-preprobiotique","status":"publish","type":"product","link":"https:\/\/dolcelahulpegifts.be\/fr\/product\/essence-preprobiotique\/","title":{"rendered":"Essence [Pr\u00e9+Pro]biotique (100 ml)"},"content":{"rendered":"<p style=\"text-align: left;\">L\u2019Essence [Pr\u00e9+Pro]biotique\u00ae, \u00ab cosmetic water \u00bb gorg\u00e9e d\u2019un complexe symbiotique qui renforce la barri\u00e8re cutan\u00e9e et booste les d\u00e9fenses de la peau par la multiplication et la diversification des micro-organismes alli\u00e9s, est la nouvelle innovation soin pour une peau r\u00e9ellement plus saine.<\/p>\n<p>Apr\u00e8s de longues recherches, nos scientifiques ont mis en exergue la similarit\u00e9 entre microbiote intestinal et<br \/>\nmicrobiote cutan\u00e9. Cet ensemble de micro-organismes a besoin d\u2019\u00eatre nourri et \u00e9quilibr\u00e9 pour assurer ses fonctions : prot\u00e9ger, hydrater, booster les m\u00e9canismes de d\u00e9fense de la peau et pr\u00e9venir son vieillissement.<\/p>\n<p style=\"text-align: left;\"><strong>Conseils d&rsquo;utilisation<\/strong> : Appliquez matin et soir \u00e0 la main ou \u00e0 l\u2019aide d\u2019un coton, sur une peau parfaitement nettoy\u00e9e. Id\u00e9alement avant votre s\u00e9rum ou en remplacement de celui-ci. 2-en-1, l\u2019<span class=\" bold prune\">Essence [Pr\u00e9+Pro]biotique<\/span> peut \u00eatre utilis\u00e9e :<\/p>\n<p style=\"text-align: left;\">&#8211;<strong>\u00a0En post-nettoyage<\/strong>, pour r\u00e9\u00e9quilibrer le microbiote agress\u00e9 par les diff\u00e9rents facteurs ext\u00e9rieurs (pollution, stress oxydatif, \u2026).<br \/>\n&#8211;<strong>\u00a0En pr\u00e9-soin<\/strong>, pour pr\u00e9parer la peau \u00e0 mieux recevoir les soins compl\u00e9mentaires.<\/p>\n<p style=\"text-align: left;\">Sa texture aqueuse fra\u00eeche et l\u00e9g\u00e8re p\u00e9n\u00e8tre instantan\u00e9ment. Quelques gouttes suffisent pour b\u00e9n\u00e9ficier des vertus de L\u2019<span class=\"bold prune\">Essence [Pr\u00e9+Pro]biotique<\/span>. Sans rin\u00e7age.<\/p>\n<p style=\"text-align: left;\"><strong>Ingr\u00e9dients<\/strong> : Aqua (Water) \/ Eau, Propanediol, Pentylene Glycol, Maltooligosyl Glucoside, Glycerin, Imperata Cylindrica Root Extract, Hydrogenated Starch Hydrolysate, Terminalia Ferdinandiana Fruit Extract, Angelica Archangelica Root Extract, Nelumbo Nucifera Flower Extract, Panax Ginseng Root Extract, Sophora Japonica Flower Extract, Sodium Hyaluronate, Lactobacillus Ferment Lysate, Caprylyl Glycol, Biotin, Xanthan Gum, Carbomer, Acrylates\/C10-30 Alkyl Acrylate Crosspolymer, Propylene Glycol, Parfum (Fragrance), Sodium Citrate, Benzoic Acid, Potassium Sorbate, Sodium Benzoate, Citric Acid, Sodium Hydroxide, Linalool, Limonene, Citronellol.<\/p>\n","protected":false},"excerpt":{"rendered":"<div class=\"product-desc\">\n<div class=\"cms-content cms-view-more-content cms-collapsed\">\n<div class=\"product attribute overview\">\n<div class=\"value\">Le S\u00e9rum-en-Eau qui gorge la peau d&rsquo;hydratation et pr\u00e9vient le vieillissement pr\u00e9matur\u00e9. Concentr\u00e9e en pr\u00e9biotiques et probiotiques, l&rsquo;Essence [Pr\u00e9+Pro]biotique\u00ae permet de pr\u00e9server ou de restaurer l&rsquo;\u00e9quilibre naturel de votre microbiote cutan\u00e9. C&rsquo;est prouv\u00e9 : d\u00e8s 1 semaine, 81% des personnes ont la peau visiblement plus lisse et hydrat\u00e9e** !<\/div>\n<\/div>\n<\/div>\n<\/div>\n<div class=\"attribut-list skin-type\">\n<div class=\"label\">TYPE DE PEAU : Tous types de peaux<\/div>\n<\/div>\n<div class=\"attribut-list concerns\">\n<div class=\"label\">PREOCCUPATIONS : Soins quotidiens<\/div>\n<\/div>\n","protected":false},"featured_media":17276,"template":"","meta":[],"product_brand":[],"product_cat":[101],"product_tag":[],"class_list":{"0":"post-3192","1":"product","2":"type-product","3":"status-publish","4":"has-post-thumbnail","6":"product_cat-visage","8":"first","9":"instock","10":"taxable","11":"shipping-taxable","12":"purchasable","13":"product-type-simple"},"_links":{"self":[{"href":"https:\/\/dolcelahulpegifts.be\/fr\/wp-json\/wp\/v2\/product\/3192","targetHints":{"allow":["GET"]}}],"collection":[{"href":"https:\/\/dolcelahulpegifts.be\/fr\/wp-json\/wp\/v2\/product"}],"about":[{"href":"https:\/\/dolcelahulpegifts.be\/fr\/wp-json\/wp\/v2\/types\/product"}],"version-history":[{"count":4,"href":"https:\/\/dolcelahulpegifts.be\/fr\/wp-json\/wp\/v2\/product\/3192\/revisions"}],"predecessor-version":[{"id":17644,"href":"https:\/\/dolcelahulpegifts.be\/fr\/wp-json\/wp\/v2\/product\/3192\/revisions\/17644"}],"wp:featuredmedia":[{"embeddable":true,"href":"https:\/\/dolcelahulpegifts.be\/fr\/wp-json\/wp\/v2\/media\/17276"}],"wp:attachment":[{"href":"https:\/\/dolcelahulpegifts.be\/fr\/wp-json\/wp\/v2\/media?parent=3192"}],"wp:term":[{"taxonomy":"product_brand","embeddable":true,"href":"https:\/\/dolcelahulpegifts.be\/fr\/wp-json\/wp\/v2\/product_brand?post=3192"},{"taxonomy":"product_cat","embeddable":true,"href":"https:\/\/dolcelahulpegifts.be\/fr\/wp-json\/wp\/v2\/product_cat?post=3192"},{"taxonomy":"product_tag","embeddable":true,"href":"https:\/\/dolcelahulpegifts.be\/fr\/wp-json\/wp\/v2\/product_tag?post=3192"}],"curies":[{"name":"wp","href":"https:\/\/api.w.org\/{rel}","templated":true}]}}