{"id":3196,"date":"2022-06-08T17:39:23","date_gmt":"2022-06-08T15:39:23","guid":{"rendered":"https:\/\/dolcelahulpegifts.duckdns.org\/?post_type=product&#038;p=3196"},"modified":"2026-01-06T14:38:56","modified_gmt":"2026-01-06T13:38:56","slug":"geto-supreme-le-serum","status":"publish","type":"product","link":"https:\/\/dolcelahulpegifts.be\/fr\/product\/geto-supreme-le-serum\/","title":{"rendered":"G\u00e9to Supr\u00eame Le S\u00e9rum (30ml)"},"content":{"rendered":"<p style=\"text-align: left;\">Avec une concentration maximale en extrait de G\u00e9to Biologique, G\u00e9to Supr\u00eame Le S\u00e9rum est bien plus qu\u2019un s\u00e9rum : un soin anti-\u00e2ge qui pr\u00e9vient et lutte contre tous les signes de l\u2019\u00e2ge, sur le visage et le cou.<br \/>\nSa force ? Une combinaison exceptionnelle d\u2019actifs :<br \/>\nL&rsquo;extrait de G\u00e9to Biologique hautement concentr\u00e9, associ\u00e9 au duo de peptides biomim\u00e9tiques pour r\u00e9g\u00e9n\u00e9rer et raffermir.<br \/>\nUn actif exclusif hyalu complex, associant l&rsquo;acide hyaluronique de haut poids mol\u00e9culaire et l&rsquo;Acide Glucoronique, tous deux d\u2019origine v\u00e9g\u00e9tale et naturellement pr\u00e9sents dans la peau, mais dont la production diminue dans le temps. Le premier reste en surface pour maintenir l\u2019hydratation cutan\u00e9e et lisser ainsi rides et ridules. Le second agit en profondeur pour stimuler la production d\u2019acide hyaluronique.<br \/>\nLa peau, pleinement hydrat\u00e9e, retrouve son \u00e9lasticit\u00e9. Elle est plus ferme et r\u00e9g\u00e9n\u00e9r\u00e9e. Rides et ridules sont liss\u00e9es. Le teint est frais et \u00e9clatant.<br \/>\nGr\u00e2ce \u00e0 sa texture macro-\u00e9mulsion lact\u00e9e, G\u00e9to Supr\u00eame Le S\u00e9rum se transforme en huile non grasse au contact de la peau. Les gouttelettes, renfermant les actifs, fusionnent parfaitement avec la peau. Nourrissant mais l\u00e9ger, il laisse un fini doux et velout\u00e9.<\/p>\n<p style=\"text-align: left;\"><strong>Conseils d&rsquo;utilisation<\/strong> : Gr\u00e2ce \u00e0 son exceptionnelle concentration en extrait de G\u00e9to Bio et \u00e0 son haut pouvoir de p\u00e9n\u00e9tration, une seule dose suffit pour une action imm\u00e9diate, en profondeur. Appliquer G\u00e9to Supr\u00eame Le S\u00e9rum, matin et\/ou soir, sur une peau parfaitement nettoy\u00e9e, pour d\u00e9marrer la routine beaut\u00e9.<\/p>\n<p>1. Bien appliquer le s\u00e9rum sur le visage et le cou. Effectuer des mouvements vrill\u00e9s en partant du bas du cou jusqu\u2019au haut du front.<br \/>\n2. Effectuer sur chaque c\u00f4t\u00e9 du visage un battage Kyoku-te (il consiste en des tapes l\u00e9g\u00e8res, en alternant les mains et en remontant du menton vers les joues).<br \/>\n3. Au niveau de la ride du lion, effectuer des mouvements en zig-zag altern\u00e9s-crois\u00e9s avec les index, en remontant jusqu\u2019au haut du front.<\/p>\n<p>Appliquer G\u00e9to Supr\u00eame Le S\u00e9rum, matin et\/ou soir, sur une peau parfaitement nettoy\u00e9e, pour d\u00e9marrer la routine beaut\u00e9.<\/p>\n<p style=\"text-align: left;\"><strong>Ingr\u00e9dients<\/strong> : Aqua (Water) \/ Eau, Dicaprylyl Carbonate, Coco-Caprylate\/Caprate, Butyrospermum Parkii (Shea) Butter, Glycerin, Propanediol, Hydrolyzed Yeast Extract, Cetearyl Alcohol, Microcrystalline Cellulose, Alpinia Speciosa Leaf Extract, Palmitoyl Tripeptide-1, Palmitoyltetrapeptide-7, Sodium Hyaluronate, Polyglucuronic Acid, Fibroin, Undaria Pinnatifida Extract, Lecithin, Caprylic\/Capric Triglyceride, 1,2-Hexanediol, Sorbitan Caprylate, Sodium Stearoyl Glutamate, Sodium Lactate, Carbomer, Cellulose Gum, Cetyl Hydroxyethylcellulose, Xanthan Gum, Butylene Glycol, Parfum (Fragrance), Tocopherol, Sodium Benzoate, Potassium Sorbate, Benzoic Acid, Lactic Acid, Citric Acid, Polysorbate 20, Tetramethyl Acetyloctahydronaphthalenes, Benzyl Salicylate, Hydroxycitronellal, Linalool, Cananga Odorata Oil\/Extract, Pinene.<\/p>\n","protected":false},"excerpt":{"rendered":"<p>Avec une concentration maximale en extrait de G\u00e9to Biologique, ce soin est bien plus qu&rsquo;un s\u00e9rum : un soin anti-\u00e2ge qui pr\u00e9vient et lutte contre tous les signes de l&rsquo;\u00e2ge, sur le visage et le cou.<\/p>\n","protected":false},"featured_media":3197,"template":"","meta":[],"product_brand":[],"product_cat":[101],"product_tag":[],"class_list":{"0":"post-3196","1":"product","2":"type-product","3":"status-publish","4":"has-post-thumbnail","6":"product_cat-visage","8":"first","9":"instock","10":"taxable","11":"shipping-taxable","12":"purchasable","13":"product-type-simple"},"_links":{"self":[{"href":"https:\/\/dolcelahulpegifts.be\/fr\/wp-json\/wp\/v2\/product\/3196","targetHints":{"allow":["GET"]}}],"collection":[{"href":"https:\/\/dolcelahulpegifts.be\/fr\/wp-json\/wp\/v2\/product"}],"about":[{"href":"https:\/\/dolcelahulpegifts.be\/fr\/wp-json\/wp\/v2\/types\/product"}],"version-history":[{"count":4,"href":"https:\/\/dolcelahulpegifts.be\/fr\/wp-json\/wp\/v2\/product\/3196\/revisions"}],"predecessor-version":[{"id":18593,"href":"https:\/\/dolcelahulpegifts.be\/fr\/wp-json\/wp\/v2\/product\/3196\/revisions\/18593"}],"wp:featuredmedia":[{"embeddable":true,"href":"https:\/\/dolcelahulpegifts.be\/fr\/wp-json\/wp\/v2\/media\/3197"}],"wp:attachment":[{"href":"https:\/\/dolcelahulpegifts.be\/fr\/wp-json\/wp\/v2\/media?parent=3196"}],"wp:term":[{"taxonomy":"product_brand","embeddable":true,"href":"https:\/\/dolcelahulpegifts.be\/fr\/wp-json\/wp\/v2\/product_brand?post=3196"},{"taxonomy":"product_cat","embeddable":true,"href":"https:\/\/dolcelahulpegifts.be\/fr\/wp-json\/wp\/v2\/product_cat?post=3196"},{"taxonomy":"product_tag","embeddable":true,"href":"https:\/\/dolcelahulpegifts.be\/fr\/wp-json\/wp\/v2\/product_tag?post=3196"}],"curies":[{"name":"wp","href":"https:\/\/api.w.org\/{rel}","templated":true}]}}