{"id":3201,"date":"2022-06-08T17:39:04","date_gmt":"2022-06-08T15:39:04","guid":{"rendered":"https:\/\/dolcelahulpegifts.duckdns.org\/?post_type=product&#038;p=3201"},"modified":"2025-10-24T14:56:55","modified_gmt":"2025-10-24T12:56:55","slug":"masque-visage-kaolin-et-fleurs","status":"publish","type":"product","link":"https:\/\/dolcelahulpegifts.be\/fr\/product\/masque-visage-kaolin-et-fleurs\/","title":{"rendered":"Masque Kaolin et Fleurs (60 ml)"},"content":{"rendered":"<p style=\"text-align: left;\">Cinq Mondes cr\u00e9e son premier\u00a0<span class=\"prune\">masque visage bio<\/span>, certifi\u00e9 Cosmos Organic : le\u00a0<span class=\"prune\">Masque Kaolin et Fleurs<\/span>.<\/p>\n<p style=\"text-align: left;\">Sa formule riche en\u00a0<span class=\"prune\">Argile rouge<\/span>\u00a0et\u00a0<span class=\"prune\">Kaolin blanc<\/span>\u00a0combin\u00e9s \u00e0 un\u00a0<span class=\"prune\">extrait de Citron<\/span>, absorbe l\u2019exc\u00e8s de s\u00e9bum et permet de lutter contre les imperfections tout en \u00e9liminant les toxines accumul\u00e9es sur la peau. En compl\u00e9ment, les extraits d\u2019<span class=\"prune\">acides doux des 5 Fleurs de Bali<\/span>\u00a0apportent un coup d\u2019\u00e9clat instantan\u00e9.<\/p>\n<p style=\"text-align: left;\">Ce masque de couleur nude, \u00e0 la texture fra\u00eeche, est tr\u00e8s facile \u00e0 appliquer et \u00e0 rincer. Vous allez adorer son\u00a0<span class=\"prune\">parfum bio ultra-sensoriel<\/span>\u00a0: un concentr\u00e9 aromatique frais et p\u00e9tillant aux notes d\u2019Hesp\u00e9rid\u00e9s et d\u2019Ylang-Ylang, qui mettra instantan\u00e9ment vos sens en \u00e9veil\u00a0!<\/p>\n<p style=\"text-align: left;\">Son petit plus\u00a0? Le\u00a0temps de pose\u00a0est modulable selon les besoins du moment de votre peau\u00a0pour une action rapide et efficace\u00a0!<\/p>\n<p style=\"text-align: left;\"><strong>Conseils d&rsquo;utilisation :\u00a0<\/strong>Ce masque sur mesure doit \u00eatre appliqu\u00e9 en couche g\u00e9n\u00e9reuse 1 \u00e0 2 fois par semaine sur le visage et le cou en \u00e9vitant le contour des yeux. Laisser agir 3, 5 ou 10 minutes en fonction de l\u2019effet recherch\u00e9, puis rincer.<\/p>\n<div style=\"text-align: left;\"><strong><span class=\"prune\">3 minutes = Un coup d\u2019\u00e9clat express<\/span><\/strong><\/div>\n<div style=\"text-align: left;\"><span class=\"prune\"><em>Matifie et illumine-<\/em><br \/>\n<\/span><\/div>\n<p style=\"text-align: left;\">&#8211; Absorbe l\u2019exc\u00e8s de s\u00e9bum<br \/>\n&#8211; Redonne de l\u2019\u00e9clat au teint<br \/>\n&#8211; Adoucit la peau<\/p>\n<div style=\"text-align: left;\"><strong><span class=\"prune\">5 minutes = Une peau parfaitement nette<\/span><\/strong><\/div>\n<div style=\"text-align: left;\"><span class=\"prune\"><em>Lisse et am\u00e9liore la qualit\u00e9 de peau<\/em><br \/>\n<\/span><\/div>\n<p style=\"text-align: left;\">-Resserre les pores<br \/>\n-Affine le grain de peau<br \/>\n-Lisse la peau<\/p>\n<div style=\"text-align: left;\"><strong><span class=\"prune\">10 minutes = Un pur moment cocooning<\/span><\/strong><\/div>\n<div style=\"text-align: left;\"><span class=\"prune\"><em>Purifie et d\u00e9toxifie<\/em><br \/>\n<\/span><\/div>\n<p style=\"text-align: left;\">-Elimine les impuret\u00e9s<br \/>\n-Elimine les toxines<\/p>\n<p style=\"text-align: left;\"><strong>Ingr\u00e9dients<\/strong> : Aqua (Water)\/Eau, Kaolin, Glycerin, Citrus Limon (Lemon) Fruit Extract*, Caprylic\/Capric Triglyceride, Bentonite, Illite, Ci 77891 (Titanium Dioxide), Sorbitan Caprylate, Cananga Odorata Oil\/Extract, Plumeria Rubra Flower Extract, Nelumbo Nucifera Flower Extract*, Gardenia Jasminoides Fruit Extract, Hibiscus Sabdariffa Flower Extract, Helianthus Annuus (Sunflower) Seed Oil, Sodium Stearoyl Glutamate, Xanthan Gum, Parfum (Fragrance), Tocopherol, Citric Acid, Benzyl Alcohol, Sodium Benzoate, Potassium Sorbate, Limonene, Citrus Aurantium Peel Oil, Linalyl Acetate, Linalool, Benzyl Alcohol, Geraniol, Citrus Limon (Lemon) Peel Oil. *Ingr\u00e9dients issus de l&rsquo;Agriculture Biologique \/ Ingredients from organic farming.<\/p>\n","protected":false},"excerpt":{"rendered":"<div class=\"product-desc\">\n<div class=\"cms-content cms-view-more-content cms-collapsed\">\n<div class=\"product attribute overview\">\n<div class=\"value\">Masque visage certifi\u00e9 bio et avec 99% d&rsquo;ingr\u00e9dients d&rsquo;origine naturelle, associant un duo d&rsquo;argiles \u00e0 des extraits de fruits et fleurs bio pour absorber l&rsquo;exc\u00e8s de s\u00e9bum et \u00e9liminer les toxines accumul\u00e9es, pour un teint instantan\u00e9ment purifi\u00e9 et \u00e9clatant.<\/div>\n<\/div>\n<\/div>\n<\/div>\n<div class=\"attribut-list skin-type\">\n<div class=\"label\">TYPE DE PEAU : Tous types de peaux<\/div>\n<\/div>\n","protected":false},"featured_media":5778,"template":"","meta":[],"product_brand":[],"product_cat":[101],"product_tag":[],"class_list":{"0":"post-3201","1":"product","2":"type-product","3":"status-publish","4":"has-post-thumbnail","6":"product_cat-visage","8":"first","9":"instock","10":"taxable","11":"shipping-taxable","12":"purchasable","13":"product-type-simple"},"_links":{"self":[{"href":"https:\/\/dolcelahulpegifts.be\/fr\/wp-json\/wp\/v2\/product\/3201","targetHints":{"allow":["GET"]}}],"collection":[{"href":"https:\/\/dolcelahulpegifts.be\/fr\/wp-json\/wp\/v2\/product"}],"about":[{"href":"https:\/\/dolcelahulpegifts.be\/fr\/wp-json\/wp\/v2\/types\/product"}],"version-history":[{"count":2,"href":"https:\/\/dolcelahulpegifts.be\/fr\/wp-json\/wp\/v2\/product\/3201\/revisions"}],"predecessor-version":[{"id":17285,"href":"https:\/\/dolcelahulpegifts.be\/fr\/wp-json\/wp\/v2\/product\/3201\/revisions\/17285"}],"wp:featuredmedia":[{"embeddable":true,"href":"https:\/\/dolcelahulpegifts.be\/fr\/wp-json\/wp\/v2\/media\/5778"}],"wp:attachment":[{"href":"https:\/\/dolcelahulpegifts.be\/fr\/wp-json\/wp\/v2\/media?parent=3201"}],"wp:term":[{"taxonomy":"product_brand","embeddable":true,"href":"https:\/\/dolcelahulpegifts.be\/fr\/wp-json\/wp\/v2\/product_brand?post=3201"},{"taxonomy":"product_cat","embeddable":true,"href":"https:\/\/dolcelahulpegifts.be\/fr\/wp-json\/wp\/v2\/product_cat?post=3201"},{"taxonomy":"product_tag","embeddable":true,"href":"https:\/\/dolcelahulpegifts.be\/fr\/wp-json\/wp\/v2\/product_tag?post=3201"}],"curies":[{"name":"wp","href":"https:\/\/api.w.org\/{rel}","templated":true}]}}