{"id":3205,"date":"2022-06-08T17:38:42","date_gmt":"2022-06-08T15:38:42","guid":{"rendered":"https:\/\/dolcelahulpegifts.duckdns.org\/?post_type=product&#038;p=3205"},"modified":"2025-10-24T14:53:33","modified_gmt":"2025-10-24T12:53:33","slug":"masque-hydratation-intense-aux-7-plantes-chinoises","status":"publish","type":"product","link":"https:\/\/dolcelahulpegifts.be\/fr\/product\/masque-hydratation-intense-aux-7-plantes-chinoises\/","title":{"rendered":"Masque Hydratation Intense (60ml)"},"content":{"rendered":"<p style=\"text-align: left;\">Inspir\u00e9 par les rituels de beaut\u00e9 de Wu Zetian, seule imp\u00e9ratrice r\u00e9gnante de l\u2019histoire de Chine, Cinq Mondes a alli\u00e9 la Pharmacop\u00e9e ancestrale \u00e0 une cosm\u00e9tologie de pointe pour d\u00e9velopper le Masque Hydratation Intense. Au c\u0153ur de la formule, les actifs brevet\u00e9s associ\u00e9s \u00e0 7 plantes chinoises, maintiennent la teneur en eau de l\u2019\u00e9piderme pour une hydratation instantan\u00e9e et repulpent en profondeur et prot\u00e8gent des agressions ext\u00e9rieures.<\/p>\n<p>Ce masque contient deux actifs brevet\u00e9s au pouvoir lissant et repulpant : l\u2019Imperata Cylindrica\u00ae associ\u00e9 \u00e0 l\u2019Acide Hyaluronique v\u00e9g\u00e9tal\u00ae. L\u2019association de 7 plantes chinoises telles que le Sophora Japonica, le Ginseng, le S\u00e9same et l\u2019Ang\u00e9lique Chinoise Biologique aux propri\u00e9t\u00e9s hydratantes\u00b9 et antioxydantes permet de lutter contre le stress oxydatif et pr\u00e9venir les rides de d\u00e9shydratation.<br \/>\nV\u00e9ritable masque SOS pour les peaux les plus assoiff\u00e9es, le Masque Hydratation Intense repulpe en profondeur et procure un confort imm\u00e9diat gr\u00e2ce \u00e0 sa texture gel-cr\u00e8me extra fra\u00eeche au fini velout\u00e9. Son parfum d\u00e9paysant de jasmin, bergamote et c\u00e8dre offre une exp\u00e9rience sensorielle au c\u0153ur de la Chine !<\/p>\n<p style=\"text-align: left;\"><strong>Conseils d&rsquo;utilisation<\/strong> : Le Masque Hydratation Intense est compl\u00e9mentaire \u00e0 votre cr\u00e8me visage hydratante quotidienne.<br \/>\nA utiliser 1-2 fois par semaine. Avant la pose, pr\u00e9parez votre peau et maximisez les effets du masque, en r\u00e9alisant un gommage.<br \/>\nAppliquez une noisette du masque en couche tr\u00e8s fine sur le visage et le cou, en \u00e9vitant le contour des yeux. Laissez poser 5 minutes puis rincez.<br \/>\nL\u2019astuce Multimasking : Votre peau tiraille sur les joues et brille sur certaines zones ?<br \/>\nAppliquez le Masque Kaolin et Fleurs, purifiant et d\u00e9toxifiant, sur la Zone T (front, nez, menton) et le Masque Hydratation Intense sur les joues pour hydrater et repulper la peau.<\/p>\n<p style=\"text-align: left;\"><strong>Ingr\u00e9dients<\/strong> : Aqua (Water) \/ Eau, Squalane, Glyceryl Stearate, Glycerin, Ceteareth-20, Propylene Glycol Laurate, Hydroxyethyl Urea, Imperata Cylindrica Root Extract, Ceteareth-12, Sesamum Indicum (Sesame) Seed Oil, Angelica Archangelica Root Extract, Methylpropanediol, Propylene Glycol, Carbomer, Cetearyl Alcohol, Cetyl Palmitate, Cocoglycerides, Ethylhexylglycerin, Parfum (Fragrance), Chlorphenesin, Tocopheryl Acetate, Caprylhydroxamic Acid, Ethylcellulose, Propylene Glycol Isostearate, Sodium Hyaluronate, Sodium Hydroxide, O-Cymen-5-Ol, Ammonium Lactate, Disodium Edta, Citric Acid, Caprylyl Glycol, Sophora Japonicaflower Extract, Sodiumcitrate, Panax Ginsengroot Extract, Sodium Benzoate, Nelumbo Nucifera Flower Extract, Potassium Sorbate, Acrylates\/C10- 30 Alkyl Acrylate Crosspolymer, Biotin, Citrus Aurantium Bergamia (Bergamot) Peel Oil, Juniperus Virginiana Oil, Linalool, Limonene, Tetramethyl Acetyloctahydronaphthalenes, Linalyl Acetate.<\/p>\n","protected":false},"excerpt":{"rendered":"<div class=\"product-desc\">\n<div class=\"cms-content cms-view-more-content\">\n<div class=\"product attribute overview\">\n<div class=\"value\">Un shot d&rsquo;hydratation instantan\u00e9e adapt\u00e9 \u00e0 toutes les peaux, dont les plus assoiff\u00e9es.<\/div>\n<\/div>\n<\/div>\n<\/div>\n<div class=\"attribut-list skin-type\">\n<div class=\"label\">TYPE DE PEAU : Tous types de peaux<\/div>\n<\/div>\n<div class=\"attribut-list concerns\">\n<div class=\"label\">PREOCCUPATIONS : D\u00e9shydratation<\/div>\n<\/div>\n","protected":false},"featured_media":11868,"template":"","meta":[],"product_brand":[],"product_cat":[101,113],"product_tag":[],"class_list":{"0":"post-3205","1":"product","2":"type-product","3":"status-publish","4":"has-post-thumbnail","6":"product_cat-visage","7":"product_cat-en-solo","9":"first","10":"instock","11":"taxable","12":"shipping-taxable","13":"purchasable","14":"product-type-simple"},"_links":{"self":[{"href":"https:\/\/dolcelahulpegifts.be\/fr\/wp-json\/wp\/v2\/product\/3205","targetHints":{"allow":["GET"]}}],"collection":[{"href":"https:\/\/dolcelahulpegifts.be\/fr\/wp-json\/wp\/v2\/product"}],"about":[{"href":"https:\/\/dolcelahulpegifts.be\/fr\/wp-json\/wp\/v2\/types\/product"}],"version-history":[{"count":4,"href":"https:\/\/dolcelahulpegifts.be\/fr\/wp-json\/wp\/v2\/product\/3205\/revisions"}],"predecessor-version":[{"id":17326,"href":"https:\/\/dolcelahulpegifts.be\/fr\/wp-json\/wp\/v2\/product\/3205\/revisions\/17326"}],"wp:featuredmedia":[{"embeddable":true,"href":"https:\/\/dolcelahulpegifts.be\/fr\/wp-json\/wp\/v2\/media\/11868"}],"wp:attachment":[{"href":"https:\/\/dolcelahulpegifts.be\/fr\/wp-json\/wp\/v2\/media?parent=3205"}],"wp:term":[{"taxonomy":"product_brand","embeddable":true,"href":"https:\/\/dolcelahulpegifts.be\/fr\/wp-json\/wp\/v2\/product_brand?post=3205"},{"taxonomy":"product_cat","embeddable":true,"href":"https:\/\/dolcelahulpegifts.be\/fr\/wp-json\/wp\/v2\/product_cat?post=3205"},{"taxonomy":"product_tag","embeddable":true,"href":"https:\/\/dolcelahulpegifts.be\/fr\/wp-json\/wp\/v2\/product_tag?post=3205"}],"curies":[{"name":"wp","href":"https:\/\/api.w.org\/{rel}","templated":true}]}}